{"id":1002,"date":"2025-09-23T08:26:00","date_gmt":"2025-09-23T08:26:00","guid":{"rendered":"http:\/\/lowcaly-new.local\/?page_id=1002"},"modified":"2025-10-16T07:15:19","modified_gmt":"2025-10-16T07:15:19","slug":"tavlingsvillkor","status":"publish","type":"page","link":"https:\/\/www.lowcaly.com\/sv\/tavlingsvillkor\/","title":{"rendered":"T\u00e4vlingsvillkor"},"content":{"rendered":"\n<div class=\"wp-block-lowcaly-blocks-whitespace lowcaly-whitespace\" style=\"--desktop-height:4rem;--mobile-height:4rem;height:var(--desktop-height);display:block;width:100%\"><\/div>\n\n\n\n<div class=\"wp-block-lowcaly-blocks-button lowcaly-button-block max-width--site-default\"><div class=\"button-container\"><div class=\"button-wrapper\"><div class=\"button-item\"><a class=\"btn btn-border btn-primary\" href=\"https:\/\/www.lowcaly.com\/sv\/integritetspolicy\/\">Integritetspolicy<\/a><\/div><div class=\"button-item\"><a class=\"btn btn-border btn-primary\" href=\"https:\/\/www.lowcaly.com\/sv\/cookiepolicy\/\">Cookiepolicy<\/a><\/div><\/div><\/div><\/div>\n\n\n\n<div class=\"wp-block-lowcaly-blocks-whitespace lowcaly-whitespace\" style=\"--desktop-height:4rem;--mobile-height:4rem;height:var(--desktop-height);display:block;width:100%\"><\/div>\n\n\n\n<div class=\"wp-block-lowcaly-blocks-headline lowcaly-headline max-width--site-default\"><h1 class=\"headline headline-text heading--large color-primary text-align--center\">T\u00e4vlingsvillkor<\/h1><\/div>\n\n\n\n<div class=\"wp-block-lowcaly-blocks-whitespace lowcaly-whitespace\" style=\"--desktop-height:5rem;--mobile-height:5rem;height:var(--desktop-height);display:block;width:100%\"><\/div>\n\n\n\n<div class=\"wp-block-lowcaly-blocks-simple-content lowcaly-simple-content max-width--site-narrow\"><h2 class=\"simple-content-headline heading--medium color-primary text-align--left\">ALLM\u00c4NNA T\u00c4VLINGSVILLKOR<\/h2><div class=\"simple-content-text content--medium color-primary text-align--left  \"><p>Nedan finner ni de allm\u00e4nna t\u00e4vlingsvillkor som g\u00e4ller f\u00f6r NJIE Foods ABs, org. nr 556761-7518, inklusive dess existerande samt framtida koncernbolag (nedan kallat F\u00f6retaget), t\u00e4vlingar som publiceras i F\u00f6retagets direkt kontrollerade eller i av tredje part kontrollerade kanaler. Genom att du deltar i de t\u00e4vlingar som F\u00f6retaget arrangerar godk\u00e4nner du dessa t\u00e4vlingsvillkor. Dessa t\u00e4vlingsvillkor g\u00e4ller i den m\u00e5n inget annat har angetts i ett s\u00e4rskilt T\u00e4vlingsinl\u00e4gg (definieras mer nedan). Vid skiljaktigheter mellan ett T\u00e4vlingsinl\u00e4gg och dessa t\u00e4vlingsvillkor ska T\u00e4vlingsinl\u00e4gget g\u00e4lla framf\u00f6r t\u00e4vlingsvillkoren. Om n\u00e5got inte t\u00e4cks i T\u00e4vlingsinl\u00e4gget skall dessa t\u00e4vlingsvillkor alltid fungera som bilaga och komplement.<\/p><\/div><\/div>\n\n\n\n<div class=\"wp-block-lowcaly-blocks-whitespace lowcaly-whitespace\" style=\"--desktop-height:3rem;--mobile-height:3rem;height:var(--desktop-height);display:block;width:100%\"><\/div>\n\n\n\n<div class=\"wp-block-lowcaly-blocks-simple-content lowcaly-simple-content max-width--site-narrow\"><h2 class=\"simple-content-headline heading--medium color-primary text-align--left\">OM ARRANG\u00d6REN<\/h2><div class=\"simple-content-text content--medium color-primary text-align--left  \"><p>NJIE Foods AB (org.nr. 556761-7518), bel\u00e4get p\u00e5 Kroksl\u00e4tts Fabriker 30, 431 37, M\u00f6lndal, st\u00e5r som ansvarig arrang\u00f6r f\u00f6r t\u00e4vlingar som arrangeras under varum\u00e4rkena NJIE, ProPud och Lowcaly.<\/p><\/div><\/div>\n\n\n\n<div class=\"wp-block-lowcaly-blocks-whitespace lowcaly-whitespace\" style=\"--desktop-height:3rem;--mobile-height:3rem;height:var(--desktop-height);display:block;width:100%\"><\/div>\n\n\n\n<div class=\"wp-block-lowcaly-blocks-headline lowcaly-headline max-width--site-narrow\"><h2 class=\"headline headline-text heading--medium color-primary text-align--left\">Deltagande<\/h2><\/div>\n\n\n\n<div class=\"wp-block-lowcaly-blocks-whitespace lowcaly-whitespace\" style=\"--desktop-height:1rem;--mobile-height:1rem;height:var(--desktop-height);display:block;width:100%\"><\/div>\n\n\n\n<div class=\"wp-block-lowcaly-blocks-simple-content lowcaly-simple-content max-width--site-narrow\"><h2 class=\"simple-content-headline heading--small color-primary text-align--left\">Vem f\u00e5r delta i t\u00e4vlingen?<\/h2><div class=\"simple-content-text content--medium color-primary text-align--left  \"><p>F\u00f6r att delta i n\u00e5gon av v\u00e5ra t\u00e4vlingar m\u00e5ste du vara minst 18 \u00e5r samt vara bosatt i Sverige. Anst\u00e4llda av F\u00f6retaget, av juridiska personer inom samma koncern eller av juridisk person med ekonomiskt intresse i F\u00f6retaget samt s\u00e5dana anst\u00e4lldas familjer f\u00e5r inte delta i n\u00e5gra av de t\u00e4vlingar vi arrangerar. F\u00f6retaget f\u00f6rbeh\u00e5ller sig r\u00e4tten att f\u00f6rbjuda, diskvalificera och utesluta individer fr\u00e5n att delta i t\u00e4vlingar om det misst\u00e4nks att regler missbrukas eller t\u00e4vlingen manipuleras.<\/p><\/div><\/div>\n\n\n\n<div class=\"wp-block-lowcaly-blocks-whitespace lowcaly-whitespace\" style=\"--desktop-height:2rem;--mobile-height:2rem;height:var(--desktop-height);display:block;width:100%\"><\/div>\n\n\n\n<div class=\"wp-block-lowcaly-blocks-simple-content lowcaly-simple-content max-width--site-narrow\"><h2 class=\"simple-content-headline heading--small color-primary text-align--left\">S\u00c4RSKILDA VILLKOR F\u00d6R T\u00c4VLINGAR<\/h2><div class=\"simple-content-text content--medium color-primary text-align--left  \"><p>Vid vissa tillf\u00e4llen kan specifika villkor f\u00f6r en enskild t\u00e4vling och det pris man kan vinna anges i t\u00e4vlingsinl\u00e4gget som publiceras av F\u00f6retaget i den aktuella kanalen. Varje t\u00e4vling p\u00e5g\u00e5r till det datum som anges i t\u00e4vlingsinl\u00e4gget, och bidrag som kommer in efter detta datum kommer inte att beaktas.<\/p><\/div><\/div>\n\n\n\n<div class=\"wp-block-lowcaly-blocks-whitespace lowcaly-whitespace\" style=\"--desktop-height:2rem;--mobile-height:2rem;height:var(--desktop-height);display:block;width:100%\"><\/div>\n\n\n\n<div class=\"wp-block-lowcaly-blocks-simple-content lowcaly-simple-content max-width--site-narrow\"><h2 class=\"simple-content-headline heading--small color-primary text-align--left\">S\u00e4rskilt f\u00f6r t\u00e4vlingar i sociala medier<\/h2><div class=\"simple-content-text content--medium color-primary text-align--left  \"><p>F\u00f6retagets t\u00e4vlingar som annonseras i sociala medier, s\u00e5 som Facebook eller Instagram, \u00e4r inte p\u00e5 n\u00e5got s\u00e4tt sponsrade, st\u00f6dda eller administrerade av eller associerade med den valda sociala medieplattformen. F\u00f6r att delta m\u00e5ste du ha en \u00f6ppen profil och f\u00f6lja plattformens regler.<\/p><\/div><\/div>\n\n\n\n<div class=\"wp-block-lowcaly-blocks-whitespace lowcaly-whitespace\" style=\"--desktop-height:3rem;--mobile-height:3rem;height:var(--desktop-height);display:block;width:100%\"><\/div>\n\n\n\n<div class=\"wp-block-lowcaly-blocks-headline lowcaly-headline max-width--site-narrow\"><h2 class=\"headline headline-text heading--medium color-primary text-align--left\">R\u00e4tt till anv\u00e4ndning av namn<\/h2><\/div>\n\n\n\n<div class=\"wp-block-lowcaly-blocks-whitespace lowcaly-whitespace\" style=\"--desktop-height:2rem;--mobile-height:2rem;height:var(--desktop-height);display:block;width:100%\"><\/div>\n\n\n\n<div class=\"wp-block-lowcaly-blocks-simple-content lowcaly-simple-content max-width--site-narrow\"><h2 class=\"simple-content-headline heading--small color-primary text-align--left\">Dina r\u00e4ttigheter<\/h2><div class=\"simple-content-text content--medium color-primary text-align--left  \"><p>Genom att delta i t\u00e4vlingar arrangerade av F\u00f6retaget godk\u00e4nner du att ditt namn kan anv\u00e4ndas f\u00f6r marknadsf\u00f6ring i relevanta kanaler. Genom att godk\u00e4nna dessa t\u00e4vlingsvillkor ger du dessutom oss tillst\u00e5nd att anv\u00e4nda ditt namn, utan n\u00e5gon kompensation till dig, f\u00f6r marknadsf\u00f6ring i v\u00e5ra kanaler enligt lag om namn i reklam (1978:800).<\/p><\/div><\/div>\n\n\n\n<div class=\"wp-block-lowcaly-blocks-whitespace lowcaly-whitespace\" style=\"--desktop-height:2rem;--mobile-height:2rem;height:var(--desktop-height);display:block;width:100%\"><\/div>\n\n\n\n<div class=\"wp-block-lowcaly-blocks-simple-content lowcaly-simple-content max-width--site-narrow\"><h2 class=\"simple-content-headline heading--small color-primary text-align--left\">Ansvar f\u00f6r inl\u00e4mnade bidrag<\/h2><div class=\"simple-content-text content--medium color-primary text-align--left  \"><p>Som deltagare ansvarar du f\u00f6r att ditt bidrag inte inneh\u00e5ller n\u00e5got kr\u00e4nkande eller olagligt material. Alla bidrag som anses ol\u00e4mpliga kommer omedelbart att tas bort.<\/p><\/div><\/div>\n\n\n\n<div class=\"wp-block-lowcaly-blocks-whitespace lowcaly-whitespace\" style=\"--desktop-height:2rem;--mobile-height:2rem;height:var(--desktop-height);display:block;width:100%\"><\/div>\n\n\n\n<div class=\"wp-block-lowcaly-blocks-simple-content lowcaly-simple-content max-width--site-narrow\"><h2 class=\"simple-content-headline heading--medium color-primary text-align--left\">BEHANDLING AV INSAMLADE PERSONUPPGIFTER<\/h2><div class=\"simple-content-text content--medium color-primary text-align--left  \"><p>Dina personuppgifter kommer att behandlas enligt v\u00e5r Integritetspolicy. Uppgifterna anv\u00e4nds f\u00f6r att administrera t\u00e4vlingarna, genom att t\u00e4vla godk\u00e4nner du dessa villkor och du samtycker till detta. Eftersom F\u00f6retaget arrangerar t\u00e4vlingar som kommuniceras ut p\u00e5 flera kanaler \u00e4r det viktigt att du \u00e4r inf\u00f6rst\u00e5dd i hur vi arbetar med cookies och du kan l\u00e4sa mer om detta i v\u00e5r Cookiepolicy.<\/p><\/div><\/div>\n\n\n\n<div class=\"wp-block-lowcaly-blocks-whitespace lowcaly-whitespace\" style=\"--desktop-height:3rem;--mobile-height:3rem;height:var(--desktop-height);display:block;width:100%\"><\/div>\n\n\n\n<div class=\"wp-block-lowcaly-blocks-simple-content lowcaly-simple-content max-width--site-narrow\"><h2 class=\"simple-content-headline heading--medium color-primary text-align--left\">HUR VINNARE UTSES<\/h2><div class=\"simple-content-text content--medium color-primary text-align--left  \"><p>Vinnare utses antingen genom lotteri alternativt av en jury utsedd av NJIE Foods AB. Vilket tillv\u00e4gag\u00e5ngss\u00e4tt som anv\u00e4nds varierar mellan de olika t\u00e4vlingarna. Beslutet om vinnaren \u00e4r slutgiltigt och kan inte \u00f6verklagas. F\u00f6r att vinnaren skall f\u00e5 sitt pris kommer F\u00f6retaget \u00e5terkoppla till vinnaren via relevant kanal beroende p\u00e5 den kanal d\u00e4r t\u00e4vlingen utf\u00f6rts. Det \u00e4r f\u00f6rst d\u00e5 som vinnaren blir instruerad om vilken leverans- och kontaktinformation som beh\u00f6vs f\u00f6r att kunna leverera vinsten. Om svar uteblir fr\u00e5n vinnaren under en period l\u00e4ngre \u00e4n tre arbetsdagar efter f\u00f6rsta kontakt kommer t\u00e4vlingsvinsten att g\u00e5 till n\u00e5gon annan deltagande.<\/p><\/div><\/div>\n\n\n\n<div class=\"wp-block-lowcaly-blocks-whitespace lowcaly-whitespace\" style=\"--desktop-height:3rem;--mobile-height:3rem;height:var(--desktop-height);display:block;width:100%\"><\/div>\n\n\n\n<div class=\"wp-block-lowcaly-blocks-headline lowcaly-headline max-width--site-narrow\"><h2 class=\"headline headline-text heading--medium color-primary text-align--left\">Priser och Utslag<\/h2><\/div>\n\n\n\n<div class=\"wp-block-lowcaly-blocks-whitespace lowcaly-whitespace\" style=\"--desktop-height:2rem;--mobile-height:2rem;height:var(--desktop-height);display:block;width:100%\"><\/div>\n\n\n\n<div class=\"wp-block-lowcaly-blocks-simple-content lowcaly-simple-content max-width--site-narrow\"><h2 class=\"simple-content-headline heading--small color-primary text-align--left\">Prisets leverans<\/h2><div class=\"simple-content-text content--medium color-primary text-align--left  \"><p>Hur priset delas ut kommer att best\u00e4mmas mellan vinnaren och F\u00f6retaget. Vinnare kommer att kontaktas och presenteras efter det angivna slutdatumet f\u00f6r varje t\u00e4vling.<\/p><\/div><\/div>\n\n\n\n<div class=\"wp-block-lowcaly-blocks-whitespace lowcaly-whitespace\" style=\"--desktop-height:2rem;--mobile-height:2rem;height:var(--desktop-height);display:block;width:100%\"><\/div>\n\n\n\n<div class=\"wp-block-lowcaly-blocks-simple-content lowcaly-simple-content max-width--site-narrow\"><h2 class=\"simple-content-headline heading--small color-primary text-align--left\">Skatter och avgifter<\/h2><div class=\"simple-content-text content--medium color-primary text-align--left  \"><p>Alla priser \u00e4r personliga och kan inte \u00f6verl\u00e5tas till annan samt att eventuell vinstskatt betalas av vinnaren.<\/p><\/div><\/div>\n\n\n\n<div class=\"wp-block-lowcaly-blocks-whitespace lowcaly-whitespace\" style=\"--desktop-height:2rem;--mobile-height:2rem;height:var(--desktop-height);display:block;width:100%\"><\/div>\n\n\n\n<div class=\"wp-block-lowcaly-blocks-simple-content lowcaly-simple-content max-width--site-narrow\"><h2 class=\"simple-content-headline heading--small color-primary text-align--left\">Leverans av pris<\/h2><div class=\"simple-content-text content--medium color-primary text-align--left  \"><p>Vi str\u00e4var efter att skicka ut vinster snarast m\u00f6jligt, direkt till den lyckliga vinnaren. F\u00f6retaget st\u00e5r f\u00f6r eventuella fraktkostnader av priset.<\/p><\/div><\/div>\n\n\n\n<div class=\"wp-block-lowcaly-blocks-whitespace lowcaly-whitespace\" style=\"--desktop-height:2rem;--mobile-height:2rem;height:var(--desktop-height);display:block;width:100%\"><\/div>\n\n\n\n<div class=\"wp-block-lowcaly-blocks-simple-content lowcaly-simple-content max-width--site-narrow\"><h2 class=\"simple-content-headline heading--small color-primary text-align--left\">Reklamation &amp; Bytesr\u00e4tt<\/h2><div class=\"simple-content-text content--medium color-primary text-align--left  \"><p>Vinsten kan inte bytas mot kontanter, rabatter eller andra varor. Garanti eller reklamationsr\u00e4tt g\u00e4ller inte f\u00f6r vinsten.<\/p><\/div><\/div>\n\n\n\n<div class=\"wp-block-lowcaly-blocks-whitespace lowcaly-whitespace\" style=\"--desktop-height:3rem;--mobile-height:3rem;height:var(--desktop-height);display:block;width:100%\"><\/div>\n\n\n\n<div class=\"wp-block-lowcaly-blocks-simple-content lowcaly-simple-content max-width--site-narrow\"><h2 class=\"simple-content-headline heading--medium color-primary text-align--left\">HUR VINNARE UTSES<\/h2><div class=\"simple-content-text content--medium color-primary text-align--left  \"><p>Om du har n\u00e5gra fr\u00e5gor, eller om du uppt\u00e4cker felaktiga uppgifter och vill ha dem korrigerade, tveka inte att kontakta oss p\u00e5 info@njie.com<\/p><\/div><\/div>\n\n\n\n<div class=\"wp-block-lowcaly-blocks-whitespace lowcaly-whitespace\" style=\"--desktop-height:3rem;--mobile-height:3rem;height:var(--desktop-height);display:block;width:100%\"><\/div>\n\n\n\n<div class=\"wp-block-lowcaly-blocks-simple-content lowcaly-simple-content max-width--site-narrow\"><h2 class=\"simple-content-headline heading--medium color-primary text-align--left\">\u00c4NDRINGAR I VILLKOREN<\/h2><div class=\"simple-content-text content--medium color-primary text-align--left  \"><p>NJIE Foods AB f\u00f6rbeh\u00e5ller sig r\u00e4tten att g\u00f6ra \u00e4ndringar i dessa t\u00e4vlingsregler utan f\u00f6rvarning om de finner det n\u00f6dv\u00e4ndigt.<\/p><\/div><\/div>\n\n\n\n<div class=\"wp-block-lowcaly-blocks-whitespace lowcaly-whitespace\" style=\"--desktop-height:3rem;--mobile-height:3rem;height:var(--desktop-height);display:block;width:100%\"><\/div>\n\n\n\n<div class=\"wp-block-lowcaly-blocks-headline lowcaly-headline max-width--site-narrow\"><h2 class=\"headline headline-text heading--medium color-primary text-align--left\">TEKNISKA HINDER OCH ANSVARSBEGR\u00c4NSNING<\/h2><\/div>\n\n\n\n<div class=\"wp-block-lowcaly-blocks-whitespace lowcaly-whitespace\" style=\"--desktop-height:2rem;--mobile-height:2rem;height:var(--desktop-height);display:block;width:100%\"><\/div>\n\n\n\n<div class=\"wp-block-lowcaly-blocks-simple-content lowcaly-simple-content max-width--site-narrow\"><h2 class=\"simple-content-headline heading--small color-primary text-align--left\">Tekniska problem<\/h2><div class=\"simple-content-text content--medium color-primary text-align--left  \"><p>F\u00f6retaget kan inte h\u00e5llas ansvarig f\u00f6r tekniska problem, avbrott, eller andra hinder som kan p\u00e5verka deltagandet i t\u00e4vlingen eller dess utfall. Detta inkluderar, men \u00e4r inte begr\u00e4nsat till, tekniska problem med webbplatser, sociala medier, databaser, datan\u00e4t, datorutrustning eller mjukvara.<\/p><\/div><\/div>\n\n\n\n<div class=\"wp-block-lowcaly-blocks-whitespace lowcaly-whitespace\" style=\"--desktop-height:2rem;--mobile-height:2rem;height:var(--desktop-height);display:block;width:100%\"><\/div>\n\n\n\n<div class=\"wp-block-lowcaly-blocks-simple-content lowcaly-simple-content max-width--site-narrow\"><h2 class=\"simple-content-headline heading--small color-primary text-align--left\">Tredjeparts inblandning<\/h2><div class=\"simple-content-text content--medium color-primary text-align--left  \"><p>F\u00f6retaget fr\u00e5ns\u00e4ger sig allt ansvar f\u00f6r fel, skador eller f\u00f6rluster orsakade av tredje part, inklusive men inte begr\u00e4nsat till tj\u00e4nsteleverant\u00f6rer, sociala medieplattformar eller andra deltagare.<\/p><\/div><\/div>\n\n\n\n<div class=\"wp-block-lowcaly-blocks-whitespace lowcaly-whitespace\" style=\"--desktop-height:2rem;--mobile-height:2rem;height:var(--desktop-height);display:block;width:100%\"><\/div>\n\n\n\n<div class=\"wp-block-lowcaly-blocks-simple-content lowcaly-simple-content max-width--site-narrow\"><h2 class=\"simple-content-headline heading--small color-primary text-align--left\">\u00c4ndringar i t\u00e4vlingen<\/h2><div class=\"simple-content-text content--medium color-primary text-align--left  \"><p>F\u00f6retaget f\u00f6rbeh\u00e5ller sig r\u00e4tten att g\u00f6ra \u00e4ndringar i t\u00e4vlingen, inklusive dess regler och priser, utan f\u00f6rvarning. I h\u00e4ndelse av of\u00f6rutsedda omst\u00e4ndigheter som ligger utanf\u00f6r F\u00f6retagets kontroll, kan F\u00f6retaget v\u00e4lja att avbryta, f\u00f6rl\u00e4nga, f\u00f6rkorta, modifiera eller avsluta t\u00e4vlingen.<\/p><\/div><\/div>\n\n\n\n<div class=\"wp-block-lowcaly-blocks-whitespace lowcaly-whitespace\" style=\"--desktop-height:2rem;--mobile-height:2rem;height:var(--desktop-height);display:block;width:100%\"><\/div>\n\n\n\n<div class=\"wp-block-lowcaly-blocks-simple-content lowcaly-simple-content max-width--site-narrow\"><h2 class=\"simple-content-headline heading--small color-primary text-align--left\">Force Majeure<\/h2><div class=\"simple-content-text content--medium color-primary text-align--left  \"><p>F\u00f6retaget \u00e4r inte ansvarigt f\u00f6r att uppfylla sina f\u00f6rpliktelser enligt dessa regler om det hindras av omst\u00e4ndigheter som F\u00f6retaget rimligtvis inte kunde ha f\u00f6rutsett eller som ligger utanf\u00f6r F\u00f6retagets kontroll, inklusive men inte begr\u00e4nsat till strejk, lockout, brand, \u00f6versv\u00e4mning, jordb\u00e4vning, pandemier eller andra liknande h\u00e4ndelser (Force Majeure).<\/p><\/div><\/div>\n\n\n\n<div class=\"wp-block-lowcaly-blocks-whitespace lowcaly-whitespace\" style=\"--desktop-height:3rem;--mobile-height:3rem;height:var(--desktop-height);display:block;width:100%\"><\/div>\n\n\n\n<div class=\"wp-block-lowcaly-blocks-simple-content lowcaly-simple-content max-width--site-narrow\"><h2 class=\"simple-content-headline heading--medium color-primary text-align--left\">AVSLUTANDE ORD<\/h2><div class=\"simple-content-text content--medium color-primary text-align--left  \"><p>Genom att delta bekr\u00e4ftar du att du har l\u00e4st, f\u00f6rst\u00e5tt och accepterat dessa regler. NJIE Foods AB:s beslut i alla t\u00e4vlingsrelaterade \u00e4renden \u00e4r slutgiltiga.<\/p><\/div><\/div>\n\n\n\n<div class=\"wp-block-lowcaly-blocks-whitespace lowcaly-whitespace\" style=\"--desktop-height:6rem;--mobile-height:6rem;height:var(--desktop-height);display:block;width:100%\"><\/div>\n","protected":false},"excerpt":{"rendered":"","protected":false},"author":1,"featured_media":0,"parent":0,"menu_order":0,"comment_status":"closed","ping_status":"closed","template":"","meta":{"_acf_changed":false,"footnotes":""},"class_list":["post-1002","page","type-page","status-publish","hentry"],"acf":[],"aioseo_notices":[],"_links":{"self":[{"href":"https:\/\/www.lowcaly.com\/sv\/wp-json\/wp\/v2\/pages\/1002","targetHints":{"allow":["GET"]}}],"collection":[{"href":"https:\/\/www.lowcaly.com\/sv\/wp-json\/wp\/v2\/pages"}],"about":[{"href":"https:\/\/www.lowcaly.com\/sv\/wp-json\/wp\/v2\/types\/page"}],"author":[{"embeddable":true,"href":"https:\/\/www.lowcaly.com\/sv\/wp-json\/wp\/v2\/users\/1"}],"replies":[{"embeddable":true,"href":"https:\/\/www.lowcaly.com\/sv\/wp-json\/wp\/v2\/comments?post=1002"}],"version-history":[{"count":0,"href":"https:\/\/www.lowcaly.com\/sv\/wp-json\/wp\/v2\/pages\/1002\/revisions"}],"wp:attachment":[{"href":"https:\/\/www.lowcaly.com\/sv\/wp-json\/wp\/v2\/media?parent=1002"}],"curies":[{"name":"wp","href":"https:\/\/api.w.org\/{rel}","templated":true}]}}