{"id":15,"date":"2025-07-25T15:05:06","date_gmt":"2025-07-25T15:05:06","guid":{"rendered":"http:\/\/lowcaly-new.local\/?page_id=15"},"modified":"2026-04-02T08:53:00","modified_gmt":"2026-04-02T08:53:00","slug":"startsida","status":"publish","type":"page","link":"https:\/\/www.lowcaly.com\/sv\/","title":{"rendered":"Startsida"},"content":{"rendered":"\n<div class=\"wp-block-lowcaly-blocks-hero lowcaly-hero has-mobile-media\" style=\"min-height:50vh;--mobile-min-height:50vh;--object-fit:cover\" data-content-type=\"media-only\" data-mobile-clickable=\"false\" data-mobile-click-url=\"\"><img decoding=\"async\" src=\"https:\/\/www.lowcaly.com\/wp-content\/uploads\/2026\/02\/lowcaly_applepear_header.jpg\" alt=\"\" class=\"hero-image\" \/><div class=\"mobile-media\"><img decoding=\"async\" src=\"https:\/\/www.lowcaly.com\/wp-content\/uploads\/2026\/02\/lowcaly_applepear_header_mobil.jpg\" alt=\"\" class=\"hero-mobile-image\" \/><\/div><\/div>\n\n\n\n<div class=\"wp-block-lowcaly-blocks-whitespace lowcaly-whitespace\" style=\"--desktop-height:6rem;--mobile-height:25px;height:var(--desktop-height);width:100%\"><\/div>\n\n\n\n<div class=\"wp-block-lowcaly-blocks-headline lowcaly-headline max-width--site-default color-primary\"><h1 class=\"headline headline-text heading--xlarge color-primary text-align--center\">zero sugar &#8211; hero taste<\/h1><\/div>\n\n\n\n<div class=\"wp-block-lowcaly-blocks-whitespace lowcaly-whitespace\" style=\"--desktop-height:2rem;--mobile-height:10px;height:var(--desktop-height);width:100%\"><\/div>\n\n\n<div class=\"wp-block-lowcaly-blocks-product-display max-width--fullwidth\"><div class=\"product-display-wrapper\"><div class=\"product-display product-display--row product-display--product-only\" data-auto-slideshow=\"true\" style=\"--product-height: 400px;\"><div class=\"product-display__items\"><a class=\"product-display__item product-display__item--product-only\" href=\"https:\/\/www.lowcaly.com\/sv\/produkter\/frukostdryck\/apple-pear\/\"><img decoding=\"async\" src=\"https:\/\/www.lowcaly.com\/wp-content\/uploads\/2026\/02\/LOWCALY_apples_pear_web-2-308x1024.png\" alt=\"Apples &amp; Pear\" \/><\/a><a class=\"product-display__item product-display__item--product-only\" href=\"https:\/\/www.lowcaly.com\/sv\/produkter\/frukostdryck\/tropical-bliss\/\"><img decoding=\"async\" src=\"https:\/\/www.lowcaly.com\/wp-content\/uploads\/2025\/08\/lowcaly_breakfastdrink_tropical-1-299x1024.png\" alt=\"Tropical Bliss\" \/><\/a><a class=\"product-display__item product-display__item--product-only\" href=\"https:\/\/www.lowcaly.com\/sv\/produkter\/frukostdryck\/sunny-orange\/\"><img decoding=\"async\" src=\"https:\/\/www.lowcaly.com\/wp-content\/uploads\/2025\/08\/lowcaly_breakfastdrink_sunny-2-299x1024.png\" alt=\"Sunny Orange\" \/><\/a><a class=\"product-display__item product-display__item--product-only\" href=\"https:\/\/www.lowcaly.com\/sv\/produkter\/fruktdryck\/summer\/\"><img decoding=\"async\" src=\"https:\/\/www.lowcaly.com\/wp-content\/uploads\/2026\/02\/lowcaly_tetra_Summer_web-396x1024.png\" alt=\"Summer\" \/><\/a><a class=\"product-display__item product-display__item--product-only\" href=\"https:\/\/www.lowcaly.com\/sv\/produkter\/fruktdryck\/pear\/\"><img decoding=\"async\" src=\"https:\/\/www.lowcaly.com\/wp-content\/uploads\/2025\/08\/Pear-399x1024.png\" alt=\"Pear\" \/><\/a><a class=\"product-display__item product-display__item--product-only\" href=\"https:\/\/www.lowcaly.com\/sv\/produkter\/fruktdryck\/white-peach\/\"><img decoding=\"async\" src=\"https:\/\/www.lowcaly.com\/wp-content\/uploads\/2025\/08\/White-Peach-409x1024.png\" alt=\"White Peach\" \/><\/a><a class=\"product-display__item product-display__item--product-only\" href=\"https:\/\/www.lowcaly.com\/sv\/produkter\/fruktdryck\/raspberry\/\"><img decoding=\"async\" src=\"https:\/\/www.lowcaly.com\/wp-content\/uploads\/2025\/08\/Raspberry-404x1024.png\" alt=\"Raspberry\" \/><\/a><a class=\"product-display__item product-display__item--product-only\" href=\"https:\/\/www.lowcaly.com\/sv\/produkter\/fruktdryck\/strawberry\/\"><img decoding=\"async\" src=\"https:\/\/www.lowcaly.com\/wp-content\/uploads\/2025\/08\/Strawberry-400x1024.png\" alt=\"Strawberry\" \/><\/a><a class=\"product-display__item product-display__item--product-only\" href=\"https:\/\/www.lowcaly.com\/sv\/produkter\/fruktdryck\/mango\/\"><img decoding=\"async\" src=\"https:\/\/www.lowcaly.com\/wp-content\/uploads\/2025\/08\/Mango-392x1024.png\" alt=\"Mango\" \/><\/a><\/div><div class=\"product-display-button\"><a class=\"btn btn-border btn-primary\" href=\"https:\/\/www.lowcaly.com\/sv\/produkter\/\">Se alla v\u00e5ra produkter<\/a><\/div><\/div><\/div><\/div>\n\n\n<div class=\"wp-block-lowcaly-blocks-whitespace lowcaly-whitespace\" style=\"--desktop-height:2.5rem;--mobile-height:2.5rem;height:var(--desktop-height);width:100%\"><\/div>\n\n\n\n<div class=\"wp-block-lowcaly-blocks-image-content-split lowcaly-image-content-split image-left mobile-image-top content-color-secondary content-align-center\"><div class=\"image-content-split-container\"><div class=\"image-section\"><img decoding=\"async\" src=\"https:\/\/www.lowcaly.com\/wp-content\/uploads\/2026\/02\/lowcaly_applepear_basket.jpg\" alt=\"\" class=\"split-image\" \/><\/div><div class=\"content-section\"><div class=\"content-inner\"><h2 class=\"split-headline heading--xlarge\">Ny! apples \n  pear<\/h2><div class=\"split-content content--large\"><p>Ett sockerfritt alternativ f\u00f6r frukostbordet. En krispig och l\u00e4cker blandning med smak av gr\u00f6na \u00e4pplen och saftigt p\u00e4ron, berikad med 7 essentiella vitaminer.<\/p><\/div><div class=\"split-button-container\"><a class=\"split-button btn btn-border btn-secondary\" href=\"https:\/\/www.lowcaly.com\/sv\/artiklar\/apples-pear-en-ny-sockerfri-frukostdryck-i-juicehyllan\/\">L\u00c4S MER OM FRUKOSTDRYCKEN<\/a><\/div><\/div><\/div><\/div><\/div>\n\n\n\n<div class=\"wp-block-lowcaly-blocks-hero lowcaly-hero has-mobile-media\" style=\"min-height:50vh;--mobile-min-height:50vh;--object-fit:cover;--mobile-object-fit:contain\" data-content-type=\"media-only\" data-mobile-clickable=\"false\" data-mobile-click-url=\"\"><img decoding=\"async\" src=\"https:\/\/www.lowcaly.com\/wp-content\/uploads\/2026\/03\/lowcaly_jamforelse_bild2.png\" alt=\"\" class=\"hero-image\" \/><div class=\"mobile-media\"><img decoding=\"async\" src=\"https:\/\/www.lowcaly.com\/wp-content\/uploads\/2025\/10\/lowcaly_compare_mobile.png\" alt=\"\" class=\"hero-mobile-image\" \/><\/div><\/div>\n\n\n\n<div class=\"wp-block-lowcaly-blocks-image-content-split lowcaly-image-content-split image-right mobile-image-top content-color-secondary content-align-center\"><div class=\"image-content-split-container\"><div class=\"image-section\"><img decoding=\"async\" src=\"https:\/\/www.lowcaly.com\/wp-content\/uploads\/2026\/03\/lowcaly_summer_foodscape02-1.jpg\" alt=\"\" class=\"split-image\" \/><\/div><div class=\"content-section\"><div class=\"content-inner\"><h1 class=\"split-headline heading--xlarge\">summer is here!<\/h1><div class=\"split-content content--large\"><p>Med Lowcaly Summer  vill vi bjuda in dig till en plats d\u00e4r solen alltid skiner. En fr\u00e4sch smakkombination med smak av \u00e4pple och rabarber, avrundad med mild vanilj. <\/p><p><\/p><p>Och som alltid, sockerfri och vitaminberikad. <\/p><p><\/p><\/div><div class=\"split-button-container\"><a class=\"split-button btn btn-filled btn-secondary\" href=\"https:\/\/www.lowcaly.com\/sv\/produkter\/fruktdryck\/summer\/\">L\u00c4S MER OM SUMMER<\/a><\/div><\/div><\/div><\/div><\/div>\n\n\n\n<div class=\"wp-block-lowcaly-blocks-whitespace lowcaly-whitespace\" style=\"--desktop-height:4rem;--mobile-height:4rem;height:var(--desktop-height);width:100%\"><\/div>\n\n\n\n<div class=\"wp-block-lowcaly-blocks-headline lowcaly-headline max-width--site-default\"><h2 class=\"headline headline-text heading--large color-primary text-align--center\">Inspiration<\/h2><\/div>\n\n\n<div class=\"wp-block-lowcaly-blocks-inspiration-display lowcaly-inspiration-display max-width--site-default\" data-display-mode=\"latest\" data-post-types=\"[&quot;article&quot;,&quot;news&quot;,&quot;recipe&quot;]\" data-post-type-labels=\"{&quot;article&quot;:&quot;Artiklar&quot;,&quot;news&quot;:&quot;Nyheter&quot;,&quot;recipe&quot;:&quot;Recept&quot;}\" data-selected-posts=\"[]\" data-show-post-type-filters=\"true\" data-card-max-width=\"300\" data-posts-per-page=\"6\" data-cta-text=\"L\u00e4s mer\" data-enable-pagination=\"false\" data-posts-per-page-paginated=\"12\" data-pagination-prev-label=\"Previous\" data-pagination-next-label=\"Next\" data-related-products=\"[]\" data-current-language=\"sv\" data-posts=\"[{&quot;id&quot;:1927,&quot;title&quot;:{&quot;rendered&quot;:&quot;Apples &amp;\\u00a0Pear,\\u00a0en ny sockerfri frukostdryck i juicehyllan\\u00a0&quot;},&quot;link&quot;:&quot;https:\\\/\\\/www.lowcaly.com\\\/sv\\\/artiklar\\\/apples-pear-en-ny-sockerfri-frukostdryck-i-juicehyllan\\\/&quot;,&quot;date&quot;:&quot;2026-02-10T08:59:19+00:00&quot;,&quot;featured_image&quot;:&quot;https:\\\/\\\/www.lowcaly.com\\\/wp-content\\\/uploads\\\/2026\\\/02\\\/lowcaly_applepear_podium01-768x768.jpg&quot;,&quot;excerpt&quot;:&quot;Januari \\u00e4r m\\u00e5naden d\\u00e5 m\\u00e5nga vill b\\u00f6rja om p\\u00e5 nytt. Men hur g\\u00f6r man f\\u00f6r att hitta motivationen och faktiskt&hellip;&quot;,&quot;post_type&quot;:&quot;article&quot;,&quot;post_type_singular_name&quot;:&quot;Artikel&quot;},{&quot;id&quot;:1863,&quot;title&quot;:{&quot;rendered&quot;:&quot;Nystart med Anna Haag&quot;},&quot;link&quot;:&quot;https:\\\/\\\/www.lowcaly.com\\\/sv\\\/artiklar\\\/nystart-med-anna-haag\\\/&quot;,&quot;date&quot;:&quot;2026-01-01T07:55:00+00:00&quot;,&quot;featured_image&quot;:&quot;https:\\\/\\\/www.lowcaly.com\\\/wp-content\\\/uploads\\\/2025\\\/12\\\/3S9A9577-Redigera-Redigera-scaled-e1767015995819-768x881.jpg&quot;,&quot;excerpt&quot;:&quot;Januari \\u00e4r m\\u00e5naden d\\u00e5 m\\u00e5nga vill b\\u00f6rja om p\\u00e5 nytt. Men hur g\\u00f6r man f\\u00f6r att hitta motivationen och faktiskt&hellip;&quot;,&quot;post_type&quot;:&quot;article&quot;,&quot;post_type_singular_name&quot;:&quot;Artikel&quot;},{&quot;id&quot;:1022,&quot;title&quot;:{&quot;rendered&quot;:&quot;Milky Tropical Drink&quot;},&quot;link&quot;:&quot;https:\\\/\\\/www.lowcaly.com\\\/sv\\\/recept\\\/milky-tropical-drink\\\/&quot;,&quot;date&quot;:&quot;2025-12-30T08:43:00+00:00&quot;,&quot;featured_image&quot;:&quot;https:\\\/\\\/www.lowcaly.com\\\/wp-content\\\/uploads\\\/2025\\\/09\\\/tropicalrecept_Webb02-768x768.jpg&quot;,&quot;excerpt&quot;:&quot;En kr\\u00e4mig och fr\\u00e4sch drink med tropiska vibbar \\u2013 perfekt n\\u00e4r du vill ha n\\u00e5got l\\u00e4tt, svalkande och lite exotiskt.&quot;,&quot;post_type&quot;:&quot;recipe&quot;,&quot;post_type_singular_name&quot;:&quot;Recept&quot;},{&quot;id&quot;:1842,&quot;title&quot;:{&quot;rendered&quot;:&quot;L\\u00f6ptips fr\\u00e5n Garmin&quot;},&quot;link&quot;:&quot;https:\\\/\\\/www.lowcaly.com\\\/sv\\\/artiklar\\\/loptips-fran-garmin\\\/&quot;,&quot;date&quot;:&quot;2025-12-29T12:27:52+00:00&quot;,&quot;featured_image&quot;:&quot;https:\\\/\\\/www.lowcaly.com\\\/wp-content\\\/uploads\\\/2025\\\/12\\\/3S9A9781-Redigera-Redigera-2-768x1152.jpg&quot;,&quot;excerpt&quot;:&quot;Kanske har du precis b\\u00f6rjat utforska l\\u00f6pningen, eller s\\u00e5 \\u00e4r det dags att hitta tillbaka till ett tidigare tr\\u00e4ningsflow. Oavsett&hellip;&quot;,&quot;post_type&quot;:&quot;article&quot;,&quot;post_type_singular_name&quot;:&quot;Artikel&quot;},{&quot;id&quot;:1775,&quot;title&quot;:{&quot;rendered&quot;:&quot;Morning Smoothie&quot;},&quot;link&quot;:&quot;https:\\\/\\\/www.lowcaly.com\\\/sv\\\/recept\\\/morningsmoothie\\\/&quot;,&quot;date&quot;:&quot;2025-11-19T09:18:37+00:00&quot;,&quot;featured_image&quot;:&quot;https:\\\/\\\/www.lowcaly.com\\\/wp-content\\\/uploads\\\/2025\\\/11\\\/Thereseelgquist_ver2-7296-1-768x1152.jpg&quot;,&quot;excerpt&quot;:&quot;En fruktig och uppfriskande start p\\u00e5 dagen med jordgubbar, banna och v\\u00e5r frukostdryck Sunny Orange. Kr\\u00e4migt, gott och fullt av&hellip;&quot;,&quot;post_type&quot;:&quot;recipe&quot;,&quot;post_type_singular_name&quot;:&quot;Recept&quot;},{&quot;id&quot;:1826,&quot;title&quot;:{&quot;rendered&quot;:&quot;S\\u00f6tningsmedel och vikt: Hj\\u00e4lper de eller stj\\u00e4lper de?\\u00a0&quot;},&quot;link&quot;:&quot;https:\\\/\\\/www.lowcaly.com\\\/sv\\\/artiklar\\\/sotningsmedel-och-vikt-hjalper-de-eller-stjalper-de\\\/&quot;,&quot;date&quot;:&quot;2025-11-19T07:57:37+00:00&quot;,&quot;featured_image&quot;:&quot;https:\\\/\\\/www.lowcaly.com\\\/wp-content\\\/uploads\\\/2025\\\/11\\\/80b9bf7c641f5f78_800x800ar-1-768x541.jpg&quot;,&quot;excerpt&quot;:&quot;Kan\\u00a0Zero\\u00a0Sugar dryck\\u00a0och andra sockerfria alternativ faktiskt hj\\u00e4lpa vid viktminskning \\u2013 eller g\\u00f6r de oss mer hungriga? Vi bad Ingrid Larsson,&hellip;&quot;,&quot;post_type&quot;:&quot;article&quot;,&quot;post_type_singular_name&quot;:&quot;Artikel&quot;}]\" data-server-rendered=\"true\"><div class=\"inspiration-display\"><div class=\"inspiration-display__filters\"><button class=\"btn inspiration-display__filter-btn\" data-post-type=\"article\">Artiklar<\/button><button class=\"btn inspiration-display__filter-btn\" data-post-type=\"news\">Nyheter<\/button><button class=\"btn inspiration-display__filter-btn\" data-post-type=\"recipe\">Recept<\/button><\/div><div class=\"inspiration-display__grid\" style=\"--card-max-width: 300px;\"><div class=\"inspiration-display__card\"><a href=\"https:\/\/www.lowcaly.com\/sv\/artiklar\/apples-pear-en-ny-sockerfri-frukostdryck-i-juicehyllan\/\" class=\"inspiration-display__card-link\"><div class=\"inspiration-display__image\"><img decoding=\"async\" src=\"https:\/\/www.lowcaly.com\/wp-content\/uploads\/2026\/02\/lowcaly_applepear_podium01-768x768.jpg\" alt=\"Apples &amp;\u00a0Pear,\u00a0en ny sockerfri frukostdryck i juicehyllan\u00a0\" \/><\/div><div class=\"inspiration-display__content\"><div class=\"inspiration-display__meta\"><span class=\"inspiration-display__type inspiration-display__type--article\">Artikel<\/span><\/div><h3 class=\"inspiration-display__title heading--small\">Apples &amp;\u00a0Pear,\u00a0en ny sockerfri frukostdryck i juicehyllan\u00a0<\/h3><div class=\"inspiration-display__excerpt content--medium\">Januari \u00e4r m\u00e5naden d\u00e5 m\u00e5nga vill b\u00f6rja om p\u00e5 nytt. Men hur g\u00f6r man f\u00f6r att hitta motivationen och faktiskt&hellip;<\/div><div class=\"inspiration-display__link content--medium\"><span class=\"inspiration-display__read-more\">L\u00e4s mer<svg width=\"35\" height=\"12\" viewBox=\"0 0 35 14\" class=\"article-card-arrow\">\n        <line x1=\"0\" y1=\"8\" x2=\"35\" y2=\"8\" stroke=\"currentColor\" stroke-width=\"1\"\/>\n        <polyline points=\"30,4 35,8 30,12\" fill=\"none\" stroke=\"currentColor\" stroke-width=\"1\"\/>\n    <\/svg><\/span><\/div><\/div><\/a><\/div><div class=\"inspiration-display__card\"><a href=\"https:\/\/www.lowcaly.com\/sv\/artiklar\/nystart-med-anna-haag\/\" class=\"inspiration-display__card-link\"><div class=\"inspiration-display__image\"><img decoding=\"async\" src=\"https:\/\/www.lowcaly.com\/wp-content\/uploads\/2025\/12\/3S9A9577-Redigera-Redigera-scaled-e1767015995819-768x881.jpg\" alt=\"Nystart med Anna Haag\" \/><\/div><div class=\"inspiration-display__content\"><div class=\"inspiration-display__meta\"><span class=\"inspiration-display__type inspiration-display__type--article\">Artikel<\/span><\/div><h3 class=\"inspiration-display__title heading--small\">Nystart med Anna Haag<\/h3><div class=\"inspiration-display__excerpt content--medium\">Januari \u00e4r m\u00e5naden d\u00e5 m\u00e5nga vill b\u00f6rja om p\u00e5 nytt. Men hur g\u00f6r man f\u00f6r att hitta motivationen och faktiskt&hellip;<\/div><div class=\"inspiration-display__link content--medium\"><span class=\"inspiration-display__read-more\">L\u00e4s mer<svg width=\"35\" height=\"12\" viewBox=\"0 0 35 14\" class=\"article-card-arrow\">\n        <line x1=\"0\" y1=\"8\" x2=\"35\" y2=\"8\" stroke=\"currentColor\" stroke-width=\"1\"\/>\n        <polyline points=\"30,4 35,8 30,12\" fill=\"none\" stroke=\"currentColor\" stroke-width=\"1\"\/>\n    <\/svg><\/span><\/div><\/div><\/a><\/div><div class=\"inspiration-display__card\"><a href=\"https:\/\/www.lowcaly.com\/sv\/recept\/milky-tropical-drink\/\" class=\"inspiration-display__card-link\"><div class=\"inspiration-display__image\"><img decoding=\"async\" src=\"https:\/\/www.lowcaly.com\/wp-content\/uploads\/2025\/09\/tropicalrecept_Webb02-768x768.jpg\" alt=\"Milky Tropical Drink\" \/><\/div><div class=\"inspiration-display__content\"><div class=\"inspiration-display__meta\"><span class=\"inspiration-display__type inspiration-display__type--recipe\">Recept<\/span><\/div><h3 class=\"inspiration-display__title heading--small\">Milky Tropical Drink<\/h3><div class=\"inspiration-display__excerpt content--medium\">En kr\u00e4mig och fr\u00e4sch drink med tropiska vibbar \u2013 perfekt n\u00e4r du vill ha n\u00e5got l\u00e4tt, svalkande och lite exotiskt.<\/div><div class=\"inspiration-display__link content--medium\"><span class=\"inspiration-display__read-more\">L\u00e4s mer<svg width=\"35\" height=\"12\" viewBox=\"0 0 35 14\" class=\"article-card-arrow\">\n        <line x1=\"0\" y1=\"8\" x2=\"35\" y2=\"8\" stroke=\"currentColor\" stroke-width=\"1\"\/>\n        <polyline points=\"30,4 35,8 30,12\" fill=\"none\" stroke=\"currentColor\" stroke-width=\"1\"\/>\n    <\/svg><\/span><\/div><\/div><\/a><\/div><div class=\"inspiration-display__card\"><a href=\"https:\/\/www.lowcaly.com\/sv\/artiklar\/loptips-fran-garmin\/\" class=\"inspiration-display__card-link\"><div class=\"inspiration-display__image\"><img decoding=\"async\" src=\"https:\/\/www.lowcaly.com\/wp-content\/uploads\/2025\/12\/3S9A9781-Redigera-Redigera-2-768x1152.jpg\" alt=\"L\u00f6ptips fr\u00e5n Garmin\" \/><\/div><div class=\"inspiration-display__content\"><div class=\"inspiration-display__meta\"><span class=\"inspiration-display__type inspiration-display__type--article\">Artikel<\/span><\/div><h3 class=\"inspiration-display__title heading--small\">L\u00f6ptips fr\u00e5n Garmin<\/h3><div class=\"inspiration-display__excerpt content--medium\">Kanske har du precis b\u00f6rjat utforska l\u00f6pningen, eller s\u00e5 \u00e4r det dags att hitta tillbaka till ett tidigare tr\u00e4ningsflow. Oavsett&hellip;<\/div><div class=\"inspiration-display__link content--medium\"><span class=\"inspiration-display__read-more\">L\u00e4s mer<svg width=\"35\" height=\"12\" viewBox=\"0 0 35 14\" class=\"article-card-arrow\">\n        <line x1=\"0\" y1=\"8\" x2=\"35\" y2=\"8\" stroke=\"currentColor\" stroke-width=\"1\"\/>\n        <polyline points=\"30,4 35,8 30,12\" fill=\"none\" stroke=\"currentColor\" stroke-width=\"1\"\/>\n    <\/svg><\/span><\/div><\/div><\/a><\/div><div class=\"inspiration-display__card\"><a href=\"https:\/\/www.lowcaly.com\/sv\/recept\/morningsmoothie\/\" class=\"inspiration-display__card-link\"><div class=\"inspiration-display__image\"><img decoding=\"async\" src=\"https:\/\/www.lowcaly.com\/wp-content\/uploads\/2025\/11\/Thereseelgquist_ver2-7296-1-768x1152.jpg\" alt=\"Morning Smoothie\" \/><\/div><div class=\"inspiration-display__content\"><div class=\"inspiration-display__meta\"><span class=\"inspiration-display__type inspiration-display__type--recipe\">Recept<\/span><\/div><h3 class=\"inspiration-display__title heading--small\">Morning Smoothie<\/h3><div class=\"inspiration-display__excerpt content--medium\">En fruktig och uppfriskande start p\u00e5 dagen med jordgubbar, banna och v\u00e5r frukostdryck Sunny Orange. Kr\u00e4migt, gott och fullt av&hellip;<\/div><div class=\"inspiration-display__link content--medium\"><span class=\"inspiration-display__read-more\">L\u00e4s mer<svg width=\"35\" height=\"12\" viewBox=\"0 0 35 14\" class=\"article-card-arrow\">\n        <line x1=\"0\" y1=\"8\" x2=\"35\" y2=\"8\" stroke=\"currentColor\" stroke-width=\"1\"\/>\n        <polyline points=\"30,4 35,8 30,12\" fill=\"none\" stroke=\"currentColor\" stroke-width=\"1\"\/>\n    <\/svg><\/span><\/div><\/div><\/a><\/div><div class=\"inspiration-display__card\"><a href=\"https:\/\/www.lowcaly.com\/sv\/artiklar\/sotningsmedel-och-vikt-hjalper-de-eller-stjalper-de\/\" class=\"inspiration-display__card-link\"><div class=\"inspiration-display__image\"><img decoding=\"async\" src=\"https:\/\/www.lowcaly.com\/wp-content\/uploads\/2025\/11\/80b9bf7c641f5f78_800x800ar-1-768x541.jpg\" alt=\"S\u00f6tningsmedel och vikt: Hj\u00e4lper de eller stj\u00e4lper de?\u00a0\" \/><\/div><div class=\"inspiration-display__content\"><div class=\"inspiration-display__meta\"><span class=\"inspiration-display__type inspiration-display__type--article\">Artikel<\/span><\/div><h3 class=\"inspiration-display__title heading--small\">S\u00f6tningsmedel och vikt: Hj\u00e4lper de eller stj\u00e4lper de?\u00a0<\/h3><div class=\"inspiration-display__excerpt content--medium\">Kan\u00a0Zero\u00a0Sugar dryck\u00a0och andra sockerfria alternativ faktiskt hj\u00e4lpa vid viktminskning \u2013 eller g\u00f6r de oss mer hungriga? Vi bad Ingrid Larsson,&hellip;<\/div><div class=\"inspiration-display__link content--medium\"><span class=\"inspiration-display__read-more\">L\u00e4s mer<svg width=\"35\" height=\"12\" viewBox=\"0 0 35 14\" class=\"article-card-arrow\">\n        <line x1=\"0\" y1=\"8\" x2=\"35\" y2=\"8\" stroke=\"currentColor\" stroke-width=\"1\"\/>\n        <polyline points=\"30,4 35,8 30,12\" fill=\"none\" stroke=\"currentColor\" stroke-width=\"1\"\/>\n    <\/svg><\/span><\/div><\/div><\/a><\/div><\/div><\/div><\/div>\n\n\n<div class=\"wp-block-lowcaly-blocks-whitespace lowcaly-whitespace\" style=\"--desktop-height:2rem;--mobile-height:2rem;height:var(--desktop-height);width:100%\"><\/div>\n\n\n\n<div class=\"wp-block-lowcaly-blocks-button lowcaly-button-block max-width--site-default\"><div class=\"button-container\"><div class=\"button-wrapper\"><div class=\"button-item\"><a class=\"btn btn-border btn-primary\" href=\"https:\/\/www.lowcaly.com\/sv\/inspiration\/\">Se mer inspiration<\/a><\/div><\/div><\/div><\/div>\n\n\n\n<div class=\"wp-block-lowcaly-blocks-whitespace lowcaly-whitespace\" style=\"--desktop-height:10rem;--mobile-height:10rem;height:var(--desktop-height);width:100%\"><\/div>\n\n\n<div class=\"wp-block-lowcaly-blocks-instagram lowcaly-instagram-block max-width--site-default\"><h2 class=\"instagram-headline heading--large color-primary text-align--center\">F\u00f6lj oss p\u00e5 Instagram<\/h2><div class=\"instagram-grid\"><div class=\"instagram-item\"><a href=\"https:\/\/www.instagram.com\/p\/DXq6Qo3gvR3\" target=\"_blank\" rel=\"noopener noreferrer\"><img decoding=\"async\" src=\"https:\/\/www.lowcaly.com\/wp-content\/uploads\/2026\/04\/682102794_18068277131664870_8594651026535036505_n-768x1365.jpg\" alt=\"Our worst breakup? \ud83d\udc94 Sugar\u2026\nOur new crush? Apples &amp; Pear \ud83d\ude2e\u200d\ud83d\udca8\nHave you tried it yet? #Lowcaly #ZeroSugar\" \/><\/a><\/div><div class=\"instagram-item\"><a href=\"https:\/\/www.instagram.com\/p\/DXi6aeUFsKz\" target=\"_blank\" rel=\"noopener noreferrer\"><img decoding=\"async\" src=\"https:\/\/www.lowcaly.com\/wp-content\/uploads\/2026\/04\/680239483_18067876394664870_5162263694329411927_n-768x960.jpg\" alt=\"Good mornings start here \ud83d\udc9b\nSunny Orange &amp; Tropical Bliss.\n\n#Lowcaly #Zerosugar\" \/><\/a><\/div><div class=\"instagram-item\"><a href=\"https:\/\/www.instagram.com\/p\/DXZJFwvFi2e\" target=\"_blank\" rel=\"noopener noreferrer\"><img decoding=\"async\" src=\"https:\/\/www.lowcaly.com\/wp-content\/uploads\/2026\/04\/671115995_18067345922664870_5535405712963367698_n-768x960.jpg\" alt=\"Pick your favourite \ud83d\udc49 \nZero sugar. Hero taste\n\n#Lowcaly #ZeroSugar\" \/><\/a><\/div><div class=\"instagram-item\"><a href=\"https:\/\/www.instagram.com\/p\/DXOunn8Fqj7\" target=\"_blank\" rel=\"noopener noreferrer\"><img decoding=\"async\" src=\"https:\/\/www.lowcaly.com\/wp-content\/uploads\/2026\/04\/670540940_18066832028664870_524689836030658119_n-768x960.jpg\" alt=\"Something fresh, fizzy and a little extra? Say less \ud83e\udef6\n\nSparkling Raspberry Lemonade \ud83c\udf4b\n\nYou need:\n\u2022 500 ml Lowcaly Raspberry\n\u2022 3\u20134 lemon slices\n\u2022 100 ml sparkling water\n\u2022 Crushed ice\n\u2022 Fresh coriander\n\nHow to:\n\u2022 Fill a glass with crushed ice\n\u2022 Add Lowcaly Raspberry + squeeze lemon\n\u2022 Top with sparkling water\n\u2022 Garnish with coriander \n\nSave this one for later \ud83e\udd1d\ud83c\udffd\n\n#Lowcaly #ZeroSugar\" \/><\/a><\/div><\/div><\/div>\n\n\n<div class=\"wp-block-lowcaly-blocks-whitespace lowcaly-whitespace\" style=\"--desktop-height:8rem;--mobile-height:8rem;height:var(--desktop-height);width:100%\"><\/div>\n","protected":false},"excerpt":{"rendered":"","protected":false},"author":1,"featured_media":0,"parent":0,"menu_order":0,"comment_status":"closed","ping_status":"closed","template":"","meta":{"_acf_changed":false,"footnotes":""},"class_list":["post-15","page","type-page","status-publish","hentry"],"acf":[],"aioseo_notices":[],"_links":{"self":[{"href":"https:\/\/www.lowcaly.com\/sv\/wp-json\/wp\/v2\/pages\/15","targetHints":{"allow":["GET"]}}],"collection":[{"href":"https:\/\/www.lowcaly.com\/sv\/wp-json\/wp\/v2\/pages"}],"about":[{"href":"https:\/\/www.lowcaly.com\/sv\/wp-json\/wp\/v2\/types\/page"}],"author":[{"embeddable":true,"href":"https:\/\/www.lowcaly.com\/sv\/wp-json\/wp\/v2\/users\/1"}],"replies":[{"embeddable":true,"href":"https:\/\/www.lowcaly.com\/sv\/wp-json\/wp\/v2\/comments?post=15"}],"version-history":[{"count":0,"href":"https:\/\/www.lowcaly.com\/sv\/wp-json\/wp\/v2\/pages\/15\/revisions"}],"wp:attachment":[{"href":"https:\/\/www.lowcaly.com\/sv\/wp-json\/wp\/v2\/media?parent=15"}],"curies":[{"name":"wp","href":"https:\/\/api.w.org\/{rel}","templated":true}]}}