{"id":2064,"date":"2026-05-05T15:53:40","date_gmt":"2026-05-05T15:53:40","guid":{"rendered":"https:\/\/www.lowcaly.com\/?page_id=2064"},"modified":"2026-05-07T07:17:31","modified_gmt":"2026-05-07T07:17:31","slug":"traningsresa","status":"publish","type":"page","link":"https:\/\/www.lowcaly.com\/sv\/traningsresa\/","title":{"rendered":"Tr\u00e4ningsresa"},"content":{"rendered":"\n<div class=\"wp-block-lowcaly-blocks-hero lowcaly-hero has-mobile-media\" style=\"min-height:50vh;--mobile-min-height:50vh;--object-fit:cover\" data-content-type=\"media-only\" data-mobile-clickable=\"false\" data-mobile-click-url=\"\"><img decoding=\"async\" src=\"https:\/\/www.lowcaly.com\/wp-content\/uploads\/2026\/05\/Lowcaly_Webb_DT_TopImage_2500X2050.jpg\" alt=\"\" class=\"hero-image\"\/><div class=\"mobile-media\"><img decoding=\"async\" src=\"https:\/\/www.lowcaly.com\/wp-content\/uploads\/2026\/05\/Lowcaly_Webb_MB_TopImage_1500X1750.jpg\" alt=\"\" class=\"hero-mobile-image\"\/><\/div><\/div>\n\n\n\n<div class=\"wp-block-lowcaly-blocks-lowcaly-rows lowcaly-rows max-width--fullwidth background-primary\"><div class=\"lowcaly-rows-inner\" style=\"display:flex;flex-direction:column;gap:1.5rem;--mobile-gap:1rem\">\n<div class=\"wp-block-lowcaly-blocks-lowcaly-row lowcaly-row\">\n<div class=\"wp-block-lowcaly-blocks-whitespace lowcaly-whitespace\" style=\"--desktop-height:2rem;--mobile-height:2rem;height:var(--desktop-height);display:block;width:100%\"><\/div>\n\n\n\n<div class=\"wp-block-lowcaly-blocks-headline lowcaly-headline max-width--fullwidth\"><h1 class=\"headline headline-text heading--xlarge color-secondary text-align--center\">VINN EN TR\u00c4NINGSRESA!<\/h1><\/div>\n\n\n\n<div class=\"wp-block-lowcaly-blocks-simple-content lowcaly-simple-content max-width--site-narrow\"><div class=\"simple-content-text content--medium color-secondary text-align--center  \"><p>Spela v\u00e5rt spel och t\u00e4vla om en tr\u00e4ningsresa f\u00f6r tv\u00e5 till ett v\u00e4rde av 35 000 SEK! Varje vecka vinner dessutom topp 10 med h\u00f6gst high score en Lowcaly.<\/p><\/div><\/div>\n\n\n\n<div class=\"wp-block-lowcaly-blocks-whitespace lowcaly-whitespace\" style=\"--desktop-height:2rem;--mobile-height:2rem;height:var(--desktop-height);display:block;width:100%\"><\/div>\n<\/div>\n\n\n\n<div class=\"wp-block-lowcaly-blocks-lowcaly-row lowcaly-row\">\n<div class=\"wp-block-lowcaly-blocks-headline lowcaly-headline max-width--site-default\"><h2 class=\"headline headline-text heading--large color-secondary text-align--center\">S\u00c5H\u00c4R SPELAR DU:<\/h2><\/div>\n\n\n\n<div class=\"wp-block-lowcaly-blocks-simple-content lowcaly-simple-content max-width--site-super-narrow\"><div class=\"simple-content-text content--medium color-secondary text-align--center  \"><p>Dra f\u00f6r att matcha block. Matchar du fem eller fler f\u00e5r du ett extra drag, och l\u00e4nkar du ihop det f\u00f6rsta och sista blocket f\u00e5r du bonuspo\u00e4ng.<\/p><p>Lycka till!<\/p><\/div><\/div>\n\n\n\n<div class=\"wp-block-lowcaly-blocks-whitespace lowcaly-whitespace\" style=\"--desktop-height:2rem;--mobile-height:2rem;height:var(--desktop-height);display:block;width:100%\"><\/div>\n<\/div>\n<\/div><\/div>\n\n\n\n<style>\n.flarie-wrapper{margin:0!important;}\n<\/style>\n<script id=\"embed-script-v1\" type=\"application\/javascript\" height=\"90vh\" expander=\"true\" src=\"https:\/\/play.flarie.com\/embed.js\" embed-url=\"https:\/\/game.flarie.com\/games\/dots\/38d1aa90-084b-43b8-912d-46f2408080b2\"><\/script>\n\n\n\n<div class=\"wp-block-lowcaly-blocks-lowcaly-rows lowcaly-rows max-width--fullwidth background-primary\"><div class=\"lowcaly-rows-inner\" style=\"display:flex;flex-direction:column;gap:1.5rem;--mobile-gap:1rem\">\n<div class=\"wp-block-lowcaly-blocks-lowcaly-row lowcaly-row\">\n<div class=\"wp-block-lowcaly-blocks-whitespace lowcaly-whitespace\" style=\"--desktop-height:2rem;--mobile-height:2rem;height:var(--desktop-height);display:block;width:100%\"><\/div>\n\n\n\n<div class=\"wp-block-lowcaly-blocks-accordion lowcaly-accordion max-width--site-narrow color-secondary\"><details class=\"accordion-item\"><summary class=\"accordion-summary\"><span class=\"accordion-title heading--medium\">T\u00e4vlingsvillkor<\/span><\/summary><div class=\"accordion-content content--small\"><p><strong>T\u00e4vlingsvillkor Lowcaly sommar-kampanj<\/strong><\/p><p>Villkor t\u00e4vling Lowcaly: <a href=\"https:\/\/www.lowcaly.com\/sv\/tavlingsvillkor\/\" target=\"_blank\" rel=\"noopener\" title=\"\">https:\/\/www.lowcaly.com\/sv\/tavlingsvillkor\/<\/a><br>Villkor g\u00e4llande presentkort p\u00e5 Apollo: <a href=\"https:\/\/www.apollo.se\/infor-resan\/betala-resa\/presentkort\" target=\"_blank\" rel=\"noopener\" title=\"\">https:\/\/www.apollo.se\/infor-resan\/betala-resa\/presentkort<\/a><br>Tr\u00e4ningsresor hos Apollo: <a href=\"https:\/\/www.apollo.se\/resor\/traningsresor\" target=\"_blank\" rel=\"noopener\" title=\"\">https:\/\/www.apollo.se\/resor\/traningsresor<\/a><\/p><p><strong>Lowcaly Sommarkampanj 2026 \u2013 Vinn en tr\u00e4ningsresa!<\/strong><br>Registrering till t\u00e4vlingen sker mellan vecka 18\u201333, och avslutas 15.8.2026.<br>Vinsten best\u00e5r av presentkort totalt v\u00e4rt 35 000:- (tr\u00e4ningsresa f\u00f6r 2) fr\u00e5n Apollo.<\/p><p>Vinnaren av tr\u00e4ningsresan lottas ut slumpm\u00e4ssigt av NJIE Foods AB och kommer att kontaktas via e-post av NJIE senast 25.3.8.2026. Om uteblivet svar fr\u00e5n vinnaren inom 1 vecka (senast 1.9.2026) kommer en ny vinnare att dras samt kontaktas, vilket inte kan inte \u00f6verklagas. NJIE tar inget ansvar f\u00f6r om man angivet fel mailadress eller om mejlutskicket hamnar i ev. skr\u00e4ppost.<\/p><p>Du deltar genom att t\u00e4vla i v\u00e5rt spel via Flaire. Matcha block genom att dra. Om du matchar fem eller fler f\u00e5r du ett extra drag och om du l\u00e4nkar ihop det f\u00f6rsta och sista blocket f\u00e5r du bonuspo\u00e4ng.<\/p><p>Du intygar f\u00f6ljande: Jag \u00e4r \u00f6ver 18 \u00e5r och bosatt i Sverige samt att du f\u00f6ljer Lowcaly.<\/p><p>Jag godk\u00e4nner villkoren f\u00f6r t\u00e4vlingen och \u00e4r medveten om att min e-post kan komma att anv\u00e4ndas av Lowcaly i marknadsf\u00f6ringssyfte (nyhetsbrev).<\/p><p>N\u00e4r du deltar i spelet har du f\u00f6rutom Tr\u00e4ningsresan m\u00f6jlighet att vinna produktcheck f\u00f6r Lowcaly att h\u00e4mta ut i butik. Varje vecka under t\u00e4vlingsperioden kommer de 10st personer som har h\u00f6gst high score att f\u00e5 en kupong skickat till sig via mejl. Man kan bara vinna en kupong en g\u00e5ng per person, men \u00e4r fortfarande med i utlottningen av tr\u00e4ningsresan.<\/p><p>(Denna t\u00e4vling \u00e4r inte sponsrad, organiserad av eller administrerad i samarbete med Apollo)<\/p><\/div><\/details><\/div>\n\n\n\n<div class=\"wp-block-lowcaly-blocks-whitespace lowcaly-whitespace\" style=\"--desktop-height:2rem;--mobile-height:2rem;height:var(--desktop-height);display:block;width:100%\"><\/div>\n<\/div>\n<\/div><\/div>\n\n\n\n<div class=\"wp-block-lowcaly-blocks-whitespace lowcaly-whitespace\" style=\"--desktop-height:2rem;--mobile-height:2rem;height:var(--desktop-height);display:block;width:100%\"><\/div>\n\n\n\n<div class=\"wp-block-lowcaly-blocks-headline lowcaly-headline max-width--site-narrow\"><h2 class=\"headline headline-text heading--large color-primary text-align--center\">Lowcaly g\u00f6r det enkelt att v\u00e4lja sockerfritt, utan att kompromissa med smaken.<\/h2><\/div>\n\n\n<div class=\"wp-block-lowcaly-blocks-product-display max-width--site-default\"><div class=\"product-display-wrapper\"><div class=\"product-display product-display--row product-display--product-only\" data-auto-slideshow=\"true\" style=\"--product-height: 400px;\"><div class=\"product-display__items\"><a class=\"product-display__item product-display__item--product-only\" href=\"https:\/\/www.lowcaly.com\/sv\/produkter\/fruktdryck\/summer\/\"><img decoding=\"async\" src=\"https:\/\/www.lowcaly.com\/wp-content\/uploads\/2026\/02\/lowcaly_tetra_Summer_web-396x1024.png\" alt=\"Summer\" \/><\/a><a class=\"product-display__item product-display__item--product-only\" href=\"https:\/\/www.lowcaly.com\/sv\/produkter\/fruktdryck\/pear\/\"><img decoding=\"async\" src=\"https:\/\/www.lowcaly.com\/wp-content\/uploads\/2025\/08\/Pear-399x1024.png\" alt=\"Pear\" \/><\/a><a class=\"product-display__item product-display__item--product-only\" href=\"https:\/\/www.lowcaly.com\/sv\/produkter\/fruktdryck\/white-peach\/\"><img decoding=\"async\" src=\"https:\/\/www.lowcaly.com\/wp-content\/uploads\/2025\/08\/White-Peach-409x1024.png\" alt=\"White Peach\" \/><\/a><a class=\"product-display__item product-display__item--product-only\" href=\"https:\/\/www.lowcaly.com\/sv\/produkter\/fruktdryck\/raspberry\/\"><img decoding=\"async\" src=\"https:\/\/www.lowcaly.com\/wp-content\/uploads\/2025\/08\/Raspberry-404x1024.png\" alt=\"Raspberry\" \/><\/a><a class=\"product-display__item product-display__item--product-only\" href=\"https:\/\/www.lowcaly.com\/sv\/produkter\/fruktdryck\/strawberry\/\"><img decoding=\"async\" src=\"https:\/\/www.lowcaly.com\/wp-content\/uploads\/2025\/08\/Strawberry-400x1024.png\" alt=\"Strawberry\" \/><\/a><a class=\"product-display__item product-display__item--product-only\" href=\"https:\/\/www.lowcaly.com\/sv\/produkter\/fruktdryck\/mango\/\"><img decoding=\"async\" src=\"https:\/\/www.lowcaly.com\/wp-content\/uploads\/2025\/08\/Mango-392x1024.png\" alt=\"Mango\" \/><\/a><a class=\"product-display__item product-display__item--product-only\" href=\"https:\/\/www.lowcaly.com\/sv\/produkter\/frukostdryck\/apple-pear\/\"><img decoding=\"async\" src=\"https:\/\/www.lowcaly.com\/wp-content\/uploads\/2026\/02\/LOWCALY_apples_pear_web-2-308x1024.png\" alt=\"Apples &amp; Pear\" \/><\/a><a class=\"product-display__item product-display__item--product-only\" href=\"https:\/\/www.lowcaly.com\/sv\/produkter\/frukostdryck\/tropical-bliss\/\"><img decoding=\"async\" src=\"https:\/\/www.lowcaly.com\/wp-content\/uploads\/2025\/08\/lowcaly_breakfastdrink_tropical-1-299x1024.png\" alt=\"Tropical Bliss\" \/><\/a><a class=\"product-display__item product-display__item--product-only\" href=\"https:\/\/www.lowcaly.com\/sv\/produkter\/frukostdryck\/sunny-orange\/\"><img decoding=\"async\" src=\"https:\/\/www.lowcaly.com\/wp-content\/uploads\/2025\/08\/lowcaly_breakfastdrink_sunny-2-299x1024.png\" alt=\"Sunny Orange\" \/><\/a><\/div><div class=\"product-display-button\"><a class=\"btn btn-border btn-primary\" href=\"https:\/\/www.lowcaly.com\/sv\/produkter\/\">Utforska alla produkter<\/a><\/div><\/div><\/div><\/div>\n\n\n<div class=\"wp-block-lowcaly-blocks-whitespace lowcaly-whitespace\" style=\"--desktop-height:2rem;--mobile-height:2rem;height:var(--desktop-height);display:block;width:100%\"><\/div>\n","protected":false},"excerpt":{"rendered":"","protected":false},"author":1,"featured_media":0,"parent":0,"menu_order":0,"comment_status":"closed","ping_status":"closed","template":"","meta":{"_acf_changed":false,"footnotes":""},"class_list":["post-2064","page","type-page","status-publish","hentry"],"acf":[],"aioseo_notices":[],"_links":{"self":[{"href":"https:\/\/www.lowcaly.com\/sv\/wp-json\/wp\/v2\/pages\/2064","targetHints":{"allow":["GET"]}}],"collection":[{"href":"https:\/\/www.lowcaly.com\/sv\/wp-json\/wp\/v2\/pages"}],"about":[{"href":"https:\/\/www.lowcaly.com\/sv\/wp-json\/wp\/v2\/types\/page"}],"author":[{"embeddable":true,"href":"https:\/\/www.lowcaly.com\/sv\/wp-json\/wp\/v2\/users\/1"}],"replies":[{"embeddable":true,"href":"https:\/\/www.lowcaly.com\/sv\/wp-json\/wp\/v2\/comments?post=2064"}],"version-history":[{"count":0,"href":"https:\/\/www.lowcaly.com\/sv\/wp-json\/wp\/v2\/pages\/2064\/revisions"}],"wp:attachment":[{"href":"https:\/\/www.lowcaly.com\/sv\/wp-json\/wp\/v2\/media?parent=2064"}],"curies":[{"name":"wp","href":"https:\/\/api.w.org\/{rel}","templated":true}]}}