{"id":353,"date":"2025-08-19T20:31:33","date_gmt":"2025-08-19T20:31:33","guid":{"rendered":"http:\/\/lowcaly-new.local\/?page_id=353"},"modified":"2026-02-10T09:51:06","modified_gmt":"2026-02-10T09:51:06","slug":"produkter","status":"publish","type":"page","link":"https:\/\/www.lowcaly.com\/sv\/produkter\/","title":{"rendered":"Produkter"},"content":{"rendered":"\n<div class=\"wp-block-lowcaly-blocks-headline lowcaly-headline max-width--site-default color-primary\"><h1 class=\"headline headline-text heading--xlarge color-primary text-align--center\">Produkter<\/h1><\/div>\n\n\n\n<div class=\"wp-block-lowcaly-blocks-whitespace lowcaly-whitespace\" style=\"--desktop-height:2rem;--mobile-height:2rem;height:var(--desktop-height);width:100%\"><\/div>\n\n\n\n<div class=\"wp-block-lowcaly-blocks-simple-content lowcaly-simple-content max-width--site-narrow\"><div class=\"simple-content-text content--medium color-primary text-align--center  \"><p>Lowcaly g\u00f6r det enkelt att v\u00e4lja sockerfritt. Sortimentet best\u00e5r av smakrika, vitaminberikade fruktdrycker och frukostdrycker \u2013 alla sockerfria.&nbsp;<br><\/p><p>V\u00e4lj din favorit till frukost, lunch eller middag \u2013 eller n\u00e4r du bara vill ha n\u00e5got fr\u00e4scht och gott som t\u00f6rstsl\u00e4ckare.&nbsp;<\/p><\/div><\/div>\n\n\n\n<div class=\"wp-block-lowcaly-blocks-whitespace lowcaly-whitespace\" style=\"--desktop-height:6rem;--mobile-height:6rem;height:var(--desktop-height);width:100%\"><\/div>\n\n\n\n<div class=\"wp-block-lowcaly-blocks-headline lowcaly-headline max-width--site-default color-primary\"><h2 class=\"headline headline-text heading--medium color-primary text-align--center\">Fruktdryck<\/h2><\/div>\n\n\n\n<div class=\"wp-block-lowcaly-blocks-simple-content lowcaly-simple-content max-width--site-narrow\"><div class=\"simple-content-text content--medium color-primary text-align--center  content--quote\"><p>Utforska Lowcalys fruktiga sortiment \u2013 alltid sockerfritt och vitaminberikat. <\/p><\/div><\/div>\n\n\n\n<div class=\"wp-block-lowcaly-blocks-whitespace lowcaly-whitespace\" style=\"--desktop-height:2rem;--mobile-height:2rem;height:var(--desktop-height);width:100%\"><\/div>\n\n\n<div class=\"wp-block-lowcaly-blocks-product-display max-width--site-default\"><div class=\"product-display-wrapper\"><div class=\"product-display product-display--grid product-display--product-only\" data-auto-slideshow=\"false\" style=\"--product-height: 400px;\"><div class=\"product-display__items\"><a class=\"product-display__item product-display__item--product-only\" href=\"https:\/\/www.lowcaly.com\/sv\/produkter\/fruktdryck\/summer\/\"><img decoding=\"async\" src=\"https:\/\/www.lowcaly.com\/wp-content\/uploads\/2026\/02\/lowcaly_tetra_Summer_web-396x1024.png\" alt=\"Summer\" \/><\/a><a class=\"product-display__item product-display__item--product-only\" href=\"https:\/\/www.lowcaly.com\/sv\/produkter\/fruktdryck\/pear\/\"><img decoding=\"async\" src=\"https:\/\/www.lowcaly.com\/wp-content\/uploads\/2025\/08\/Pear-399x1024.png\" alt=\"Pear\" \/><\/a><a class=\"product-display__item product-display__item--product-only\" href=\"https:\/\/www.lowcaly.com\/sv\/produkter\/fruktdryck\/white-peach\/\"><img decoding=\"async\" src=\"https:\/\/www.lowcaly.com\/wp-content\/uploads\/2025\/08\/White-Peach-409x1024.png\" alt=\"White Peach\" \/><\/a><a class=\"product-display__item product-display__item--product-only\" href=\"https:\/\/www.lowcaly.com\/sv\/produkter\/fruktdryck\/raspberry\/\"><img decoding=\"async\" src=\"https:\/\/www.lowcaly.com\/wp-content\/uploads\/2025\/08\/Raspberry-404x1024.png\" alt=\"Raspberry\" \/><\/a><a class=\"product-display__item product-display__item--product-only\" href=\"https:\/\/www.lowcaly.com\/sv\/produkter\/fruktdryck\/strawberry\/\"><img decoding=\"async\" src=\"https:\/\/www.lowcaly.com\/wp-content\/uploads\/2025\/08\/Strawberry-400x1024.png\" alt=\"Strawberry\" \/><\/a><a class=\"product-display__item product-display__item--product-only\" href=\"https:\/\/www.lowcaly.com\/sv\/produkter\/fruktdryck\/mango\/\"><img decoding=\"async\" src=\"https:\/\/www.lowcaly.com\/wp-content\/uploads\/2025\/08\/Mango-392x1024.png\" alt=\"Mango\" \/><\/a><\/div><\/div><\/div><\/div>\n\n\n<div class=\"wp-block-lowcaly-blocks-whitespace lowcaly-whitespace\" style=\"--desktop-height:6rem;--mobile-height:3rem;height:var(--desktop-height);width:100%\"><\/div>\n\n\n\n<div class=\"wp-block-lowcaly-blocks-headline lowcaly-headline max-width--site-default color-primary\"><h2 class=\"headline headline-text heading--medium color-primary text-align--center\">Frukostdryck<\/h2><\/div>\n\n\n\n<div class=\"wp-block-lowcaly-blocks-simple-content lowcaly-simple-content max-width--site-narrow\"><div class=\"simple-content-text content--medium color-primary text-align--center  content--quote\"><p>Lowcaly Frukostdrycker &#8211; F\u00f6rsta sockerfria alternativet i juicehyllan.&nbsp;<\/p><\/div><\/div>\n\n\n\n<div class=\"wp-block-lowcaly-blocks-whitespace lowcaly-whitespace\" style=\"--desktop-height:2rem;--mobile-height:2rem;height:var(--desktop-height);width:100%\"><\/div>\n\n\n<div class=\"wp-block-lowcaly-blocks-product-display max-width--site-default\"><div class=\"product-display-wrapper\"><div class=\"product-display product-display--grid product-display--product-only\" data-auto-slideshow=\"false\" style=\"--product-height: 400px;\"><div class=\"product-display__items\"><a class=\"product-display__item product-display__item--product-only\" href=\"https:\/\/www.lowcaly.com\/sv\/produkter\/frukostdryck\/apple-pear\/\"><img decoding=\"async\" src=\"https:\/\/www.lowcaly.com\/wp-content\/uploads\/2026\/02\/LOWCALY_apples_pear_web-2-308x1024.png\" alt=\"Apples &amp; Pear\" \/><\/a><a class=\"product-display__item product-display__item--product-only\" href=\"https:\/\/www.lowcaly.com\/sv\/produkter\/frukostdryck\/tropical-bliss\/\"><img decoding=\"async\" src=\"https:\/\/www.lowcaly.com\/wp-content\/uploads\/2025\/08\/lowcaly_breakfastdrink_tropical-1-299x1024.png\" alt=\"Tropical Bliss\" \/><\/a><a class=\"product-display__item product-display__item--product-only\" href=\"https:\/\/www.lowcaly.com\/sv\/produkter\/frukostdryck\/sunny-orange\/\"><img decoding=\"async\" src=\"https:\/\/www.lowcaly.com\/wp-content\/uploads\/2025\/08\/lowcaly_breakfastdrink_sunny-2-299x1024.png\" alt=\"Sunny Orange\" \/><\/a><\/div><\/div><\/div><\/div>\n\n\n<div class=\"wp-block-lowcaly-blocks-whitespace lowcaly-whitespace\" style=\"--desktop-height:6rem;--mobile-height:6rem;height:var(--desktop-height);width:100%\"><\/div>\n","protected":false},"excerpt":{"rendered":"","protected":false},"author":1,"featured_media":0,"parent":0,"menu_order":0,"comment_status":"closed","ping_status":"closed","template":"","meta":{"_acf_changed":false,"footnotes":""},"class_list":["post-353","page","type-page","status-publish","hentry"],"acf":[],"aioseo_notices":[],"_links":{"self":[{"href":"https:\/\/www.lowcaly.com\/sv\/wp-json\/wp\/v2\/pages\/353","targetHints":{"allow":["GET"]}}],"collection":[{"href":"https:\/\/www.lowcaly.com\/sv\/wp-json\/wp\/v2\/pages"}],"about":[{"href":"https:\/\/www.lowcaly.com\/sv\/wp-json\/wp\/v2\/types\/page"}],"author":[{"embeddable":true,"href":"https:\/\/www.lowcaly.com\/sv\/wp-json\/wp\/v2\/users\/1"}],"replies":[{"embeddable":true,"href":"https:\/\/www.lowcaly.com\/sv\/wp-json\/wp\/v2\/comments?post=353"}],"version-history":[{"count":0,"href":"https:\/\/www.lowcaly.com\/sv\/wp-json\/wp\/v2\/pages\/353\/revisions"}],"wp:attachment":[{"href":"https:\/\/www.lowcaly.com\/sv\/wp-json\/wp\/v2\/media?parent=353"}],"curies":[{"name":"wp","href":"https:\/\/api.w.org\/{rel}","templated":true}]}}