{"id":377,"date":"2025-09-06T13:19:46","date_gmt":"2025-09-06T13:19:46","guid":{"rendered":"http:\/\/lowcaly-new.local\/?page_id=377"},"modified":"2025-10-09T11:28:22","modified_gmt":"2025-10-09T11:28:22","slug":"om-lowcaly","status":"publish","type":"page","link":"https:\/\/www.lowcaly.com\/sv\/om-lowcaly\/","title":{"rendered":"Om Lowcaly"},"content":{"rendered":"\n<div class=\"wp-block-lowcaly-blocks-hero lowcaly-hero\" style=\"min-height:50vh;max-height:90vh;--object-fit:cover\" data-content-type=\"media-only\" data-mobile-clickable=\"false\" data-mobile-click-url=\"\"><img decoding=\"async\" src=\"http:\/\/www.lowcaly.com\/wp-content\/uploads\/2025\/09\/lowcaly_header_about_16_9.jpg\" alt=\"\" class=\"hero-image\"\/><\/div>\n\n\n\n<div class=\"wp-block-lowcaly-blocks-whitespace lowcaly-whitespace\" style=\"--desktop-height:6rem;--mobile-height:6rem;height:var(--desktop-height);display:block;width:100%\"><\/div>\n\n\n\n<div class=\"wp-block-lowcaly-blocks-headline lowcaly-headline max-width--site-default\"><h2 class=\"headline headline-text heading--large color-primary text-align--center\">ZERO SUGAR HERO TASTE<\/h2><\/div>\n\n\n\n<div class=\"wp-block-lowcaly-blocks-whitespace lowcaly-whitespace\" style=\"--desktop-height:3rem;--mobile-height:3rem;height:var(--desktop-height);display:block;width:100%\"><\/div>\n\n\n\n<div class=\"wp-block-lowcaly-blocks-simple-content lowcaly-simple-content max-width--site-narrow\"><div class=\"simple-content-text content--medium color-primary text-align--center  content--quote\"><p>Goda vanor ska vara enkla.<\/p><\/div><\/div>\n\n\n\n<div class=\"wp-block-lowcaly-blocks-simple-content lowcaly-simple-content max-width--site-narrow\"><div class=\"simple-content-text content--medium color-primary text-align--center  \"><p><\/p><p>Det \u00e4r precis d\u00e4rf\u00f6r vi skapade Lowcaly.<\/p><p>Vi \u00e4r det sockerfria alternativet som visar att h\u00e4lsosmart kan vara fullt av smak. Vi utmanar gamla vanor, l\u00e4mnar det on\u00f6diga sockret och skapar drycker f\u00f6r dig som vill ha mer av det goda, utan kompromisser.<\/p><p>V\u00e5rt sortiment? Fr\u00e4scha, sockerfria frukost- och fruktdrycker som funkar lika bra till morgonrutinen som n\u00e4r du vill h\u00f6ja lunchen, mellanm\u00e5let eller middagen.<br>Zero Sugar. Hero Taste.<\/p><\/div><\/div>\n\n\n\n<div class=\"wp-block-lowcaly-blocks-whitespace lowcaly-whitespace\" style=\"--desktop-height:8rem;--mobile-height:8rem;height:var(--desktop-height);display:block;width:100%\"><\/div>\n\n\n\n<div class=\"wp-block-lowcaly-blocks-image-content-split lowcaly-image-content-split image-right mobile-image-top content-color-secondary content-align-center\"><div class=\"image-content-split-container\"><div class=\"image-section\"><img decoding=\"async\" src=\"http:\/\/www.lowcaly.com\/wp-content\/uploads\/2025\/09\/1885e0a11ac4ade60c44dfebfbf877c7b33272b0-e1757163726617.jpg\" alt=\"\" class=\"split-image\"\/><\/div><div class=\"content-section\"><div class=\"content-inner\"><h2 class=\"split-headline heading--large\">Lowcaly \u00e4r en \nperfekt bas att g\u00f6ra h\u00e4rliga summersips p\u00e5.<\/h2><div class=\"split-button-container\"><a class=\"split-button btn btn-border btn-secondary\" href=\"https:\/\/www.lowcaly.com\/sv\/recept\/\">Se alla recept<\/a><\/div><\/div><\/div><\/div><\/div>\n\n\n\n<div class=\"wp-block-lowcaly-blocks-image-content-split lowcaly-image-content-split image-left mobile-image-top content-color-primary content-align-center\"><div class=\"image-content-split-container\"><div class=\"image-section\"><img decoding=\"async\" src=\"http:\/\/www.lowcaly.com\/wp-content\/uploads\/2025\/09\/4f8863f196a2d6c9e3e9e347db22bf6ab9848676-e1757163992656.jpg\" alt=\"\" class=\"split-image\"\/><\/div><div class=\"content-section\"><div class=\"content-inner\"><h2 class=\"split-headline heading--large\">NYHET!\u2028LOWCALY WHITE PEACH \u2013 FRUKTIG OCH FR\u00c4SCH!<\/h2><div class=\"split-content content--medium\"><p>En frisk och s\u00f6t smakupplevelse med len vit persika i en fr\u00e4sch och sockerfri fruktdryck. Perfekt som t\u00f6rstsl\u00e4ckare, till m\u00e5ltiden eller som bas i en smoothie. White Peach \u00e4r berikad med sju utvalda vitaminer.<\/p><\/div><div class=\"split-button-container\"><a class=\"split-button btn btn-border btn-primary\" href=\"https:\/\/www.lowcaly.com\/sv\/produkter\/fruktdryck\/white-peach\/\">L\u00c4S MER OM WHITE PEACH<\/a><\/div><\/div><\/div><\/div><\/div>\n","protected":false},"excerpt":{"rendered":"","protected":false},"author":1,"featured_media":0,"parent":0,"menu_order":0,"comment_status":"closed","ping_status":"closed","template":"","meta":{"_acf_changed":false,"footnotes":""},"class_list":["post-377","page","type-page","status-publish","hentry"],"acf":[],"aioseo_notices":[],"_links":{"self":[{"href":"https:\/\/www.lowcaly.com\/sv\/wp-json\/wp\/v2\/pages\/377","targetHints":{"allow":["GET"]}}],"collection":[{"href":"https:\/\/www.lowcaly.com\/sv\/wp-json\/wp\/v2\/pages"}],"about":[{"href":"https:\/\/www.lowcaly.com\/sv\/wp-json\/wp\/v2\/types\/page"}],"author":[{"embeddable":true,"href":"https:\/\/www.lowcaly.com\/sv\/wp-json\/wp\/v2\/users\/1"}],"replies":[{"embeddable":true,"href":"https:\/\/www.lowcaly.com\/sv\/wp-json\/wp\/v2\/comments?post=377"}],"version-history":[{"count":0,"href":"https:\/\/www.lowcaly.com\/sv\/wp-json\/wp\/v2\/pages\/377\/revisions"}],"wp:attachment":[{"href":"https:\/\/www.lowcaly.com\/sv\/wp-json\/wp\/v2\/media?parent=377"}],"curies":[{"name":"wp","href":"https:\/\/api.w.org\/{rel}","templated":true}]}}