{"id":400,"date":"2025-09-06T14:17:49","date_gmt":"2025-09-06T14:17:49","guid":{"rendered":"http:\/\/lowcaly-new.local\/?page_id=400"},"modified":"2026-03-31T10:23:00","modified_gmt":"2026-03-31T10:23:00","slug":"frukostdryck","status":"publish","type":"page","link":"https:\/\/www.lowcaly.com\/sv\/produkter\/frukostdryck\/","title":{"rendered":"Frukostdryck"},"content":{"rendered":"\n<div class=\"wp-block-lowcaly-blocks-hero lowcaly-hero has-mobile-media\" style=\"min-height:50vh;--mobile-min-height:50vh;--object-fit:cover\" data-content-type=\"media-only\" data-mobile-clickable=\"false\" data-mobile-click-url=\"\"><img decoding=\"async\" src=\"http:\/\/www.lowcaly.com\/wp-content\/uploads\/2025\/10\/lowcaly_header_frukostdryck_16_9-1.jpg\" alt=\"\" class=\"hero-image\" \/><div class=\"mobile-media\"><img decoding=\"async\" src=\"http:\/\/www.lowcaly.com\/wp-content\/uploads\/2025\/10\/lowcaly_header_frukostdryck_9_16-1.jpg\" alt=\"\" class=\"hero-mobile-image\" \/><\/div><\/div>\n\n\n\n<div class=\"wp-block-lowcaly-blocks-whitespace lowcaly-whitespace\" style=\"--desktop-height:1rem;--mobile-height:1rem;height:var(--desktop-height);width:100%\"><\/div>\n\n\n\n<div class=\"wp-block-lowcaly-blocks-whitespace lowcaly-whitespace\" style=\"--desktop-height:2rem;--mobile-height:2rem;height:var(--desktop-height);width:100%\"><\/div>\n\n\n\n<div class=\"wp-block-lowcaly-blocks-headline lowcaly-headline max-width--site-default color-primary\"><h1 class=\"headline headline-text heading--xlarge color-primary text-align--center\">Frukostdryck<\/h1><\/div>\n\n\n\n<div class=\"wp-block-lowcaly-blocks-headline lowcaly-headline max-width--site-super-narrow\"><h3 class=\"headline headline-text heading--small color-primary text-align--center\">F\u00f6rsta sockerfria alternativet i juicehyllan.<\/h3><\/div>\n\n\n\n<div class=\"wp-block-lowcaly-blocks-whitespace lowcaly-whitespace\" style=\"--desktop-height:2rem;--mobile-height:2rem;height:var(--desktop-height);width:100%\"><\/div>\n\n\n\n<div class=\"wp-block-lowcaly-blocks-simple-content lowcaly-simple-content max-width--site-super-narrow\"><div class=\"simple-content-text content--medium color-primary text-align--center  \"><p>Lowcaly fruktdrycker \u00e4r en helt ny typ av frukostdryck \u2013 ett fruktigt och vitaminberikat alternativ till traditionell juice, men sockerfria. <br>Perfekt f\u00f6r dig som vill ha en fr\u00e4sch start p\u00e5 dagen utan kompromisser. <\/p><p>V\u00e4lj mellan flera goda smaker, alla sockerfria och berikade med vitaminer.<\/p><\/div><\/div>\n\n\n\n<div class=\"wp-block-lowcaly-blocks-whitespace lowcaly-whitespace\" style=\"--desktop-height:2rem;--mobile-height:2rem;height:var(--desktop-height);width:100%\"><\/div>\n\n\n<div class=\"wp-block-lowcaly-blocks-product-display max-width--site-default\"><div class=\"product-display-wrapper\"><div class=\"product-display product-display--grid product-display--product-only\" data-auto-slideshow=\"false\" style=\"--product-height: 600px;\"><div class=\"product-display__items\"><a class=\"product-display__item product-display__item--product-only\" href=\"https:\/\/www.lowcaly.com\/sv\/produkter\/frukostdryck\/apple-pear\/\"><img decoding=\"async\" src=\"https:\/\/www.lowcaly.com\/wp-content\/uploads\/2026\/02\/LOWCALY_apples_pear_web-2-308x1024.png\" alt=\"Apples &amp; Pear\" \/><\/a><a class=\"product-display__item product-display__item--product-only\" href=\"https:\/\/www.lowcaly.com\/sv\/produkter\/frukostdryck\/tropical-bliss\/\"><img decoding=\"async\" src=\"https:\/\/www.lowcaly.com\/wp-content\/uploads\/2025\/08\/lowcaly_breakfastdrink_tropical-1-299x1024.png\" alt=\"Tropical Bliss\" \/><\/a><a class=\"product-display__item product-display__item--product-only\" href=\"https:\/\/www.lowcaly.com\/sv\/produkter\/frukostdryck\/sunny-orange\/\"><img decoding=\"async\" src=\"https:\/\/www.lowcaly.com\/wp-content\/uploads\/2025\/08\/lowcaly_breakfastdrink_sunny-2-299x1024.png\" alt=\"Sunny Orange\" \/><\/a><\/div><\/div><\/div><\/div>\n\n\n<div class=\"wp-block-lowcaly-blocks-whitespace lowcaly-whitespace\" style=\"--desktop-height:6rem;--mobile-height:3rem;height:var(--desktop-height);width:100%\"><\/div>\n","protected":false},"excerpt":{"rendered":"","protected":false},"author":1,"featured_media":0,"parent":353,"menu_order":0,"comment_status":"closed","ping_status":"closed","template":"","meta":{"_acf_changed":false,"footnotes":""},"class_list":["post-400","page","type-page","status-publish","hentry"],"acf":[],"aioseo_notices":[],"_links":{"self":[{"href":"https:\/\/www.lowcaly.com\/sv\/wp-json\/wp\/v2\/pages\/400","targetHints":{"allow":["GET"]}}],"collection":[{"href":"https:\/\/www.lowcaly.com\/sv\/wp-json\/wp\/v2\/pages"}],"about":[{"href":"https:\/\/www.lowcaly.com\/sv\/wp-json\/wp\/v2\/types\/page"}],"author":[{"embeddable":true,"href":"https:\/\/www.lowcaly.com\/sv\/wp-json\/wp\/v2\/users\/1"}],"replies":[{"embeddable":true,"href":"https:\/\/www.lowcaly.com\/sv\/wp-json\/wp\/v2\/comments?post=400"}],"version-history":[{"count":0,"href":"https:\/\/www.lowcaly.com\/sv\/wp-json\/wp\/v2\/pages\/400\/revisions"}],"up":[{"embeddable":true,"href":"https:\/\/www.lowcaly.com\/sv\/wp-json\/wp\/v2\/pages\/353"}],"wp:attachment":[{"href":"https:\/\/www.lowcaly.com\/sv\/wp-json\/wp\/v2\/media?parent=400"}],"curies":[{"name":"wp","href":"https:\/\/api.w.org\/{rel}","templated":true}]}}