{"id":409,"date":"2025-09-06T14:33:54","date_gmt":"2025-09-06T14:33:54","guid":{"rendered":"http:\/\/lowcaly-new.local\/?page_id=409"},"modified":"2025-10-08T10:05:30","modified_gmt":"2025-10-08T10:05:30","slug":"fruktdryck","status":"publish","type":"page","link":"https:\/\/www.lowcaly.com\/sv\/produkter\/fruktdryck\/","title":{"rendered":"Fruktdryck"},"content":{"rendered":"\n<div class=\"wp-block-lowcaly-blocks-hero lowcaly-hero\" data-content-type=\"media-only\" data-mobile-clickable=\"false\" data-mobile-click-url=\"\"><img decoding=\"async\" src=\"http:\/\/www.lowcaly.com\/wp-content\/uploads\/2025\/10\/lowcaly_header_fruktdryck_16_9.jpg\" alt=\"\" class=\"hero-image\" \/><\/div>\n\n\n\n<div class=\"wp-block-lowcaly-blocks-whitespace lowcaly-whitespace\" style=\"--desktop-height:2rem;--mobile-height:2rem;height:var(--desktop-height);width:100%\"><\/div>\n\n\n\n<div class=\"wp-block-lowcaly-blocks-headline lowcaly-headline max-width--site-default color-primary\"><h1 class=\"headline headline-text heading--xlarge color-primary text-align--center\">Fruktdryck<\/h1><\/div>\n\n\n\n<div class=\"wp-block-lowcaly-blocks-whitespace lowcaly-whitespace\" style=\"--desktop-height:2rem;--mobile-height:2rem;height:var(--desktop-height);width:100%\"><\/div>\n\n\n\n<div class=\"wp-block-lowcaly-blocks-simple-content lowcaly-simple-content max-width--site-narrow\"><div class=\"simple-content-text content--medium color-primary text-align--center  \"><p>Utforska Lowcalys fruktiga sortiment \u2013 alltid sockerfritt och vitaminberikat. H\u00e4r finns en smak f\u00f6r varje tillf\u00e4lle. Perfekt till m\u00e5ltiden, som t\u00f6rstsl\u00e4ckare eller som bas i en smoothie.\u00a0<br>Fruktdryckerna \u00e4r fulla av fr\u00e4sch smak och berikade med flera vitaminer \u2013 helt utan on\u00f6digt socker.<\/p><p><\/p><\/div><\/div>\n\n\n\n<div class=\"wp-block-lowcaly-blocks-whitespace lowcaly-whitespace\" style=\"--desktop-height:2rem;--mobile-height:2rem;height:var(--desktop-height);width:100%\"><\/div>\n\n\n<div class=\"wp-block-lowcaly-blocks-product-display max-width--site-default\"><div class=\"product-display-wrapper\"><div class=\"product-display product-display--grid product-display--product-only\" data-auto-slideshow=\"false\" style=\"--product-height: 400px;\"><div class=\"product-display__items\"><a class=\"product-display__item product-display__item--product-only\" href=\"https:\/\/www.lowcaly.com\/sv\/produkter\/fruktdryck\/summer\/\"><img decoding=\"async\" src=\"https:\/\/www.lowcaly.com\/wp-content\/uploads\/2026\/02\/lowcaly_tetra_Summer_web-396x1024.png\" alt=\"Summer\" \/><\/a><a class=\"product-display__item product-display__item--product-only\" href=\"https:\/\/www.lowcaly.com\/sv\/produkter\/fruktdryck\/pear\/\"><img decoding=\"async\" src=\"https:\/\/www.lowcaly.com\/wp-content\/uploads\/2025\/08\/Pear-399x1024.png\" alt=\"Pear\" \/><\/a><a class=\"product-display__item product-display__item--product-only\" href=\"https:\/\/www.lowcaly.com\/sv\/produkter\/fruktdryck\/white-peach\/\"><img decoding=\"async\" src=\"https:\/\/www.lowcaly.com\/wp-content\/uploads\/2025\/08\/White-Peach-409x1024.png\" alt=\"White Peach\" \/><\/a><a class=\"product-display__item product-display__item--product-only\" href=\"https:\/\/www.lowcaly.com\/sv\/produkter\/fruktdryck\/raspberry\/\"><img decoding=\"async\" src=\"https:\/\/www.lowcaly.com\/wp-content\/uploads\/2025\/08\/Raspberry-404x1024.png\" alt=\"Raspberry\" \/><\/a><a class=\"product-display__item product-display__item--product-only\" href=\"https:\/\/www.lowcaly.com\/sv\/produkter\/fruktdryck\/strawberry\/\"><img decoding=\"async\" src=\"https:\/\/www.lowcaly.com\/wp-content\/uploads\/2025\/08\/Strawberry-400x1024.png\" alt=\"Strawberry\" \/><\/a><a class=\"product-display__item product-display__item--product-only\" href=\"https:\/\/www.lowcaly.com\/sv\/produkter\/fruktdryck\/mango\/\"><img decoding=\"async\" src=\"https:\/\/www.lowcaly.com\/wp-content\/uploads\/2025\/08\/Mango-392x1024.png\" alt=\"Mango\" \/><\/a><\/div><\/div><\/div><\/div>\n\n\n<div class=\"wp-block-lowcaly-blocks-whitespace lowcaly-whitespace\" style=\"--desktop-height:6rem;--mobile-height:3rem;height:var(--desktop-height);width:100%\"><\/div>\n","protected":false},"excerpt":{"rendered":"","protected":false},"author":1,"featured_media":0,"parent":353,"menu_order":0,"comment_status":"closed","ping_status":"closed","template":"","meta":{"_acf_changed":false,"footnotes":""},"class_list":["post-409","page","type-page","status-publish","hentry"],"acf":[],"aioseo_notices":[],"_links":{"self":[{"href":"https:\/\/www.lowcaly.com\/sv\/wp-json\/wp\/v2\/pages\/409","targetHints":{"allow":["GET"]}}],"collection":[{"href":"https:\/\/www.lowcaly.com\/sv\/wp-json\/wp\/v2\/pages"}],"about":[{"href":"https:\/\/www.lowcaly.com\/sv\/wp-json\/wp\/v2\/types\/page"}],"author":[{"embeddable":true,"href":"https:\/\/www.lowcaly.com\/sv\/wp-json\/wp\/v2\/users\/1"}],"replies":[{"embeddable":true,"href":"https:\/\/www.lowcaly.com\/sv\/wp-json\/wp\/v2\/comments?post=409"}],"version-history":[{"count":0,"href":"https:\/\/www.lowcaly.com\/sv\/wp-json\/wp\/v2\/pages\/409\/revisions"}],"up":[{"embeddable":true,"href":"https:\/\/www.lowcaly.com\/sv\/wp-json\/wp\/v2\/pages\/353"}],"wp:attachment":[{"href":"https:\/\/www.lowcaly.com\/sv\/wp-json\/wp\/v2\/media?parent=409"}],"curies":[{"name":"wp","href":"https:\/\/api.w.org\/{rel}","templated":true}]}}