{"id":496,"date":"2025-09-07T19:38:17","date_gmt":"2025-09-07T19:38:17","guid":{"rendered":"http:\/\/lowcaly-new.local\/?page_id=496"},"modified":"2025-09-29T08:01:42","modified_gmt":"2025-09-29T08:01:42","slug":"inspiration","status":"publish","type":"page","link":"https:\/\/www.lowcaly.com\/sv\/inspiration\/","title":{"rendered":"Inspiration"},"content":{"rendered":"\n<div class=\"wp-block-lowcaly-blocks-whitespace lowcaly-whitespace\" style=\"--desktop-height:5rem;--mobile-height:3rem;height:var(--desktop-height);display:block;width:100%\"><\/div>\n\n\n\n<div class=\"wp-block-lowcaly-blocks-headline lowcaly-headline max-width--site-default\"><h1 class=\"headline headline-text heading--xlarge color-primary text-align--center\">Inspiration<\/h1><\/div>\n\n\n\n<div class=\"wp-block-lowcaly-blocks-whitespace lowcaly-whitespace\" style=\"--desktop-height:1rem;--mobile-height:1rem;height:var(--desktop-height);display:block;width:100%\"><\/div>\n\n\n<div class=\"wp-block-lowcaly-blocks-inspiration-display lowcaly-inspiration-display max-width--site-default\" data-display-mode=\"latest\" data-post-types=\"[&quot;news&quot;,&quot;recipe&quot;,&quot;article&quot;]\" data-post-type-labels=\"{&quot;news&quot;:&quot;Nyheter&quot;,&quot;recipe&quot;:&quot;Recept&quot;,&quot;article&quot;:&quot;Artiklar&quot;}\" data-selected-posts=\"[{&quot;id&quot;:418,&quot;title&quot;:&quot;10 dagar med mindre socker, \\u2028en utmaning f\\u00f6r v\\u00e4lm\\u00e5ende!&quot;,&quot;post_type&quot;:&quot;article&quot;},{&quot;id&quot;:442,&quot;title&quot;:&quot;Lime kissed strawberry&quot;,&quot;post_type&quot;:&quot;recipe&quot;}]\" data-show-post-type-filters=\"true\" data-card-max-width=\"300\" data-posts-per-page=\"12\" data-cta-text=\"L\u00e4s mer\" data-enable-pagination=\"true\" data-posts-per-page-paginated=\"6\" data-pagination-prev-label=\"F\u00f6reg\u00e5ende\" data-pagination-next-label=\"N\u00e4sta\" data-related-products=\"[]\" data-current-language=\"sv\" data-posts=\"[{&quot;id&quot;:1927,&quot;title&quot;:{&quot;rendered&quot;:&quot;Apples &amp;\\u00a0Pear,\\u00a0en ny sockerfri frukostdryck i juicehyllan\\u00a0&quot;},&quot;link&quot;:&quot;https:\\\/\\\/www.lowcaly.com\\\/sv\\\/artiklar\\\/apples-pear-en-ny-sockerfri-frukostdryck-i-juicehyllan\\\/&quot;,&quot;date&quot;:&quot;2026-02-10T08:59:19+00:00&quot;,&quot;featured_image&quot;:&quot;https:\\\/\\\/www.lowcaly.com\\\/wp-content\\\/uploads\\\/2026\\\/02\\\/lowcaly_applepear_podium01-768x768.jpg&quot;,&quot;excerpt&quot;:&quot;Januari \\u00e4r m\\u00e5naden d\\u00e5 m\\u00e5nga vill b\\u00f6rja om p\\u00e5 nytt. Men hur g\\u00f6r man f\\u00f6r att hitta motivationen och faktiskt&hellip;&quot;,&quot;post_type&quot;:&quot;article&quot;,&quot;post_type_singular_name&quot;:&quot;Artikel&quot;},{&quot;id&quot;:1863,&quot;title&quot;:{&quot;rendered&quot;:&quot;Nystart med Anna Haag&quot;},&quot;link&quot;:&quot;https:\\\/\\\/www.lowcaly.com\\\/sv\\\/artiklar\\\/nystart-med-anna-haag\\\/&quot;,&quot;date&quot;:&quot;2026-01-01T07:55:00+00:00&quot;,&quot;featured_image&quot;:&quot;https:\\\/\\\/www.lowcaly.com\\\/wp-content\\\/uploads\\\/2025\\\/12\\\/3S9A9577-Redigera-Redigera-scaled-e1767015995819-768x881.jpg&quot;,&quot;excerpt&quot;:&quot;Januari \\u00e4r m\\u00e5naden d\\u00e5 m\\u00e5nga vill b\\u00f6rja om p\\u00e5 nytt. Men hur g\\u00f6r man f\\u00f6r att hitta motivationen och faktiskt&hellip;&quot;,&quot;post_type&quot;:&quot;article&quot;,&quot;post_type_singular_name&quot;:&quot;Artikel&quot;},{&quot;id&quot;:1022,&quot;title&quot;:{&quot;rendered&quot;:&quot;Milky Tropical Drink&quot;},&quot;link&quot;:&quot;https:\\\/\\\/www.lowcaly.com\\\/sv\\\/recept\\\/milky-tropical-drink\\\/&quot;,&quot;date&quot;:&quot;2025-12-30T08:43:00+00:00&quot;,&quot;featured_image&quot;:&quot;https:\\\/\\\/www.lowcaly.com\\\/wp-content\\\/uploads\\\/2025\\\/09\\\/tropicalrecept_Webb02-768x768.jpg&quot;,&quot;excerpt&quot;:&quot;En kr\\u00e4mig och fr\\u00e4sch drink med tropiska vibbar \\u2013 perfekt n\\u00e4r du vill ha n\\u00e5got l\\u00e4tt, svalkande och lite exotiskt.&quot;,&quot;post_type&quot;:&quot;recipe&quot;,&quot;post_type_singular_name&quot;:&quot;Recept&quot;},{&quot;id&quot;:1842,&quot;title&quot;:{&quot;rendered&quot;:&quot;L\\u00f6ptips fr\\u00e5n Garmin&quot;},&quot;link&quot;:&quot;https:\\\/\\\/www.lowcaly.com\\\/sv\\\/artiklar\\\/loptips-fran-garmin\\\/&quot;,&quot;date&quot;:&quot;2025-12-29T12:27:52+00:00&quot;,&quot;featured_image&quot;:&quot;https:\\\/\\\/www.lowcaly.com\\\/wp-content\\\/uploads\\\/2025\\\/12\\\/3S9A9781-Redigera-Redigera-2-768x1152.jpg&quot;,&quot;excerpt&quot;:&quot;Kanske har du precis b\\u00f6rjat utforska l\\u00f6pningen, eller s\\u00e5 \\u00e4r det dags att hitta tillbaka till ett tidigare tr\\u00e4ningsflow. Oavsett&hellip;&quot;,&quot;post_type&quot;:&quot;article&quot;,&quot;post_type_singular_name&quot;:&quot;Artikel&quot;},{&quot;id&quot;:1775,&quot;title&quot;:{&quot;rendered&quot;:&quot;Morning Smoothie&quot;},&quot;link&quot;:&quot;https:\\\/\\\/www.lowcaly.com\\\/sv\\\/recept\\\/morningsmoothie\\\/&quot;,&quot;date&quot;:&quot;2025-11-19T09:18:37+00:00&quot;,&quot;featured_image&quot;:&quot;https:\\\/\\\/www.lowcaly.com\\\/wp-content\\\/uploads\\\/2025\\\/11\\\/Thereseelgquist_ver2-7296-1-768x1152.jpg&quot;,&quot;excerpt&quot;:&quot;En fruktig och uppfriskande start p\\u00e5 dagen med jordgubbar, banna och v\\u00e5r frukostdryck Sunny Orange. Kr\\u00e4migt, gott och fullt av&hellip;&quot;,&quot;post_type&quot;:&quot;recipe&quot;,&quot;post_type_singular_name&quot;:&quot;Recept&quot;},{&quot;id&quot;:1826,&quot;title&quot;:{&quot;rendered&quot;:&quot;S\\u00f6tningsmedel och vikt: Hj\\u00e4lper de eller stj\\u00e4lper de?\\u00a0&quot;},&quot;link&quot;:&quot;https:\\\/\\\/www.lowcaly.com\\\/sv\\\/artiklar\\\/sotningsmedel-och-vikt-hjalper-de-eller-stjalper-de\\\/&quot;,&quot;date&quot;:&quot;2025-11-19T07:57:37+00:00&quot;,&quot;featured_image&quot;:&quot;https:\\\/\\\/www.lowcaly.com\\\/wp-content\\\/uploads\\\/2025\\\/11\\\/80b9bf7c641f5f78_800x800ar-1-768x541.jpg&quot;,&quot;excerpt&quot;:&quot;Kan\\u00a0Zero\\u00a0Sugar dryck\\u00a0och andra sockerfria alternativ faktiskt hj\\u00e4lpa vid viktminskning \\u2013 eller g\\u00f6r de oss mer hungriga? Vi bad Ingrid Larsson,&hellip;&quot;,&quot;post_type&quot;:&quot;article&quot;,&quot;post_type_singular_name&quot;:&quot;Artikel&quot;}]\" data-server-rendered=\"true\"><div class=\"inspiration-display\"><div class=\"inspiration-display__filters\"><button class=\"btn inspiration-display__filter-btn\" data-post-type=\"news\">Nyheter<\/button><button class=\"btn inspiration-display__filter-btn\" data-post-type=\"recipe\">Recept<\/button><button class=\"btn inspiration-display__filter-btn\" data-post-type=\"article\">Artiklar<\/button><\/div><div class=\"inspiration-display__grid\" style=\"--card-max-width: 300px;\"><div class=\"inspiration-display__card\"><a href=\"https:\/\/www.lowcaly.com\/sv\/artiklar\/apples-pear-en-ny-sockerfri-frukostdryck-i-juicehyllan\/\" class=\"inspiration-display__card-link\"><div class=\"inspiration-display__image\"><img decoding=\"async\" src=\"https:\/\/www.lowcaly.com\/wp-content\/uploads\/2026\/02\/lowcaly_applepear_podium01-768x768.jpg\" alt=\"Apples &amp;\u00a0Pear,\u00a0en ny sockerfri frukostdryck i juicehyllan\u00a0\" \/><\/div><div class=\"inspiration-display__content\"><div class=\"inspiration-display__meta\"><span class=\"inspiration-display__type inspiration-display__type--article\">Artikel<\/span><\/div><h3 class=\"inspiration-display__title heading--small\">Apples &amp;\u00a0Pear,\u00a0en ny sockerfri frukostdryck i juicehyllan\u00a0<\/h3><div class=\"inspiration-display__excerpt content--medium\">Januari \u00e4r m\u00e5naden d\u00e5 m\u00e5nga vill b\u00f6rja om p\u00e5 nytt. Men hur g\u00f6r man f\u00f6r att hitta motivationen och faktiskt&hellip;<\/div><div class=\"inspiration-display__link content--medium\"><span class=\"inspiration-display__read-more\">L\u00e4s mer<svg width=\"35\" height=\"12\" viewBox=\"0 0 35 14\" class=\"article-card-arrow\">\n        <line x1=\"0\" y1=\"8\" x2=\"35\" y2=\"8\" stroke=\"currentColor\" stroke-width=\"1\"\/>\n        <polyline points=\"30,4 35,8 30,12\" fill=\"none\" stroke=\"currentColor\" stroke-width=\"1\"\/>\n    <\/svg><\/span><\/div><\/div><\/a><\/div><div class=\"inspiration-display__card\"><a href=\"https:\/\/www.lowcaly.com\/sv\/artiklar\/nystart-med-anna-haag\/\" class=\"inspiration-display__card-link\"><div class=\"inspiration-display__image\"><img decoding=\"async\" src=\"https:\/\/www.lowcaly.com\/wp-content\/uploads\/2025\/12\/3S9A9577-Redigera-Redigera-scaled-e1767015995819-768x881.jpg\" alt=\"Nystart med Anna Haag\" \/><\/div><div class=\"inspiration-display__content\"><div class=\"inspiration-display__meta\"><span class=\"inspiration-display__type inspiration-display__type--article\">Artikel<\/span><\/div><h3 class=\"inspiration-display__title heading--small\">Nystart med Anna Haag<\/h3><div class=\"inspiration-display__excerpt content--medium\">Januari \u00e4r m\u00e5naden d\u00e5 m\u00e5nga vill b\u00f6rja om p\u00e5 nytt. Men hur g\u00f6r man f\u00f6r att hitta motivationen och faktiskt&hellip;<\/div><div class=\"inspiration-display__link content--medium\"><span class=\"inspiration-display__read-more\">L\u00e4s mer<svg width=\"35\" height=\"12\" viewBox=\"0 0 35 14\" class=\"article-card-arrow\">\n        <line x1=\"0\" y1=\"8\" x2=\"35\" y2=\"8\" stroke=\"currentColor\" stroke-width=\"1\"\/>\n        <polyline points=\"30,4 35,8 30,12\" fill=\"none\" stroke=\"currentColor\" stroke-width=\"1\"\/>\n    <\/svg><\/span><\/div><\/div><\/a><\/div><div class=\"inspiration-display__card\"><a href=\"https:\/\/www.lowcaly.com\/sv\/recept\/milky-tropical-drink\/\" class=\"inspiration-display__card-link\"><div class=\"inspiration-display__image\"><img decoding=\"async\" src=\"https:\/\/www.lowcaly.com\/wp-content\/uploads\/2025\/09\/tropicalrecept_Webb02-768x768.jpg\" alt=\"Milky Tropical Drink\" \/><\/div><div class=\"inspiration-display__content\"><div class=\"inspiration-display__meta\"><span class=\"inspiration-display__type inspiration-display__type--recipe\">Recept<\/span><\/div><h3 class=\"inspiration-display__title heading--small\">Milky Tropical Drink<\/h3><div class=\"inspiration-display__excerpt content--medium\">En kr\u00e4mig och fr\u00e4sch drink med tropiska vibbar \u2013 perfekt n\u00e4r du vill ha n\u00e5got l\u00e4tt, svalkande och lite exotiskt.<\/div><div class=\"inspiration-display__link content--medium\"><span class=\"inspiration-display__read-more\">L\u00e4s mer<svg width=\"35\" height=\"12\" viewBox=\"0 0 35 14\" class=\"article-card-arrow\">\n        <line x1=\"0\" y1=\"8\" x2=\"35\" y2=\"8\" stroke=\"currentColor\" stroke-width=\"1\"\/>\n        <polyline points=\"30,4 35,8 30,12\" fill=\"none\" stroke=\"currentColor\" stroke-width=\"1\"\/>\n    <\/svg><\/span><\/div><\/div><\/a><\/div><div class=\"inspiration-display__card\"><a href=\"https:\/\/www.lowcaly.com\/sv\/artiklar\/loptips-fran-garmin\/\" class=\"inspiration-display__card-link\"><div class=\"inspiration-display__image\"><img decoding=\"async\" src=\"https:\/\/www.lowcaly.com\/wp-content\/uploads\/2025\/12\/3S9A9781-Redigera-Redigera-2-768x1152.jpg\" alt=\"L\u00f6ptips fr\u00e5n Garmin\" \/><\/div><div class=\"inspiration-display__content\"><div class=\"inspiration-display__meta\"><span class=\"inspiration-display__type inspiration-display__type--article\">Artikel<\/span><\/div><h3 class=\"inspiration-display__title heading--small\">L\u00f6ptips fr\u00e5n Garmin<\/h3><div class=\"inspiration-display__excerpt content--medium\">Kanske har du precis b\u00f6rjat utforska l\u00f6pningen, eller s\u00e5 \u00e4r det dags att hitta tillbaka till ett tidigare tr\u00e4ningsflow. Oavsett&hellip;<\/div><div class=\"inspiration-display__link content--medium\"><span class=\"inspiration-display__read-more\">L\u00e4s mer<svg width=\"35\" height=\"12\" viewBox=\"0 0 35 14\" class=\"article-card-arrow\">\n        <line x1=\"0\" y1=\"8\" x2=\"35\" y2=\"8\" stroke=\"currentColor\" stroke-width=\"1\"\/>\n        <polyline points=\"30,4 35,8 30,12\" fill=\"none\" stroke=\"currentColor\" stroke-width=\"1\"\/>\n    <\/svg><\/span><\/div><\/div><\/a><\/div><div class=\"inspiration-display__card\"><a href=\"https:\/\/www.lowcaly.com\/sv\/recept\/morningsmoothie\/\" class=\"inspiration-display__card-link\"><div class=\"inspiration-display__image\"><img decoding=\"async\" src=\"https:\/\/www.lowcaly.com\/wp-content\/uploads\/2025\/11\/Thereseelgquist_ver2-7296-1-768x1152.jpg\" alt=\"Morning Smoothie\" \/><\/div><div class=\"inspiration-display__content\"><div class=\"inspiration-display__meta\"><span class=\"inspiration-display__type inspiration-display__type--recipe\">Recept<\/span><\/div><h3 class=\"inspiration-display__title heading--small\">Morning Smoothie<\/h3><div class=\"inspiration-display__excerpt content--medium\">En fruktig och uppfriskande start p\u00e5 dagen med jordgubbar, banna och v\u00e5r frukostdryck Sunny Orange. Kr\u00e4migt, gott och fullt av&hellip;<\/div><div class=\"inspiration-display__link content--medium\"><span class=\"inspiration-display__read-more\">L\u00e4s mer<svg width=\"35\" height=\"12\" viewBox=\"0 0 35 14\" class=\"article-card-arrow\">\n        <line x1=\"0\" y1=\"8\" x2=\"35\" y2=\"8\" stroke=\"currentColor\" stroke-width=\"1\"\/>\n        <polyline points=\"30,4 35,8 30,12\" fill=\"none\" stroke=\"currentColor\" stroke-width=\"1\"\/>\n    <\/svg><\/span><\/div><\/div><\/a><\/div><div class=\"inspiration-display__card\"><a href=\"https:\/\/www.lowcaly.com\/sv\/artiklar\/sotningsmedel-och-vikt-hjalper-de-eller-stjalper-de\/\" class=\"inspiration-display__card-link\"><div class=\"inspiration-display__image\"><img decoding=\"async\" src=\"https:\/\/www.lowcaly.com\/wp-content\/uploads\/2025\/11\/80b9bf7c641f5f78_800x800ar-1-768x541.jpg\" alt=\"S\u00f6tningsmedel och vikt: Hj\u00e4lper de eller stj\u00e4lper de?\u00a0\" \/><\/div><div class=\"inspiration-display__content\"><div class=\"inspiration-display__meta\"><span class=\"inspiration-display__type inspiration-display__type--article\">Artikel<\/span><\/div><h3 class=\"inspiration-display__title heading--small\">S\u00f6tningsmedel och vikt: Hj\u00e4lper de eller stj\u00e4lper de?\u00a0<\/h3><div class=\"inspiration-display__excerpt content--medium\">Kan\u00a0Zero\u00a0Sugar dryck\u00a0och andra sockerfria alternativ faktiskt hj\u00e4lpa vid viktminskning \u2013 eller g\u00f6r de oss mer hungriga? Vi bad Ingrid Larsson,&hellip;<\/div><div class=\"inspiration-display__link content--medium\"><span class=\"inspiration-display__read-more\">L\u00e4s mer<svg width=\"35\" height=\"12\" viewBox=\"0 0 35 14\" class=\"article-card-arrow\">\n        <line x1=\"0\" y1=\"8\" x2=\"35\" y2=\"8\" stroke=\"currentColor\" stroke-width=\"1\"\/>\n        <polyline points=\"30,4 35,8 30,12\" fill=\"none\" stroke=\"currentColor\" stroke-width=\"1\"\/>\n    <\/svg><\/span><\/div><\/div><\/a><\/div><\/div><\/div><\/div>\n\n\n<div class=\"wp-block-lowcaly-blocks-whitespace lowcaly-whitespace\" style=\"--desktop-height:3rem;--mobile-height:3rem;height:var(--desktop-height);display:block;width:100%\"><\/div>\n","protected":false},"excerpt":{"rendered":"","protected":false},"author":1,"featured_media":0,"parent":0,"menu_order":0,"comment_status":"closed","ping_status":"closed","template":"","meta":{"_acf_changed":false,"footnotes":""},"class_list":["post-496","page","type-page","status-publish","hentry"],"acf":[],"aioseo_notices":[],"_links":{"self":[{"href":"https:\/\/www.lowcaly.com\/sv\/wp-json\/wp\/v2\/pages\/496","targetHints":{"allow":["GET"]}}],"collection":[{"href":"https:\/\/www.lowcaly.com\/sv\/wp-json\/wp\/v2\/pages"}],"about":[{"href":"https:\/\/www.lowcaly.com\/sv\/wp-json\/wp\/v2\/types\/page"}],"author":[{"embeddable":true,"href":"https:\/\/www.lowcaly.com\/sv\/wp-json\/wp\/v2\/users\/1"}],"replies":[{"embeddable":true,"href":"https:\/\/www.lowcaly.com\/sv\/wp-json\/wp\/v2\/comments?post=496"}],"version-history":[{"count":0,"href":"https:\/\/www.lowcaly.com\/sv\/wp-json\/wp\/v2\/pages\/496\/revisions"}],"wp:attachment":[{"href":"https:\/\/www.lowcaly.com\/sv\/wp-json\/wp\/v2\/media?parent=496"}],"curies":[{"name":"wp","href":"https:\/\/api.w.org\/{rel}","templated":true}]}}