{"id":559,"date":"2025-09-14T14:56:16","date_gmt":"2025-09-14T14:56:16","guid":{"rendered":"http:\/\/lowcaly-new.local\/?page_id=559"},"modified":"2025-10-08T08:16:26","modified_gmt":"2025-10-08T08:16:26","slug":"kontakt","status":"publish","type":"page","link":"https:\/\/www.lowcaly.com\/sv\/kontakt\/","title":{"rendered":"Kontakt"},"content":{"rendered":"\n<div class=\"wp-block-lowcaly-blocks-hero lowcaly-hero\" style=\"max-height:80vh\" data-content-type=\"media-only\" data-mobile-clickable=\"false\" data-mobile-click-url=\"\"><img decoding=\"async\" src=\"http:\/\/www.lowcaly.com\/wp-content\/uploads\/2025\/09\/lowcaly_header_contact_16_9.jpg\" alt=\"\" class=\"hero-image\"\/><\/div>\n\n\n\n<div class=\"wp-block-lowcaly-blocks-whitespace lowcaly-whitespace\" style=\"--desktop-height:6rem;--mobile-height:6rem;height:var(--desktop-height);display:block;width:100%\"><\/div>\n\n\n\n<div class=\"wp-block-lowcaly-blocks-headline lowcaly-headline max-width--site-default\"><h1 class=\"headline headline-text heading--large color-primary text-align--center\">Kontakta oss<\/h1><\/div>\n\n\n\n<div class=\"wp-block-lowcaly-blocks-whitespace lowcaly-whitespace\" style=\"--desktop-height:2rem;--mobile-height:2rem;height:var(--desktop-height);display:block;width:100%\"><\/div>\n\n\n\n<div class=\"wp-block-lowcaly-blocks-simple-content lowcaly-simple-content max-width--site-narrow\"><div class=\"simple-content-text content--medium color-primary text-align--left  \"><p>Saknar du din favoritsmak? Vill du samarbeta? Eller vill du helt enkelt bara ber\u00e4tta hur mycket du \u00e4lskar oss? Fyll i formul\u00e4ret nedan s\u00e5 lovar vi att \u00e5terkoppla till dig s\u00e5 snabbt vi bara kan.<\/p><p>V\u00e4nligen v\u00e4lj b\u00e4gge alternativ nedan f\u00f6r att f\u00e5 r\u00e4tt formul\u00e4r.<\/p><\/div><\/div>\n\n\n\n<div class=\"wp-block-lowcaly-blocks-whitespace lowcaly-whitespace\" style=\"--desktop-height:4rem;--mobile-height:4rem;height:var(--desktop-height);display:block;width:100%\"><\/div>\n\n\n<div class=\"wp-block-lowcaly-blocks-wpforms-selector max-width--site-narrow\"><div class=\"wpforms-container contact-form wpforms-render-modern\" id=\"wpforms-955\"><form id=\"wpforms-form-955\" class=\"wpforms-validate wpforms-form wpforms-ajax-form\" data-formid=\"955\" method=\"post\" enctype=\"multipart\/form-data\" action=\"\/sv\/wp-json\/wp\/v2\/pages\/559?wpforms_form_id=955\" data-token=\"dc7566e3132c13873f171a7418913cc4\" data-token-time=\"1777528571\"><noscript class=\"wpforms-error-noscript\">Aktivera JavaScript i din webbl\u00e4sare f\u00f6r att fylla i formul\u00e4ret.<\/noscript><div id=\"wpforms-error-noscript\" style=\"display: none;\">Aktivera JavaScript i din webbl\u00e4sare f\u00f6r att fylla i formul\u00e4ret.<\/div><div class=\"wpforms-field-container\"><div id=\"wpforms-955-field_3-container\" class=\"wpforms-field wpforms-field-select fullwidth wpforms-conditional-trigger wpforms-field-select-style-classic\" data-field-id=\"3\"><label class=\"wpforms-field-label wpforms-label-hide\" for=\"wpforms-955-field_3\" aria-hidden=\"false\">Land <span class=\"wpforms-required-label\" aria-hidden=\"true\">*<\/span><\/label><select id=\"wpforms-955-field_3\" class=\"wpforms-field-medium wpforms-field-required\" name=\"wpforms[fields][3]\" required=\"required\"><option value=\"\" class=\"placeholder\" disabled  selected='selected'>Vilket land kommer du ifr\u00e5n?<\/option><option value=\"Sverige\"  class=\"choice-1 depth-1\"  >Sverige<\/option><option value=\"Norge\"  class=\"choice-2 depth-1\"  >Norge<\/option><option value=\"Finland\"  class=\"choice-3 depth-1\"  >Finland<\/option><option value=\"Danmark\"  class=\"choice-4 depth-1\"  >Danmark<\/option><option value=\"Island\"  class=\"choice-5 depth-1\"  >Island<\/option><option value=\"Spanien\"  class=\"choice-6 depth-1\"  >Spanien<\/option><option value=\"Italien\"  class=\"choice-7 depth-1\"  >Italien<\/option><option value=\"Frankrike\"  class=\"choice-8 depth-1\"  >Frankrike<\/option><option value=\"Slovenien\"  class=\"choice-9 depth-1\"  >Slovenien<\/option><option value=\"Nederl\u00e4nderna\"  class=\"choice-10 depth-1\"  >Nederl\u00e4nderna<\/option><option value=\"Belgien\"  class=\"choice-11 depth-1\"  >Belgien<\/option><option value=\"Kina\"  class=\"choice-12 depth-1\"  >Kina<\/option><option value=\"Annat\"  class=\"choice-13 depth-1\"  >Annat<\/option><\/select><\/div><div id=\"wpforms-955-field_2-container\" class=\"wpforms-field wpforms-field-select fullwidth wpforms-conditional-trigger wpforms-field-select-style-classic\" data-field-id=\"2\"><label class=\"wpforms-field-label wpforms-label-hide\" for=\"wpforms-955-field_2\" aria-hidden=\"false\">F\u00f6rfr\u00e5gan <span class=\"wpforms-required-label\" aria-hidden=\"true\">*<\/span><\/label><select id=\"wpforms-955-field_2\" class=\"wpforms-field-medium wpforms-field-required\" name=\"wpforms[fields][2]\" required=\"required\"><option value=\"\" class=\"placeholder\" disabled  selected='selected'>V\u00e4lj \u00e4rende<\/option><option value=\"Reklamationer\"  class=\"choice-1 depth-1\"  >Reklamationer<\/option><option value=\"F\u00f6rs\u00e4ljning och distribution\"  class=\"choice-2 depth-1\"  >F\u00f6rs\u00e4ljning och distribution<\/option><option value=\"Sponsringsf\u00f6rfr\u00e5gningar\"  class=\"choice-5 depth-1\"  >Sponsringsf\u00f6rfr\u00e5gningar<\/option><option value=\"Samarbetsf\u00f6rfr\u00e5gningar\"  class=\"choice-3 depth-1\"  >Samarbetsf\u00f6rfr\u00e5gningar<\/option><option value=\"Produktfr\u00e5ga\"  class=\"choice-4 depth-1\"  >Produktfr\u00e5ga<\/option><\/select><\/div><div id=\"wpforms-955-field_35-container\" class=\"wpforms-field wpforms-field-html wpforms-conditional-field wpforms-conditional-show\" data-field-id=\"35\" style=\"display:none;\"><div id=\"wpforms-955-field_35\" aria-errormessage=\"wpforms-955-field_35-error\"><span style=\"text-transform: math-auto;margin-left: 1rem;dispaly: flex;\">Om \u00e4rendet r\u00f6r en reklamation v\u00e4lj \u00e4rendet &#8221;Reklamationer&#8221; och fyll i info f\u00f6r att vi ska kunna behandla \u00e4rendet vidare.<\/span><\/div><\/div><div id=\"wpforms-955-field_25-container\" class=\"wpforms-field wpforms-field-textarea fullwidth wpforms-conditional-field wpforms-conditional-show\" data-field-id=\"25\" style=\"display:none;\"><label class=\"wpforms-field-label wpforms-label-hide\" for=\"wpforms-955-field_25\" aria-hidden=\"false\">Meddelande\/\u00c4rendefr\u00e5ga <span class=\"wpforms-required-label\" aria-hidden=\"true\">*<\/span><\/label><textarea id=\"wpforms-955-field_25\" class=\"wpforms-field-medium wpforms-field-required\" name=\"wpforms[fields][25]\" placeholder=\"Meddelande\/\u00c4rendefr\u00e5ga\" aria-errormessage=\"wpforms-955-field_25-error\" required><\/textarea><\/div><div id=\"wpforms-955-field_31-container\" class=\"wpforms-field wpforms-field-layout\" data-field-id=\"31\"><div class=\"wpforms-field-layout-rows wpforms-field-large\"><div class=\"wpforms-layout-row\"><div class=\"wpforms-layout-column wpforms-layout-column-50\"><div id=\"wpforms-955-field_1-container\" class=\"wpforms-field wpforms-field-text wpforms-conditional-field wpforms-conditional-show\" data-field-id=\"1\" style=\"display:none;\"><label class=\"wpforms-field-label wpforms-label-hide\" for=\"wpforms-955-field_1\" aria-hidden=\"false\">F\u00f6rnamn <span class=\"wpforms-required-label\" aria-hidden=\"true\">*<\/span><\/label><input type=\"text\" id=\"wpforms-955-field_1\" class=\"wpforms-field-medium wpforms-field-required\" name=\"wpforms[fields][1]\" placeholder=\"F\u00f6rnamn\" aria-errormessage=\"wpforms-955-field_1-error\" required><\/div><\/div><div class=\"wpforms-layout-column wpforms-layout-column-50\"><div id=\"wpforms-955-field_4-container\" class=\"wpforms-field wpforms-field-text wpforms-conditional-field wpforms-conditional-show\" data-field-id=\"4\" style=\"display:none;\"><label class=\"wpforms-field-label wpforms-label-hide\" for=\"wpforms-955-field_4\" aria-hidden=\"false\">Efternamn <span class=\"wpforms-required-label\" aria-hidden=\"true\">*<\/span><\/label><input type=\"text\" id=\"wpforms-955-field_4\" class=\"wpforms-field-medium wpforms-field-required\" name=\"wpforms[fields][4]\" placeholder=\"Efternamn\" aria-errormessage=\"wpforms-955-field_4-error\" required><\/div><\/div><\/div><\/div><\/div><div id=\"wpforms-955-field_32-container\" class=\"wpforms-field wpforms-field-layout\" data-field-id=\"32\"><div class=\"wpforms-field-layout-rows wpforms-field-large\"><div class=\"wpforms-layout-row\"><div class=\"wpforms-layout-column wpforms-layout-column-50\"><div id=\"wpforms-955-field_6-container\" class=\"wpforms-field wpforms-field-email wpforms-conditional-field wpforms-conditional-show\" data-field-id=\"6\" style=\"display:none;\"><label class=\"wpforms-field-label wpforms-label-hide\" for=\"wpforms-955-field_6\" aria-hidden=\"false\">Email <span class=\"wpforms-required-label\" aria-hidden=\"true\">*<\/span><\/label><input type=\"email\" id=\"wpforms-955-field_6\" class=\"wpforms-field-medium wpforms-field-required\" name=\"wpforms[fields][6]\" placeholder=\"Email\" spellcheck=\"false\" aria-errormessage=\"wpforms-955-field_6-error\" required><\/div><\/div><div class=\"wpforms-layout-column wpforms-layout-column-50\"><div id=\"wpforms-955-field_11-container\" class=\"wpforms-field wpforms-field-text wpforms-conditional-field wpforms-conditional-show\" data-field-id=\"11\" style=\"display:none;\"><label class=\"wpforms-field-label wpforms-label-hide\" for=\"wpforms-955-field_11\" aria-hidden=\"false\">Stad <span class=\"wpforms-required-label\" aria-hidden=\"true\">*<\/span><\/label><input type=\"text\" id=\"wpforms-955-field_11\" class=\"wpforms-field-medium wpforms-field-required\" name=\"wpforms[fields][11]\" placeholder=\"Stad\" aria-errormessage=\"wpforms-955-field_11-error\" required><\/div><\/div><\/div><\/div><\/div><div id=\"wpforms-955-field_9-container\" class=\"wpforms-field wpforms-field-text wpforms-conditional-field wpforms-conditional-show\" data-field-id=\"9\" style=\"display:none;\"><label class=\"wpforms-field-label wpforms-label-hide\" for=\"wpforms-955-field_9\" aria-hidden=\"false\">Adress <span class=\"wpforms-required-label\" aria-hidden=\"true\">*<\/span><\/label><input type=\"text\" id=\"wpforms-955-field_9\" class=\"wpforms-field-medium wpforms-field-required\" name=\"wpforms[fields][9]\" placeholder=\"Adress\" aria-errormessage=\"wpforms-955-field_9-error\" required><\/div><div id=\"wpforms-955-field_10-container\" class=\"wpforms-field wpforms-field-phone wpforms-conditional-field wpforms-conditional-show\" data-field-id=\"10\" style=\"display:none;\"><label class=\"wpforms-field-label wpforms-label-hide\" for=\"wpforms-955-field_10\" aria-hidden=\"false\">Telefon <span class=\"wpforms-required-label\" aria-hidden=\"true\">*<\/span><\/label><input type=\"tel\" id=\"wpforms-955-field_10\" class=\"wpforms-field-medium wpforms-field-required wpforms-smart-phone-field\" data-rule-smart-phone-field=\"true\" name=\"wpforms[fields][10]\" placeholder=\"Telefon\" aria-label=\"Telefon\" aria-errormessage=\"wpforms-955-field_10-error\" required><\/div><div id=\"wpforms-955-field_12-container\" class=\"wpforms-field wpforms-field-text wpforms-conditional-field wpforms-conditional-show\" data-field-id=\"12\" style=\"display:none;\"><label class=\"wpforms-field-label wpforms-label-hide\" for=\"wpforms-955-field_12\" aria-hidden=\"false\">Postnummer <span class=\"wpforms-required-label\" aria-hidden=\"true\">*<\/span><\/label><input type=\"text\" id=\"wpforms-955-field_12\" class=\"wpforms-field-medium wpforms-field-required\" name=\"wpforms[fields][12]\" placeholder=\"Postnummer\" aria-errormessage=\"wpforms-955-field_12-error\" required><\/div><div id=\"wpforms-955-field_13-container\" class=\"wpforms-field wpforms-field-text wpforms-conditional-field wpforms-conditional-show\" data-field-id=\"13\" style=\"display:none;\"><label class=\"wpforms-field-label wpforms-label-hide\" for=\"wpforms-955-field_13\" aria-hidden=\"false\">Produkt ni vill reklamera <span class=\"wpforms-required-label\" aria-hidden=\"true\">*<\/span><\/label><input type=\"text\" id=\"wpforms-955-field_13\" class=\"wpforms-field-medium wpforms-field-required\" name=\"wpforms[fields][13]\" placeholder=\"Produkt ni vill reklamera\" aria-errormessage=\"wpforms-955-field_13-error\" required><\/div><div id=\"wpforms-955-field_33-container\" class=\"wpforms-field wpforms-field-layout\" data-field-id=\"33\"><div class=\"wpforms-field-layout-rows wpforms-field-large\"><div class=\"wpforms-layout-row\"><div class=\"wpforms-layout-column wpforms-layout-column-50\"><div id=\"wpforms-955-field_14-container\" class=\"wpforms-field wpforms-field-text wpforms-conditional-field wpforms-conditional-show\" data-field-id=\"14\" style=\"display:none;\"><label class=\"wpforms-field-label wpforms-label-hide\" for=\"wpforms-955-field_14\" aria-hidden=\"false\">Butiksnamn <span class=\"wpforms-required-label\" aria-hidden=\"true\">*<\/span><\/label><input type=\"text\" id=\"wpforms-955-field_14\" class=\"wpforms-field-medium wpforms-field-required\" name=\"wpforms[fields][14]\" placeholder=\"Butiksnamn\" aria-errormessage=\"wpforms-955-field_14-error\" required><\/div><\/div><div class=\"wpforms-layout-column wpforms-layout-column-50\"><div id=\"wpforms-955-field_15-container\" class=\"wpforms-field wpforms-field-date-time wpforms-conditional-field wpforms-conditional-show\" data-field-id=\"15\" style=\"display:none;\"><label class=\"wpforms-field-label wpforms-label-hide\" for=\"wpforms-955-field_15\" aria-hidden=\"false\">Ink\u00f6psdatum <span class=\"wpforms-required-label\" aria-hidden=\"true\">*<\/span><\/label><div class=\"wpforms-datepicker-wrap\"><input type=\"text\" id=\"wpforms-955-field_15\" class=\"wpforms-field-date-time-date wpforms-datepicker wpforms-field-required wpforms-field-medium\" data-date-format=\"F j, Y\" data-disable-past-dates=\"0\" data-input=\"true\" name=\"wpforms[fields][15][date]\" placeholder=\"Ink\u00f6psdatum\" aria-errormessage=\"wpforms-955-field_15-error\" required><a title=\"Clear Date\" data-clear role=\"button\" tabindex=\"0\" class=\"wpforms-datepicker-clear\" aria-label=\"Clear Date\" style=\"display:none;\"><\/a><\/div><\/div><\/div><\/div><\/div><\/div><div id=\"wpforms-955-field_17-container\" class=\"wpforms-field wpforms-field-textarea fullwidth wpforms-conditional-field wpforms-conditional-show\" data-field-id=\"17\" style=\"display:none;\"><label class=\"wpforms-field-label wpforms-label-hide\" for=\"wpforms-955-field_17\" aria-hidden=\"false\">Beskriv problemet med produkten <span class=\"wpforms-required-label\" aria-hidden=\"true\">*<\/span><\/label><textarea id=\"wpforms-955-field_17\" class=\"wpforms-field-medium wpforms-field-required\" name=\"wpforms[fields][17]\" placeholder=\"Beskriv problemet med produkten\" aria-errormessage=\"wpforms-955-field_17-error\" required><\/textarea><\/div><div id=\"wpforms-955-field_34-container\" class=\"wpforms-field wpforms-field-content fullwidth wpforms-conditional-field wpforms-conditional-show\" data-field-id=\"34\" style=\"display:none;\"><div id=\"wpforms-955-field_34\" class=\"wpforms-field-medium wpforms-field-row\" aria-errormessage=\"wpforms-955-field_34-error\"><h4 class=\"text-xm file-input\">F\u00f6r att kunna hantera ditt \u00e4rende beh\u00f6ver vi bild p\u00e5 Batch-numret (\u00e5terges p\u00e5 folie-lock, alternativt flaskhals), samt bild p\u00e5 inneh\u00e5llet i b\u00e4garen\/flaskan.<\/h4>\n<div class=\"wpforms-field-content-display-frontend-clear\"><\/div><\/div><\/div><div id=\"wpforms-955-field_19-container\" class=\"wpforms-field wpforms-field-file-upload wpforms-conditional-field wpforms-conditional-show\" data-field-id=\"19\" style=\"display:none;\"><label class=\"wpforms-field-label\" for=\"wpforms-955-field_19\">L\u00e4gg till bild p\u00e5 batch-kod: (max 5 bilder) <span class=\"wpforms-required-label\" aria-hidden=\"true\">*<\/span><\/label><div\n\t\tclass=\"wpforms-uploader wpforms-field-required\"\n\t\tdata-field-id=\"19\"\n\t\tdata-form-id=\"955\"\n\t\tdata-input-name=\"wpforms_955_19\"\n\t\tdata-extensions=\"jpg,jpeg,png\"\n\t\tdata-max-size=\"5242880\"\n\t\tdata-max-file-number=\"5\"\n\t\tdata-post-max-size=\"52428800\"\n\t\tdata-max-parallel-uploads=\"4\"\n\t\tdata-parallel-uploads=\"true\"\n\t\tdata-file-chunk-size=\"2097152\">\n\t<div class=\"dz-message\">\n\t\t<svg  viewBox=\"0 0 640 640\" focusable=\"false\" data-icon=\"inbox\" width=\"50px\" height=\"50px\" fill=\"currentColor\" aria-hidden=\"true\">\n\t\t\t<path d=\"M352 173.3L352 384C352 401.7 337.7 416 320 416C302.3 416 288 401.7 288 384L288 173.3L246.6 214.7C234.1 227.2 213.8 227.2 201.3 214.7C188.8 202.2 188.8 181.9 201.3 169.4L297.3 73.4C309.8 60.9 330.1 60.9 342.6 73.4L438.6 169.4C451.1 181.9 451.1 202.2 438.6 214.7C426.1 227.2 405.8 227.2 393.3 214.7L352 173.3zM320 464C364.2 464 400 428.2 400 384L480 384C515.3 384 544 412.7 544 448L544 480C544 515.3 515.3 544 480 544L160 544C124.7 544 96 515.3 96 480L96 448C96 412.7 124.7 384 160 384L240 384C240 428.2 275.8 464 320 464zM464 488C477.3 488 488 477.3 488 464C488 450.7 477.3 440 464 440C450.7 440 440 450.7 440 464C440 477.3 450.7 488 464 488z\"\/>\n\t\t<\/svg>\n\n\t\t<span class=\"modern-title\">\n\t\t\t\t\t\t\tDrag &amp; Drop Files, \t\t\t\t<span>Choose Files to Upload<\/span>\n\t\t\t\t\t<\/span>\n\n\t\t\t\t\t<span class=\"modern-hint\">Du kan ladda upp upp till 5 filer.<\/span>\n\t\t\t<\/div>\n<\/div>\n\n<input\n\t\ttype=\"text\"\n\t\tautocomplete=\"off\"\n\t\treadonly\n\t\tclass=\"dropzone-input\"\n\t\tstyle=\"position:absolute!important;clip:rect(0,0,0,0)!important;height:1px!important;width:1px!important;border:0!important;overflow:hidden!important;padding:0!important;margin:0!important;\"\n\t\tid=\"wpforms-955-field_19\"\n\t\tname=\"wpforms_955_19\" required\t\tvalue=\"\">\n<\/div><div id=\"wpforms-955-field_21-container\" class=\"wpforms-field wpforms-field-file-upload wpforms-conditional-field wpforms-conditional-show\" data-field-id=\"21\" style=\"display:none;\"><label class=\"wpforms-field-label\" for=\"wpforms-955-field_21\">L\u00e4gg till bild p\u00e5 produkt: (max 5 bilder) <span class=\"wpforms-required-label\" aria-hidden=\"true\">*<\/span><\/label><div\n\t\tclass=\"wpforms-uploader wpforms-field-required\"\n\t\tdata-field-id=\"21\"\n\t\tdata-form-id=\"955\"\n\t\tdata-input-name=\"wpforms_955_21\"\n\t\tdata-extensions=\"jpg,jpeg,png\"\n\t\tdata-max-size=\"5242880\"\n\t\tdata-max-file-number=\"5\"\n\t\tdata-post-max-size=\"52428800\"\n\t\tdata-max-parallel-uploads=\"4\"\n\t\tdata-parallel-uploads=\"true\"\n\t\tdata-file-chunk-size=\"2097152\">\n\t<div class=\"dz-message\">\n\t\t<svg  viewBox=\"0 0 640 640\" focusable=\"false\" data-icon=\"inbox\" width=\"50px\" height=\"50px\" fill=\"currentColor\" aria-hidden=\"true\">\n\t\t\t<path d=\"M352 173.3L352 384C352 401.7 337.7 416 320 416C302.3 416 288 401.7 288 384L288 173.3L246.6 214.7C234.1 227.2 213.8 227.2 201.3 214.7C188.8 202.2 188.8 181.9 201.3 169.4L297.3 73.4C309.8 60.9 330.1 60.9 342.6 73.4L438.6 169.4C451.1 181.9 451.1 202.2 438.6 214.7C426.1 227.2 405.8 227.2 393.3 214.7L352 173.3zM320 464C364.2 464 400 428.2 400 384L480 384C515.3 384 544 412.7 544 448L544 480C544 515.3 515.3 544 480 544L160 544C124.7 544 96 515.3 96 480L96 448C96 412.7 124.7 384 160 384L240 384C240 428.2 275.8 464 320 464zM464 488C477.3 488 488 477.3 488 464C488 450.7 477.3 440 464 440C450.7 440 440 450.7 440 464C440 477.3 450.7 488 464 488z\"\/>\n\t\t<\/svg>\n\n\t\t<span class=\"modern-title\">\n\t\t\t\t\t\t\tDrag &amp; Drop Files, \t\t\t\t<span>Choose Files to Upload<\/span>\n\t\t\t\t\t<\/span>\n\n\t\t\t\t\t<span class=\"modern-hint\">Du kan ladda upp upp till 5 filer.<\/span>\n\t\t\t<\/div>\n<\/div>\n\n<input\n\t\ttype=\"text\"\n\t\tautocomplete=\"off\"\n\t\treadonly\n\t\tclass=\"dropzone-input\"\n\t\tstyle=\"position:absolute!important;clip:rect(0,0,0,0)!important;height:1px!important;width:1px!important;border:0!important;overflow:hidden!important;padding:0!important;margin:0!important;\"\n\t\tid=\"wpforms-955-field_21\"\n\t\tname=\"wpforms_955_21\" required\t\tvalue=\"\">\n<\/div><div id=\"wpforms-955-field_22-container\" class=\"wpforms-field wpforms-field-textarea fullwidth wpforms-conditional-field wpforms-conditional-show\" data-field-id=\"22\" style=\"display:none;\"><label class=\"wpforms-field-label wpforms-label-hide\" for=\"wpforms-955-field_22\" aria-hidden=\"false\">Beskrivning av ert f\u00f6retag\/organisation <span class=\"wpforms-required-label\" aria-hidden=\"true\">*<\/span><\/label><textarea id=\"wpforms-955-field_22\" class=\"wpforms-field-medium wpforms-field-required\" name=\"wpforms[fields][22]\" placeholder=\"Beskrivning av ert f\u00f6retag\/organisation\" aria-errormessage=\"wpforms-955-field_22-error\" required><\/textarea><\/div><div id=\"wpforms-955-field_27-container\" class=\"wpforms-field wpforms-field-select fullwidth wpforms-conditional-field wpforms-conditional-show wpforms-field-select-style-classic\" data-field-id=\"27\" style=\"display:none;\"><label class=\"wpforms-field-label wpforms-label-hide\" for=\"wpforms-955-field_27\" aria-hidden=\"false\">Har ni koppling till tr\u00e4ning \/ h\u00e4lsa? <span class=\"wpforms-required-label\" aria-hidden=\"true\">*<\/span><\/label><select id=\"wpforms-955-field_27\" class=\"wpforms-field-medium wpforms-field-required\" name=\"wpforms[fields][27]\" required=\"required\"><option value=\"\" class=\"placeholder\" disabled  selected='selected'>Har ni koppling till tr\u00e4ning \/ h\u00e4lsa?<\/option><option value=\"Ja\"  class=\"choice-1 depth-1\"  >Ja<\/option><option value=\"Nej\"  class=\"choice-2 depth-1\"  >Nej<\/option><\/select><\/div><div id=\"wpforms-955-field_24-container\" class=\"wpforms-field wpforms-field-textarea fullwidth wpforms-conditional-field wpforms-conditional-show\" data-field-id=\"24\" style=\"display:none;\"><label class=\"wpforms-field-label wpforms-label-hide\" for=\"wpforms-955-field_24\" aria-hidden=\"false\">Beskrivning av vilken typ av sponsring ni s\u00f6ker och till vad <span class=\"wpforms-required-label\" aria-hidden=\"true\">*<\/span><\/label><textarea id=\"wpforms-955-field_24\" class=\"wpforms-field-medium wpforms-field-required\" name=\"wpforms[fields][24]\" placeholder=\"Beskrivning av vilken typ av sponsring ni s\u00f6ker och till vad\" aria-errormessage=\"wpforms-955-field_24-error\" required><\/textarea><\/div><div id=\"wpforms-955-field_28-container\" class=\"wpforms-field wpforms-field-html\" data-field-id=\"28\"><div id=\"wpforms-955-field_28\" aria-errormessage=\"wpforms-955-field_28-error\"><script>\r\n(function(){\r\n    document.querySelectorAll(\".contact-form select\").forEach(function(select){\r\n        select.insertAdjacentHTML(\"afterend\", \"<div class='dropdown-arrow'><\/div>\");\r\n    });\r\n})();\r\n<\/script><\/div><\/div><div id=\"wpforms-955-field_29-container\" class=\"wpforms-field wpforms-field-textarea fullwidth wpforms-conditional-field wpforms-conditional-show\" data-field-id=\"29\" style=\"display:none;\"><label class=\"wpforms-field-label wpforms-label-hide\" for=\"wpforms-955-field_29\" aria-hidden=\"false\">L\u00e4nk till Instagram \/ Andra kanaler <span class=\"wpforms-required-label\" aria-hidden=\"true\">*<\/span><\/label><textarea id=\"wpforms-955-field_29\" class=\"wpforms-field-medium wpforms-field-required\" name=\"wpforms[fields][29]\" placeholder=\"L\u00e4nk till Instagram \/ Andra kanaler\" aria-errormessage=\"wpforms-955-field_29-error\" required><\/textarea><\/div><div id=\"wpforms-955-field_30-container\" class=\"wpforms-field wpforms-field-textarea fullwidth wpforms-conditional-field wpforms-conditional-show\" data-field-id=\"30\" style=\"display:none;\"><label class=\"wpforms-field-label wpforms-label-hide\" for=\"wpforms-955-field_30\" aria-hidden=\"false\">Motivering till varf\u00f6r du vill bli ambassad\u00f6r och beskrivning av vilken m\u00e5lgrupp du n\u00e5r ut till <span class=\"wpforms-required-label\" aria-hidden=\"true\">*<\/span><\/label><textarea id=\"wpforms-955-field_30\" class=\"wpforms-field-medium wpforms-field-required\" name=\"wpforms[fields][30]\" placeholder=\"Motivering till varf\u00f6r du vill bli ambassad\u00f6r och beskrivning av vilken m\u00e5lgrupp du n\u00e5r ut till\" aria-errormessage=\"wpforms-955-field_30-error\" required><\/textarea><\/div><\/div><!-- .wpforms-field-container --><div class=\"wpforms-submit-container\" ><input type=\"hidden\" name=\"wpforms[id]\" value=\"955\"><input type=\"hidden\" name=\"page_title\" value=\"\"><input type=\"hidden\" name=\"page_url\" value=\"https:\/\/www.lowcaly.com\/sv\/wp-json\/wp\/v2\/pages\/559\"><input type=\"hidden\" name=\"url_referer\" value=\"\"><button type=\"submit\" name=\"wpforms[submit]\" id=\"wpforms-submit-955\" class=\"wpforms-submit primary-btn btn\" data-alt-text=\"Skickar...\" data-submit-text=\"Skicka\" aria-live=\"assertive\" value=\"wpforms-submit\">Skicka<\/button><img loading=\"lazy\" decoding=\"async\" src=\"https:\/\/www.lowcaly.com\/wp-content\/plugins\/wpforms\/assets\/images\/submit-spin.svg\" class=\"wpforms-submit-spinner\" style=\"display: none;\" width=\"26\" height=\"26\" alt=\"Laddar\"><\/div><\/form><\/div>  <!-- .wpforms-container --><\/div>\n\n\n<div class=\"wp-block-lowcaly-blocks-whitespace lowcaly-whitespace\" style=\"--desktop-height:12rem;--mobile-height:12rem;height:var(--desktop-height);display:block;width:100%\"><\/div>\n\n\n\n<div class=\"wp-block-lowcaly-blocks-image-content-split lowcaly-image-content-split image-left mobile-image-top content-color-secondary content-align-center\"><div class=\"image-content-split-container\"><div class=\"image-section\"><img decoding=\"async\" src=\"http:\/\/www.lowcaly.com\/wp-content\/uploads\/2025\/09\/4f8863f196a2d6c9e3e9e347db22bf6ab9848676-e1757163992656.jpg\" alt=\"\" class=\"split-image\"\/><\/div><div class=\"content-section\"><div class=\"content-inner\"><h2 class=\"split-headline heading--large\">NYHET!\nLOWCALY WHITE PEACH \u2013 FRUKTIG OCH FR\u00c4SCH!<\/h2><div class=\"split-content content--xlarge\"><p>En frisk och s\u00f6t smakupplevelse med len vit persika i en fr\u00e4sch och sockerfri fruktdryck. Perfekt som en t\u00f6rstsl\u00e4ckare, till m\u00e5ltiden eller som bas i en smoothie.<\/p><\/div><div class=\"split-button-container\"><a class=\"split-button btn btn-filled btn-secondary\" href=\"https:\/\/www.lowcaly.com\/sv\/produkter\/fruktdryck\/white-peach\/\">L\u00c4S MER OM WHITE PEACH<\/a><\/div><\/div><\/div><\/div><\/div>\n\n\n\n<div class=\"wp-block-lowcaly-blocks-whitespace lowcaly-whitespace\" style=\"--desktop-height:1px;--mobile-height:1px;height:var(--desktop-height);display:block;width:100%\"><\/div>\n","protected":false},"excerpt":{"rendered":"","protected":false},"author":1,"featured_media":0,"parent":0,"menu_order":0,"comment_status":"closed","ping_status":"closed","template":"","meta":{"_acf_changed":false,"footnotes":""},"class_list":["post-559","page","type-page","status-publish","hentry"],"acf":[],"aioseo_notices":[],"_links":{"self":[{"href":"https:\/\/www.lowcaly.com\/sv\/wp-json\/wp\/v2\/pages\/559","targetHints":{"allow":["GET"]}}],"collection":[{"href":"https:\/\/www.lowcaly.com\/sv\/wp-json\/wp\/v2\/pages"}],"about":[{"href":"https:\/\/www.lowcaly.com\/sv\/wp-json\/wp\/v2\/types\/page"}],"author":[{"embeddable":true,"href":"https:\/\/www.lowcaly.com\/sv\/wp-json\/wp\/v2\/users\/1"}],"replies":[{"embeddable":true,"href":"https:\/\/www.lowcaly.com\/sv\/wp-json\/wp\/v2\/comments?post=559"}],"version-history":[{"count":0,"href":"https:\/\/www.lowcaly.com\/sv\/wp-json\/wp\/v2\/pages\/559\/revisions"}],"wp:attachment":[{"href":"https:\/\/www.lowcaly.com\/sv\/wp-json\/wp\/v2\/media?parent=559"}],"curies":[{"name":"wp","href":"https:\/\/api.w.org\/{rel}","templated":true}]}}