{"id":669,"date":"2025-09-21T12:03:32","date_gmt":"2025-09-21T12:03:32","guid":{"rendered":"http:\/\/lowcaly-new.local\/?page_id=669"},"modified":"2025-09-29T08:10:29","modified_gmt":"2025-09-29T08:10:29","slug":"nyheter","status":"publish","type":"page","link":"https:\/\/www.lowcaly.com\/sv\/nyheter\/","title":{"rendered":"Nyheter"},"content":{"rendered":"\n<div class=\"wp-block-lowcaly-blocks-whitespace lowcaly-whitespace\" style=\"--desktop-height:5rem;--mobile-height:3rem;height:var(--desktop-height);display:block;width:100%\"><\/div>\n\n\n\n<div class=\"wp-block-lowcaly-blocks-headline lowcaly-headline max-width--site-default\"><h1 class=\"headline headline-text heading--xlarge color-primary text-align--center\">Nyheter<\/h1><\/div>\n\n\n\n<div class=\"wp-block-lowcaly-blocks-whitespace lowcaly-whitespace\" style=\"--desktop-height:1rem;--mobile-height:1rem;height:var(--desktop-height);display:block;width:100%\"><\/div>\n\n\n<div class=\"wp-block-lowcaly-blocks-inspiration-display lowcaly-inspiration-display max-width--site-default\" data-display-mode=\"latest\" data-post-types=\"[&quot;news&quot;]\" data-post-type-labels=\"{&quot;news&quot;:&quot;Nyheter&quot;}\" data-selected-posts=\"[{&quot;id&quot;:418,&quot;title&quot;:&quot;10 dagar med mindre socker, u2028en utmaning f\\u00f6r v\\u00e4lm\\u00e5ende!&quot;,&quot;post_type&quot;:&quot;article&quot;},{&quot;id&quot;:442,&quot;title&quot;:&quot;Lime kissed strawberry&quot;,&quot;post_type&quot;:&quot;recipe&quot;}]\" data-show-post-type-filters=\"false\" data-card-max-width=\"300\" data-posts-per-page=\"12\" data-cta-text=\"L\u00e4s mer\" data-enable-pagination=\"true\" data-posts-per-page-paginated=\"9\" data-pagination-prev-label=\"F\u00f6reg\u00e5ende\" data-pagination-next-label=\"N\u00e4sta\" data-related-products=\"[]\" data-current-language=\"sv\" data-posts=\"[{&quot;id&quot;:1711,&quot;title&quot;:{&quot;rendered&quot;:&quot;Lowcaly Strawberry f\\u00e5r toppbetyg i Smakbox&quot;},&quot;link&quot;:&quot;https:\\\/\\\/www.lowcaly.com\\\/sv\\\/nyheter\\\/lowcaly-strawberry-far-toppbetyg-i-smakbox\\\/&quot;,&quot;date&quot;:&quot;2025-11-17T10:00:15+00:00&quot;,&quot;featured_image&quot;:&quot;https:\\\/\\\/www.lowcaly.com\\\/wp-content\\\/uploads\\\/2025\\\/11\\\/Strawberry-toppbetyg_3-768x869.jpg&quot;,&quot;excerpt&quot;:&quot;Lowcaly Strawberry har blivit en favorit bland Smakbox-kunderna. Drycken lyfts som en av de mest uppskattade i sin kategori med&hellip;&quot;,&quot;post_type&quot;:&quot;news&quot;,&quot;post_type_singular_name&quot;:&quot;Nyhet&quot;},{&quot;id&quot;:859,&quot;title&quot;:{&quot;rendered&quot;:&quot;Sockerfritt i fokus \\u2013 Lowcaly f\\u00e5r ny design&quot;},&quot;link&quot;:&quot;https:\\\/\\\/www.lowcaly.com\\\/sv\\\/nyheter\\\/sockerfritt-i-fokus-lowcaly-far-ny-design\\\/&quot;,&quot;date&quot;:&quot;2025-10-01T21:35:00+00:00&quot;,&quot;featured_image&quot;:&quot;https:\\\/\\\/www.lowcaly.com\\\/wp-content\\\/uploads\\\/2025\\\/09\\\/lowcaly_new-design_artikel-768x767.jpg&quot;,&quot;excerpt&quot;:&quot;Lowcaly lanserar en ny f\\u00f6rpackningsdesign som g\\u00f6r det enklare att hitta v\\u00e5ra drycker i butik. Designen rullas ut under h\\u00f6sten&hellip;&quot;,&quot;post_type&quot;:&quot;news&quot;,&quot;post_type_singular_name&quot;:&quot;Nyhet&quot;},{&quot;id&quot;:434,&quot;title&quot;:{&quot;rendered&quot;:&quot;Lowcaly White Peach f\\u00e5r toppbetyg i Smakbox&quot;},&quot;link&quot;:&quot;https:\\\/\\\/www.lowcaly.com\\\/sv\\\/nyheter\\\/lowcaly-white-peach-far-toppbetyg-i-smakbox\\\/&quot;,&quot;date&quot;:&quot;2025-09-21T21:25:50+00:00&quot;,&quot;featured_image&quot;:&quot;https:\\\/\\\/www.lowcaly.com\\\/wp-content\\\/uploads\\\/2025\\\/09\\\/lowcaly_peach_smakbox-768x768.jpg&quot;,&quot;excerpt&quot;:&quot;V\\u00e5r nyhet Lowcaly White Peach har blivit en favorit bland Smakbox-kunderna. Drycken lyfts som en av de mest uppskattade i&hellip;&quot;,&quot;post_type&quot;:&quot;news&quot;,&quot;post_type_singular_name&quot;:&quot;Nyhet&quot;}]\" data-server-rendered=\"true\"><div class=\"inspiration-display\"><div class=\"inspiration-display__grid\" style=\"--card-max-width: 300px;\"><div class=\"inspiration-display__card\"><a href=\"https:\/\/www.lowcaly.com\/sv\/nyheter\/lowcaly-strawberry-far-toppbetyg-i-smakbox\/\" class=\"inspiration-display__card-link\"><div class=\"inspiration-display__image\"><img decoding=\"async\" src=\"https:\/\/www.lowcaly.com\/wp-content\/uploads\/2025\/11\/Strawberry-toppbetyg_3-768x869.jpg\" alt=\"Lowcaly Strawberry f\u00e5r toppbetyg i Smakbox\" \/><\/div><div class=\"inspiration-display__content\"><div class=\"inspiration-display__meta\"><span class=\"inspiration-display__type inspiration-display__type--news\">Nyhet<\/span><\/div><h3 class=\"inspiration-display__title heading--small\">Lowcaly Strawberry f\u00e5r toppbetyg i Smakbox<\/h3><div class=\"inspiration-display__excerpt content--medium\">Lowcaly Strawberry har blivit en favorit bland Smakbox-kunderna. Drycken lyfts som en av de mest uppskattade i sin kategori med&hellip;<\/div><div class=\"inspiration-display__link content--medium\"><span class=\"inspiration-display__read-more\">L\u00e4s mer<svg width=\"35\" height=\"12\" viewBox=\"0 0 35 14\" class=\"article-card-arrow\">\n        <line x1=\"0\" y1=\"8\" x2=\"35\" y2=\"8\" stroke=\"currentColor\" stroke-width=\"1\"\/>\n        <polyline points=\"30,4 35,8 30,12\" fill=\"none\" stroke=\"currentColor\" stroke-width=\"1\"\/>\n    <\/svg><\/span><\/div><\/div><\/a><\/div><div class=\"inspiration-display__card\"><a href=\"https:\/\/www.lowcaly.com\/sv\/nyheter\/sockerfritt-i-fokus-lowcaly-far-ny-design\/\" class=\"inspiration-display__card-link\"><div class=\"inspiration-display__image\"><img decoding=\"async\" src=\"https:\/\/www.lowcaly.com\/wp-content\/uploads\/2025\/09\/lowcaly_new-design_artikel-768x767.jpg\" alt=\"Sockerfritt i fokus \u2013 Lowcaly f\u00e5r ny design\" \/><\/div><div class=\"inspiration-display__content\"><div class=\"inspiration-display__meta\"><span class=\"inspiration-display__type inspiration-display__type--news\">Nyhet<\/span><\/div><h3 class=\"inspiration-display__title heading--small\">Sockerfritt i fokus \u2013 Lowcaly f\u00e5r ny design<\/h3><div class=\"inspiration-display__excerpt content--medium\">Lowcaly lanserar en ny f\u00f6rpackningsdesign som g\u00f6r det enklare att hitta v\u00e5ra drycker i butik. Designen rullas ut under h\u00f6sten&hellip;<\/div><div class=\"inspiration-display__link content--medium\"><span class=\"inspiration-display__read-more\">L\u00e4s mer<svg width=\"35\" height=\"12\" viewBox=\"0 0 35 14\" class=\"article-card-arrow\">\n        <line x1=\"0\" y1=\"8\" x2=\"35\" y2=\"8\" stroke=\"currentColor\" stroke-width=\"1\"\/>\n        <polyline points=\"30,4 35,8 30,12\" fill=\"none\" stroke=\"currentColor\" stroke-width=\"1\"\/>\n    <\/svg><\/span><\/div><\/div><\/a><\/div><div class=\"inspiration-display__card\"><a href=\"https:\/\/www.lowcaly.com\/sv\/nyheter\/lowcaly-white-peach-far-toppbetyg-i-smakbox\/\" class=\"inspiration-display__card-link\"><div class=\"inspiration-display__image\"><img decoding=\"async\" src=\"https:\/\/www.lowcaly.com\/wp-content\/uploads\/2025\/09\/lowcaly_peach_smakbox-768x768.jpg\" alt=\"Lowcaly White Peach f\u00e5r toppbetyg i Smakbox\" \/><\/div><div class=\"inspiration-display__content\"><div class=\"inspiration-display__meta\"><span class=\"inspiration-display__type inspiration-display__type--news\">Nyhet<\/span><\/div><h3 class=\"inspiration-display__title heading--small\">Lowcaly White Peach f\u00e5r toppbetyg i Smakbox<\/h3><div class=\"inspiration-display__excerpt content--medium\">V\u00e5r nyhet Lowcaly White Peach har blivit en favorit bland Smakbox-kunderna. Drycken lyfts som en av de mest uppskattade i&hellip;<\/div><div class=\"inspiration-display__link content--medium\"><span class=\"inspiration-display__read-more\">L\u00e4s mer<svg width=\"35\" height=\"12\" viewBox=\"0 0 35 14\" class=\"article-card-arrow\">\n        <line x1=\"0\" y1=\"8\" x2=\"35\" y2=\"8\" stroke=\"currentColor\" stroke-width=\"1\"\/>\n        <polyline points=\"30,4 35,8 30,12\" fill=\"none\" stroke=\"currentColor\" stroke-width=\"1\"\/>\n    <\/svg><\/span><\/div><\/div><\/a><\/div><\/div><\/div><\/div>\n\n\n<div class=\"wp-block-lowcaly-blocks-whitespace lowcaly-whitespace\" style=\"--desktop-height:3rem;--mobile-height:3rem;height:var(--desktop-height);display:block;width:100%\"><\/div>\n","protected":false},"excerpt":{"rendered":"","protected":false},"author":1,"featured_media":0,"parent":0,"menu_order":0,"comment_status":"closed","ping_status":"closed","template":"","meta":{"_acf_changed":false,"footnotes":""},"class_list":["post-669","page","type-page","status-publish","hentry"],"acf":[],"aioseo_notices":[],"_links":{"self":[{"href":"https:\/\/www.lowcaly.com\/sv\/wp-json\/wp\/v2\/pages\/669","targetHints":{"allow":["GET"]}}],"collection":[{"href":"https:\/\/www.lowcaly.com\/sv\/wp-json\/wp\/v2\/pages"}],"about":[{"href":"https:\/\/www.lowcaly.com\/sv\/wp-json\/wp\/v2\/types\/page"}],"author":[{"embeddable":true,"href":"https:\/\/www.lowcaly.com\/sv\/wp-json\/wp\/v2\/users\/1"}],"replies":[{"embeddable":true,"href":"https:\/\/www.lowcaly.com\/sv\/wp-json\/wp\/v2\/comments?post=669"}],"version-history":[{"count":0,"href":"https:\/\/www.lowcaly.com\/sv\/wp-json\/wp\/v2\/pages\/669\/revisions"}],"wp:attachment":[{"href":"https:\/\/www.lowcaly.com\/sv\/wp-json\/wp\/v2\/media?parent=669"}],"curies":[{"name":"wp","href":"https:\/\/api.w.org\/{rel}","templated":true}]}}