{"id":671,"date":"2025-09-21T12:03:59","date_gmt":"2025-09-21T12:03:59","guid":{"rendered":"http:\/\/lowcaly-new.local\/?page_id=671"},"modified":"2025-09-29T08:11:46","modified_gmt":"2025-09-29T08:11:46","slug":"recept","status":"publish","type":"page","link":"https:\/\/www.lowcaly.com\/sv\/recept\/","title":{"rendered":"Recept"},"content":{"rendered":"\n<div class=\"wp-block-lowcaly-blocks-whitespace lowcaly-whitespace\" style=\"--desktop-height:5rem;--mobile-height:3rem;height:var(--desktop-height);display:block;width:100%\"><\/div>\n\n\n\n<div class=\"wp-block-lowcaly-blocks-headline lowcaly-headline max-width--site-default\"><h1 class=\"headline headline-text heading--xlarge color-primary text-align--center\">Recept<\/h1><\/div>\n\n\n\n<div class=\"wp-block-lowcaly-blocks-whitespace lowcaly-whitespace\" style=\"--desktop-height:1rem;--mobile-height:1rem;height:var(--desktop-height);display:block;width:100%\"><\/div>\n\n\n<div class=\"wp-block-lowcaly-blocks-inspiration-display lowcaly-inspiration-display max-width--site-default\" data-display-mode=\"latest\" data-post-types=\"[&quot;recipe&quot;]\" data-post-type-labels=\"{&quot;recipe&quot;:&quot;Recept&quot;}\" data-selected-posts=\"[{&quot;id&quot;:418,&quot;title&quot;:&quot;10 dagar med mindre socker, u2028en utmaning f\\u00f6r v\\u00e4lm\\u00e5ende!&quot;,&quot;post_type&quot;:&quot;article&quot;},{&quot;id&quot;:442,&quot;title&quot;:&quot;Lime kissed strawberry&quot;,&quot;post_type&quot;:&quot;recipe&quot;}]\" data-show-post-type-filters=\"false\" data-card-max-width=\"300\" data-posts-per-page=\"12\" data-cta-text=\"L\u00e4s mer\" data-enable-pagination=\"true\" data-posts-per-page-paginated=\"9\" data-pagination-prev-label=\"F\u00f6reg\u00e5ende\" data-pagination-next-label=\"N\u00e4sta\" data-related-products=\"[]\" data-current-language=\"sv\" data-posts=\"[{&quot;id&quot;:1022,&quot;title&quot;:{&quot;rendered&quot;:&quot;Milky Tropical Drink&quot;},&quot;link&quot;:&quot;https:\\\/\\\/www.lowcaly.com\\\/sv\\\/recept\\\/milky-tropical-drink\\\/&quot;,&quot;date&quot;:&quot;2025-12-30T08:43:00+00:00&quot;,&quot;featured_image&quot;:&quot;https:\\\/\\\/www.lowcaly.com\\\/wp-content\\\/uploads\\\/2025\\\/09\\\/tropicalrecept_Webb02-768x768.jpg&quot;,&quot;excerpt&quot;:&quot;En kr\\u00e4mig och fr\\u00e4sch drink med tropiska vibbar \\u2013 perfekt n\\u00e4r du vill ha n\\u00e5got l\\u00e4tt, svalkande och lite exotiskt.&quot;,&quot;post_type&quot;:&quot;recipe&quot;,&quot;post_type_singular_name&quot;:&quot;Recept&quot;},{&quot;id&quot;:1775,&quot;title&quot;:{&quot;rendered&quot;:&quot;Morning Smoothie&quot;},&quot;link&quot;:&quot;https:\\\/\\\/www.lowcaly.com\\\/sv\\\/recept\\\/morningsmoothie\\\/&quot;,&quot;date&quot;:&quot;2025-11-19T09:18:37+00:00&quot;,&quot;featured_image&quot;:&quot;https:\\\/\\\/www.lowcaly.com\\\/wp-content\\\/uploads\\\/2025\\\/11\\\/Thereseelgquist_ver2-7296-1-768x1152.jpg&quot;,&quot;excerpt&quot;:&quot;En fruktig och uppfriskande start p\\u00e5 dagen med jordgubbar, banna och v\\u00e5r frukostdryck Sunny Orange. Kr\\u00e4migt, gott och fullt av&hellip;&quot;,&quot;post_type&quot;:&quot;recipe&quot;,&quot;post_type_singular_name&quot;:&quot;Recept&quot;},{&quot;id&quot;:1776,&quot;title&quot;:{&quot;rendered&quot;:&quot;Minty Citrus Mango Splash&quot;},&quot;link&quot;:&quot;https:\\\/\\\/www.lowcaly.com\\\/sv\\\/recept\\\/minty-citrus-mango-splash\\\/&quot;,&quot;date&quot;:&quot;2025-11-17T09:29:47+00:00&quot;,&quot;featured_image&quot;:&quot;https:\\\/\\\/www.lowcaly.com\\\/wp-content\\\/uploads\\\/2025\\\/11\\\/DSCF7249-2-1-768x1152.jpg&quot;,&quot;excerpt&quot;:&quot;En frisk och bubblig t\\u00f6rstsl\\u00e4ckare med mango, citron och mynta. Syrligt och svalkande p\\u00e5 samma g\\u00e5ng - perfekt n\\u00e4r du&hellip;&quot;,&quot;post_type&quot;:&quot;recipe&quot;,&quot;post_type_singular_name&quot;:&quot;Recept&quot;},{&quot;id&quot;:1773,&quot;title&quot;:{&quot;rendered&quot;:&quot;Warm Pear Drink\\u00a0&quot;},&quot;link&quot;:&quot;https:\\\/\\\/www.lowcaly.com\\\/sv\\\/recept\\\/warm-pear-drink\\\/&quot;,&quot;date&quot;:&quot;2025-11-17T09:27:45+00:00&quot;,&quot;featured_image&quot;:&quot;https:\\\/\\\/www.lowcaly.com\\\/wp-content\\\/uploads\\\/2025\\\/11\\\/Thereseelgquist_ver2-7101-1-768x1152.jpg&quot;,&quot;excerpt&quot;:&quot;En v\\u00e4rmande dryck med smak av p\\u00e4ron, kanel och ingef\\u00e4ra. Enkel att g\\u00f6ra och passar perfekt f\\u00f6r kyligare dagar.&quot;,&quot;post_type&quot;:&quot;recipe&quot;,&quot;post_type_singular_name&quot;:&quot;Recept&quot;},{&quot;id&quot;:1777,&quot;title&quot;:{&quot;rendered&quot;:&quot;Lime Kissed Strawberry&quot;},&quot;link&quot;:&quot;https:\\\/\\\/www.lowcaly.com\\\/sv\\\/recept\\\/lime-kissed-strawberry-2\\\/&quot;,&quot;date&quot;:&quot;2025-11-17T09:16:35+00:00&quot;,&quot;featured_image&quot;:&quot;https:\\\/\\\/www.lowcaly.com\\\/wp-content\\\/uploads\\\/2025\\\/11\\\/DSCF7503-1-768x1152.jpg&quot;,&quot;excerpt&quot;:&quot;S\\u00f6ta jordgubbar, syrlig lime och en hint av basilika, en bubblig kombo som k\\u00e4nns lika fr\\u00e4sch som den l\\u00e5ter. En&hellip;&quot;,&quot;post_type&quot;:&quot;recipe&quot;,&quot;post_type_singular_name&quot;:&quot;Recept&quot;},{&quot;id&quot;:1756,&quot;title&quot;:{&quot;rendered&quot;:&quot;White Peach Mango Sorbet\\u00a0&quot;},&quot;link&quot;:&quot;https:\\\/\\\/www.lowcaly.com\\\/sv\\\/recept\\\/white-peach-mango-sorbet\\\/&quot;,&quot;date&quot;:&quot;2025-11-17T09:15:26+00:00&quot;,&quot;featured_image&quot;:&quot;https:\\\/\\\/www.lowcaly.com\\\/wp-content\\\/uploads\\\/2025\\\/11\\\/Thereseelgquist_ver2-7572-1-768x1152.jpg&quot;,&quot;excerpt&quot;:&quot;En frisk och fruktig sorbet med smak av vit persika och mango - s\\u00f6t, syrlig och full av smak. Ett&hellip;&quot;,&quot;post_type&quot;:&quot;recipe&quot;,&quot;post_type_singular_name&quot;:&quot;Recept&quot;},{&quot;id&quot;:1787,&quot;title&quot;:{&quot;rendered&quot;:&quot;Fresh\\u00a0Fruit\\u00a0Drink&quot;},&quot;link&quot;:&quot;https:\\\/\\\/www.lowcaly.com\\\/sv\\\/recept\\\/fresh-fruit-drink\\\/&quot;,&quot;date&quot;:&quot;2025-11-17T09:12:59+00:00&quot;,&quot;featured_image&quot;:&quot;https:\\\/\\\/www.lowcaly.com\\\/wp-content\\\/uploads\\\/2025\\\/11\\\/Thereseelgquist7118-1-768x1152.jpg&quot;,&quot;excerpt&quot;:&quot;Frisk t\\u00f6rstsl\\u00e4ckare med mango och apelsin - tropiskt, fruktigt och gott. En enkel favorit som alltid funkar.&quot;,&quot;post_type&quot;:&quot;recipe&quot;,&quot;post_type_singular_name&quot;:&quot;Recept&quot;},{&quot;id&quot;:1774,&quot;title&quot;:{&quot;rendered&quot;:&quot;Strawberry Slush Yoghurt Drink&quot;},&quot;link&quot;:&quot;https:\\\/\\\/www.lowcaly.com\\\/sv\\\/recept\\\/strawberry-slush-yoghurt-drink\\\/&quot;,&quot;date&quot;:&quot;2025-11-17T09:07:44+00:00&quot;,&quot;featured_image&quot;:&quot;https:\\\/\\\/www.lowcaly.com\\\/wp-content\\\/uploads\\\/2025\\\/11\\\/DSCF7324-1-768x1152.jpg&quot;,&quot;excerpt&quot;:&quot;Kr\\u00e4mig, s\\u00f6t och frisk dryck med smak av jordgubbar och mynta. En h\\u00e4lsosammare jordgubbsslush som passar perfekt till b\\u00e5de frukost,&hellip;&quot;,&quot;post_type&quot;:&quot;recipe&quot;,&quot;post_type_singular_name&quot;:&quot;Recept&quot;},{&quot;id&quot;:1474,&quot;title&quot;:{&quot;rendered&quot;:&quot;Sparkling Raspberry Lemonade\\u00a0&quot;},&quot;link&quot;:&quot;https:\\\/\\\/www.lowcaly.com\\\/sv\\\/recept\\\/sparkling-raspberry-lemonade\\\/&quot;,&quot;date&quot;:&quot;2025-10-03T11:05:25+00:00&quot;,&quot;featured_image&quot;:&quot;https:\\\/\\\/www.lowcaly.com\\\/wp-content\\\/uploads\\\/2025\\\/10\\\/Rasberryrecept_Webb02-768x768.jpg&quot;,&quot;excerpt&quot;:&quot;En fruktig och bubblande sockerfri t\\u00f6rstsl\\u00e4ckare med hallon, citron och fr\\u00e4sch koriander. Perfekt n\\u00e4r du vill ha n\\u00e5got l\\u00e4tt och&hellip;&quot;,&quot;post_type&quot;:&quot;recipe&quot;,&quot;post_type_singular_name&quot;:&quot;Recept&quot;}]\" data-server-rendered=\"true\"><div class=\"inspiration-display\"><div class=\"inspiration-display__grid\" style=\"--card-max-width: 300px;\"><div class=\"inspiration-display__card\"><a href=\"https:\/\/www.lowcaly.com\/sv\/recept\/milky-tropical-drink\/\" class=\"inspiration-display__card-link\"><div class=\"inspiration-display__image\"><img decoding=\"async\" src=\"https:\/\/www.lowcaly.com\/wp-content\/uploads\/2025\/09\/tropicalrecept_Webb02-768x768.jpg\" alt=\"Milky Tropical Drink\" \/><\/div><div class=\"inspiration-display__content\"><div class=\"inspiration-display__meta\"><span class=\"inspiration-display__type inspiration-display__type--recipe\">Recept<\/span><\/div><h3 class=\"inspiration-display__title heading--small\">Milky Tropical Drink<\/h3><div class=\"inspiration-display__excerpt content--medium\">En kr\u00e4mig och fr\u00e4sch drink med tropiska vibbar \u2013 perfekt n\u00e4r du vill ha n\u00e5got l\u00e4tt, svalkande och lite exotiskt.<\/div><div class=\"inspiration-display__link content--medium\"><span class=\"inspiration-display__read-more\">L\u00e4s mer<svg width=\"35\" height=\"12\" viewBox=\"0 0 35 14\" class=\"article-card-arrow\">\n        <line x1=\"0\" y1=\"8\" x2=\"35\" y2=\"8\" stroke=\"currentColor\" stroke-width=\"1\"\/>\n        <polyline points=\"30,4 35,8 30,12\" fill=\"none\" stroke=\"currentColor\" stroke-width=\"1\"\/>\n    <\/svg><\/span><\/div><\/div><\/a><\/div><div class=\"inspiration-display__card\"><a href=\"https:\/\/www.lowcaly.com\/sv\/recept\/morningsmoothie\/\" class=\"inspiration-display__card-link\"><div class=\"inspiration-display__image\"><img decoding=\"async\" src=\"https:\/\/www.lowcaly.com\/wp-content\/uploads\/2025\/11\/Thereseelgquist_ver2-7296-1-768x1152.jpg\" alt=\"Morning Smoothie\" \/><\/div><div class=\"inspiration-display__content\"><div class=\"inspiration-display__meta\"><span class=\"inspiration-display__type inspiration-display__type--recipe\">Recept<\/span><\/div><h3 class=\"inspiration-display__title heading--small\">Morning Smoothie<\/h3><div class=\"inspiration-display__excerpt content--medium\">En fruktig och uppfriskande start p\u00e5 dagen med jordgubbar, banna och v\u00e5r frukostdryck Sunny Orange. Kr\u00e4migt, gott och fullt av&hellip;<\/div><div class=\"inspiration-display__link content--medium\"><span class=\"inspiration-display__read-more\">L\u00e4s mer<svg width=\"35\" height=\"12\" viewBox=\"0 0 35 14\" class=\"article-card-arrow\">\n        <line x1=\"0\" y1=\"8\" x2=\"35\" y2=\"8\" stroke=\"currentColor\" stroke-width=\"1\"\/>\n        <polyline points=\"30,4 35,8 30,12\" fill=\"none\" stroke=\"currentColor\" stroke-width=\"1\"\/>\n    <\/svg><\/span><\/div><\/div><\/a><\/div><div class=\"inspiration-display__card\"><a href=\"https:\/\/www.lowcaly.com\/sv\/recept\/minty-citrus-mango-splash\/\" class=\"inspiration-display__card-link\"><div class=\"inspiration-display__image\"><img decoding=\"async\" src=\"https:\/\/www.lowcaly.com\/wp-content\/uploads\/2025\/11\/DSCF7249-2-1-768x1152.jpg\" alt=\"Minty Citrus Mango Splash\" \/><\/div><div class=\"inspiration-display__content\"><div class=\"inspiration-display__meta\"><span class=\"inspiration-display__type inspiration-display__type--recipe\">Recept<\/span><\/div><h3 class=\"inspiration-display__title heading--small\">Minty Citrus Mango Splash<\/h3><div class=\"inspiration-display__excerpt content--medium\">En frisk och bubblig t\u00f6rstsl\u00e4ckare med mango, citron och mynta. Syrligt och svalkande p\u00e5 samma g\u00e5ng &#8211; perfekt n\u00e4r du&hellip;<\/div><div class=\"inspiration-display__link content--medium\"><span class=\"inspiration-display__read-more\">L\u00e4s mer<svg width=\"35\" height=\"12\" viewBox=\"0 0 35 14\" class=\"article-card-arrow\">\n        <line x1=\"0\" y1=\"8\" x2=\"35\" y2=\"8\" stroke=\"currentColor\" stroke-width=\"1\"\/>\n        <polyline points=\"30,4 35,8 30,12\" fill=\"none\" stroke=\"currentColor\" stroke-width=\"1\"\/>\n    <\/svg><\/span><\/div><\/div><\/a><\/div><div class=\"inspiration-display__card\"><a href=\"https:\/\/www.lowcaly.com\/sv\/recept\/warm-pear-drink\/\" class=\"inspiration-display__card-link\"><div class=\"inspiration-display__image\"><img decoding=\"async\" src=\"https:\/\/www.lowcaly.com\/wp-content\/uploads\/2025\/11\/Thereseelgquist_ver2-7101-1-768x1152.jpg\" alt=\"Warm Pear Drink\u00a0\" \/><\/div><div class=\"inspiration-display__content\"><div class=\"inspiration-display__meta\"><span class=\"inspiration-display__type inspiration-display__type--recipe\">Recept<\/span><\/div><h3 class=\"inspiration-display__title heading--small\">Warm Pear Drink\u00a0<\/h3><div class=\"inspiration-display__excerpt content--medium\">En v\u00e4rmande dryck med smak av p\u00e4ron, kanel och ingef\u00e4ra. Enkel att g\u00f6ra och passar perfekt f\u00f6r kyligare dagar.<\/div><div class=\"inspiration-display__link content--medium\"><span class=\"inspiration-display__read-more\">L\u00e4s mer<svg width=\"35\" height=\"12\" viewBox=\"0 0 35 14\" class=\"article-card-arrow\">\n        <line x1=\"0\" y1=\"8\" x2=\"35\" y2=\"8\" stroke=\"currentColor\" stroke-width=\"1\"\/>\n        <polyline points=\"30,4 35,8 30,12\" fill=\"none\" stroke=\"currentColor\" stroke-width=\"1\"\/>\n    <\/svg><\/span><\/div><\/div><\/a><\/div><div class=\"inspiration-display__card\"><a href=\"https:\/\/www.lowcaly.com\/sv\/recept\/lime-kissed-strawberry-2\/\" class=\"inspiration-display__card-link\"><div class=\"inspiration-display__image\"><img decoding=\"async\" src=\"https:\/\/www.lowcaly.com\/wp-content\/uploads\/2025\/11\/DSCF7503-1-768x1152.jpg\" alt=\"Lime Kissed Strawberry\" \/><\/div><div class=\"inspiration-display__content\"><div class=\"inspiration-display__meta\"><span class=\"inspiration-display__type inspiration-display__type--recipe\">Recept<\/span><\/div><h3 class=\"inspiration-display__title heading--small\">Lime Kissed Strawberry<\/h3><div class=\"inspiration-display__excerpt content--medium\">S\u00f6ta jordgubbar, syrlig lime och en hint av basilika, en bubblig kombo som k\u00e4nns lika fr\u00e4sch som den l\u00e5ter. En&hellip;<\/div><div class=\"inspiration-display__link content--medium\"><span class=\"inspiration-display__read-more\">L\u00e4s mer<svg width=\"35\" height=\"12\" viewBox=\"0 0 35 14\" class=\"article-card-arrow\">\n        <line x1=\"0\" y1=\"8\" x2=\"35\" y2=\"8\" stroke=\"currentColor\" stroke-width=\"1\"\/>\n        <polyline points=\"30,4 35,8 30,12\" fill=\"none\" stroke=\"currentColor\" stroke-width=\"1\"\/>\n    <\/svg><\/span><\/div><\/div><\/a><\/div><div class=\"inspiration-display__card\"><a href=\"https:\/\/www.lowcaly.com\/sv\/recept\/white-peach-mango-sorbet\/\" class=\"inspiration-display__card-link\"><div class=\"inspiration-display__image\"><img decoding=\"async\" src=\"https:\/\/www.lowcaly.com\/wp-content\/uploads\/2025\/11\/Thereseelgquist_ver2-7572-1-768x1152.jpg\" alt=\"White Peach Mango Sorbet\u00a0\" \/><\/div><div class=\"inspiration-display__content\"><div class=\"inspiration-display__meta\"><span class=\"inspiration-display__type inspiration-display__type--recipe\">Recept<\/span><\/div><h3 class=\"inspiration-display__title heading--small\">White Peach Mango Sorbet\u00a0<\/h3><div class=\"inspiration-display__excerpt content--medium\">En frisk och fruktig sorbet med smak av vit persika och mango &#8211; s\u00f6t, syrlig och full av smak. Ett&hellip;<\/div><div class=\"inspiration-display__link content--medium\"><span class=\"inspiration-display__read-more\">L\u00e4s mer<svg width=\"35\" height=\"12\" viewBox=\"0 0 35 14\" class=\"article-card-arrow\">\n        <line x1=\"0\" y1=\"8\" x2=\"35\" y2=\"8\" stroke=\"currentColor\" stroke-width=\"1\"\/>\n        <polyline points=\"30,4 35,8 30,12\" fill=\"none\" stroke=\"currentColor\" stroke-width=\"1\"\/>\n    <\/svg><\/span><\/div><\/div><\/a><\/div><div class=\"inspiration-display__card\"><a href=\"https:\/\/www.lowcaly.com\/sv\/recept\/fresh-fruit-drink\/\" class=\"inspiration-display__card-link\"><div class=\"inspiration-display__image\"><img decoding=\"async\" src=\"https:\/\/www.lowcaly.com\/wp-content\/uploads\/2025\/11\/Thereseelgquist7118-1-768x1152.jpg\" alt=\"Fresh\u00a0Fruit\u00a0Drink\" \/><\/div><div class=\"inspiration-display__content\"><div class=\"inspiration-display__meta\"><span class=\"inspiration-display__type inspiration-display__type--recipe\">Recept<\/span><\/div><h3 class=\"inspiration-display__title heading--small\">Fresh\u00a0Fruit\u00a0Drink<\/h3><div class=\"inspiration-display__excerpt content--medium\">Frisk t\u00f6rstsl\u00e4ckare med mango och apelsin &#8211; tropiskt, fruktigt och gott. En enkel favorit som alltid funkar.<\/div><div class=\"inspiration-display__link content--medium\"><span class=\"inspiration-display__read-more\">L\u00e4s mer<svg width=\"35\" height=\"12\" viewBox=\"0 0 35 14\" class=\"article-card-arrow\">\n        <line x1=\"0\" y1=\"8\" x2=\"35\" y2=\"8\" stroke=\"currentColor\" stroke-width=\"1\"\/>\n        <polyline points=\"30,4 35,8 30,12\" fill=\"none\" stroke=\"currentColor\" stroke-width=\"1\"\/>\n    <\/svg><\/span><\/div><\/div><\/a><\/div><div class=\"inspiration-display__card\"><a href=\"https:\/\/www.lowcaly.com\/sv\/recept\/strawberry-slush-yoghurt-drink\/\" class=\"inspiration-display__card-link\"><div class=\"inspiration-display__image\"><img decoding=\"async\" src=\"https:\/\/www.lowcaly.com\/wp-content\/uploads\/2025\/11\/DSCF7324-1-768x1152.jpg\" alt=\"Strawberry Slush Yoghurt Drink\" \/><\/div><div class=\"inspiration-display__content\"><div class=\"inspiration-display__meta\"><span class=\"inspiration-display__type inspiration-display__type--recipe\">Recept<\/span><\/div><h3 class=\"inspiration-display__title heading--small\">Strawberry Slush Yoghurt Drink<\/h3><div class=\"inspiration-display__excerpt content--medium\">Kr\u00e4mig, s\u00f6t och frisk dryck med smak av jordgubbar och mynta. En h\u00e4lsosammare jordgubbsslush som passar perfekt till b\u00e5de frukost,&hellip;<\/div><div class=\"inspiration-display__link content--medium\"><span class=\"inspiration-display__read-more\">L\u00e4s mer<svg width=\"35\" height=\"12\" viewBox=\"0 0 35 14\" class=\"article-card-arrow\">\n        <line x1=\"0\" y1=\"8\" x2=\"35\" y2=\"8\" stroke=\"currentColor\" stroke-width=\"1\"\/>\n        <polyline points=\"30,4 35,8 30,12\" fill=\"none\" stroke=\"currentColor\" stroke-width=\"1\"\/>\n    <\/svg><\/span><\/div><\/div><\/a><\/div><div class=\"inspiration-display__card\"><a href=\"https:\/\/www.lowcaly.com\/sv\/recept\/sparkling-raspberry-lemonade\/\" class=\"inspiration-display__card-link\"><div class=\"inspiration-display__image\"><img decoding=\"async\" src=\"https:\/\/www.lowcaly.com\/wp-content\/uploads\/2025\/10\/Rasberryrecept_Webb02-768x768.jpg\" alt=\"Sparkling Raspberry Lemonade\u00a0\" \/><\/div><div class=\"inspiration-display__content\"><div class=\"inspiration-display__meta\"><span class=\"inspiration-display__type inspiration-display__type--recipe\">Recept<\/span><\/div><h3 class=\"inspiration-display__title heading--small\">Sparkling Raspberry Lemonade\u00a0<\/h3><div class=\"inspiration-display__excerpt content--medium\">En fruktig och bubblande sockerfri t\u00f6rstsl\u00e4ckare med hallon, citron och fr\u00e4sch koriander. Perfekt n\u00e4r du vill ha n\u00e5got l\u00e4tt och&hellip;<\/div><div class=\"inspiration-display__link content--medium\"><span class=\"inspiration-display__read-more\">L\u00e4s mer<svg width=\"35\" height=\"12\" viewBox=\"0 0 35 14\" class=\"article-card-arrow\">\n        <line x1=\"0\" y1=\"8\" x2=\"35\" y2=\"8\" stroke=\"currentColor\" stroke-width=\"1\"\/>\n        <polyline points=\"30,4 35,8 30,12\" fill=\"none\" stroke=\"currentColor\" stroke-width=\"1\"\/>\n    <\/svg><\/span><\/div><\/div><\/a><\/div><\/div><\/div><\/div>\n\n\n<div class=\"wp-block-lowcaly-blocks-whitespace lowcaly-whitespace\" style=\"--desktop-height:3rem;--mobile-height:3rem;height:var(--desktop-height);display:block;width:100%\"><\/div>\n","protected":false},"excerpt":{"rendered":"","protected":false},"author":1,"featured_media":0,"parent":0,"menu_order":0,"comment_status":"closed","ping_status":"closed","template":"","meta":{"_acf_changed":false,"footnotes":""},"class_list":["post-671","page","type-page","status-publish","hentry"],"acf":[],"aioseo_notices":[],"_links":{"self":[{"href":"https:\/\/www.lowcaly.com\/sv\/wp-json\/wp\/v2\/pages\/671","targetHints":{"allow":["GET"]}}],"collection":[{"href":"https:\/\/www.lowcaly.com\/sv\/wp-json\/wp\/v2\/pages"}],"about":[{"href":"https:\/\/www.lowcaly.com\/sv\/wp-json\/wp\/v2\/types\/page"}],"author":[{"embeddable":true,"href":"https:\/\/www.lowcaly.com\/sv\/wp-json\/wp\/v2\/users\/1"}],"replies":[{"embeddable":true,"href":"https:\/\/www.lowcaly.com\/sv\/wp-json\/wp\/v2\/comments?post=671"}],"version-history":[{"count":0,"href":"https:\/\/www.lowcaly.com\/sv\/wp-json\/wp\/v2\/pages\/671\/revisions"}],"wp:attachment":[{"href":"https:\/\/www.lowcaly.com\/sv\/wp-json\/wp\/v2\/media?parent=671"}],"curies":[{"name":"wp","href":"https:\/\/api.w.org\/{rel}","templated":true}]}}