{"id":682,"date":"2025-09-21T12:21:40","date_gmt":"2025-09-21T12:21:40","guid":{"rendered":"http:\/\/lowcaly-new.local\/?page_id=682"},"modified":"2025-10-08T08:51:55","modified_gmt":"2025-10-08T08:51:55","slug":"cookiepolicy","status":"publish","type":"page","link":"https:\/\/www.lowcaly.com\/sv\/cookiepolicy\/","title":{"rendered":"Cookiepolicy"},"content":{"rendered":"\n<div class=\"wp-block-lowcaly-blocks-whitespace lowcaly-whitespace\" style=\"--desktop-height:4rem;--mobile-height:4rem;height:var(--desktop-height);display:block;width:100%\"><\/div>\n\n\n\n<div class=\"wp-block-lowcaly-blocks-button lowcaly-button-block max-width--site-default\"><div class=\"button-container\"><div class=\"button-wrapper\"><div class=\"button-item\"><a class=\"btn btn-border btn-primary\" href=\"https:\/\/www.lowcaly.com\/sv\/integritetspolicy\/\">Integritetspolicy<\/a><\/div><div class=\"button-item\"><a class=\"btn btn-border btn-primary\" href=\"https:\/\/www.lowcaly.com\/sv\/tavlingsvillkor\/\">T\u00e4vlingsvillkor<\/a><\/div><\/div><\/div><\/div>\n\n\n\n<div class=\"wp-block-lowcaly-blocks-whitespace lowcaly-whitespace\" style=\"--desktop-height:4rem;--mobile-height:4rem;height:var(--desktop-height);display:block;width:100%\"><\/div>\n\n\n\n<div class=\"wp-block-lowcaly-blocks-headline lowcaly-headline max-width--site-default\"><h1 class=\"headline headline-text heading--large color-primary text-align--center\">Cookiepolicy<\/h1><\/div>\n\n\n\n<div class=\"wp-block-lowcaly-blocks-whitespace lowcaly-whitespace\" style=\"--desktop-height:1rem;--mobile-height:1rem;height:var(--desktop-height);display:block;width:100%\"><\/div>\n\n\n\n<div class=\"wp-block-lowcaly-blocks-simple-content lowcaly-simple-content max-width--site-narrow\"><div class=\"simple-content-text content--medium color-primary text-align--left  \"><p>Njie Foods AB \u00e4r personuppgiftsansvarig f\u00f6r behandlingen av Personuppgifter genom v\u00e5ra digitala kanaler, s\u00e5som denna webbplats. Den h\u00e4r Integritetsskyddspolicyn \u00e4r till f\u00f6r att du som anv\u00e4ndare ska k\u00e4nna dig trygg med att vi som personuppgiftsansvarig hanterar dina uppgifter i enlighet med till\u00e4mplig integritetslagstiftning.<\/p><\/div><\/div>\n\n\n\n<div class=\"wp-block-lowcaly-blocks-whitespace lowcaly-whitespace\" style=\"--desktop-height:2rem;--mobile-height:2rem;height:var(--desktop-height);display:block;width:100%\"><\/div>\n\n\n\n<div class=\"wp-block-lowcaly-blocks-simple-content lowcaly-simple-content max-width--site-narrow\"><h2 class=\"simple-content-headline heading--medium color-primary text-align--left\">INTRODUKTION<\/h2><div class=\"simple-content-text content--medium color-primary text-align--left  \"><p>T\u00e4nk p\u00e5 att du genom att anv\u00e4nda de digitala kanalerna och\/eller n\u00e5gon av de produkter, erbjudanden, funktioner, verktyg, tj\u00e4nster eller resurser som vi tillhandah\u00e5ller (nedan \u201dTj\u00e4nsterna\u201d) godk\u00e4nner att vi behandlar Personuppgifter om dig, d\u00e4r behandlingen beh\u00f6vs f\u00f6r att vi ska kunna tillhandah\u00e5lla Tj\u00e4nsterna till dig. Du beh\u00f6ver inte l\u00e4mna n\u00e5gra Personuppgifter f\u00f6r att bes\u00f6ka de digitala kanalerna, men om du inte l\u00e4mnar beh\u00f6vd information eller uttryckligt samtycke i de fall d\u00e4r s\u00e5 kr\u00e4vs \u00e4r det m\u00f6jligt att du inte kan ta del av Tj\u00e4nsterna eller bes\u00f6ka alla delar av de digitala kanalerna.<\/p><p>Saknar du svar p\u00e5 n\u00e5gon fr\u00e5ga kan du h\u00f6ra av dig till oss. Information om hur du kontaktar oss finns under rubriken \u201dKontaktuppgifter\u201d nedan.<\/p><\/div><\/div>\n\n\n\n<div class=\"wp-block-lowcaly-blocks-whitespace lowcaly-whitespace\" style=\"--desktop-height:2rem;--mobile-height:2rem;height:var(--desktop-height);display:block;width:100%\"><\/div>\n\n\n\n<div class=\"wp-block-lowcaly-blocks-simple-content lowcaly-simple-content max-width--site-narrow\"><h2 class=\"simple-content-headline heading--medium color-primary text-align--left\">PERSONUPPGIFTER SOM BEHANDLAS<\/h2><div class=\"simple-content-text content--medium color-primary text-align--left  \"><p>Med Personuppgift avses all slags information som direkt eller indirekt kan h\u00e4nf\u00f6ras till en fysisk person som \u00e4r i livet.<\/p><p>Insamling och behandling av dina Personuppgifter sker enbart med ditt samtycke eller p\u00e5 grundval av befintligt avtal eller r\u00e4ttslig f\u00f6rpliktelse, t.ex. n\u00e4r vi m\u00e5ste spara uppgifterna enligt bokf\u00f6ringsregler. Undantag g\u00f6rs f\u00f6r s\u00e5dana fall d\u00e4r ett f\u00f6reg\u00e5ende samtycke inte \u00e4r m\u00f6jligt av praktiska sk\u00e4l, behandlingen av uppgifterna \u00e4nd\u00e5 \u00e4r till\u00e5ten enligt lag och vi har ett ber\u00e4ttigat intresse av att behandla Personuppgifterna, t.ex. f\u00f6r marknadsf\u00f6ring, uppf\u00f6ljning av Tj\u00e4nsterna eller f\u00f6r att ut\u00f6va eller f\u00f6rsvara oss mot r\u00e4ttsliga anspr\u00e5k, enligt en s.k. intresseavv\u00e4gning.<\/p><\/div><\/div>\n\n\n\n<div class=\"wp-block-lowcaly-blocks-whitespace lowcaly-whitespace\" style=\"--desktop-height:2rem;--mobile-height:2rem;height:var(--desktop-height);display:block;width:100%\"><\/div>\n\n\n\n<div class=\"wp-block-lowcaly-blocks-simple-content lowcaly-simple-content max-width--site-narrow\"><h2 class=\"simple-content-headline heading--medium color-primary text-align--left\">KUNDUPPGIFTER<\/h2><div class=\"simple-content-text content--medium color-primary text-align--left  \"><p>F\u00f6r att vi ska kunna hantera dina best\u00e4llningar och k\u00f6p beh\u00f6ver vi uppgifter om namn, adress, telefonnummer, e-post, personnummer (i vissa fall), betalningsinformation och betalningsalternativ samt \u00f6vrig information om din best\u00e4llning s\u00e5som produkt, leveransadress och ordernummer. Dessa uppgifter sparar vi i 36 m\u00e5nader fr\u00e5n det att leverans och betalning har skett f\u00f6r att kunna bist\u00e5 dig vid reklamationer eller andra garanti\u00e4renden. R\u00e4ttslig grund f\u00f6r behandlingen \u00e4r i detta fall v\u00e5rat avtalsf\u00f6rh\u00e5llande med dig enligt v\u00e5ra Allm\u00e4nna Anv\u00e4ndarvillkor.<\/p><p>Vi beh\u00f6ver \u00e4ven spara information om dig i form av namn, adress, betalningsinformation och betalningshistorik samt \u00f6vrig information om din best\u00e4llning i upp till 7 \u00e5r + innevarande \u00e5r med h\u00e4nsyn till bokf\u00f6ringslagen. Denna typ av information \u00e4r begr\u00e4nsad till v\u00e5r ekonomiavdelning och r\u00e4ttslig grund f\u00f6r behandlingen \u00e4r i detta fall en v\u00e5r lagstadgade f\u00f6rpliktelse.<\/p><p>Vid kontakt med kundtj\u00e4nst beh\u00f6ver vi oftast information av dig i form av namn, telefonnummer, e-post, personnummer, betalningsinformation och betalningshistorik, information om din best\u00e4llning samt \u00f6vrig information som du l\u00e4mnar till oss i din kommunikation kring ditt \u00e4rende. Den h\u00e4r typen av information sparar vi i 14 m\u00e5nader fr\u00e5n det att ditt \u00e4rende hos oss \u00e4r avslutat. R\u00e4ttslig grund f\u00f6r behandlingen \u00e4r i detta fall samtycke fr\u00e5n din sida och en intresseavv\u00e4gning fr\u00e5n v\u00e5r sida, d\u00e5 behandlingen \u00e4r n\u00f6dv\u00e4ndig f\u00f6r det aktuella \u00e4ndam\u00e5let.<\/p><p>F\u00f6r att vi ska kunna maximera din anv\u00e4ndarupplevelse p\u00e5 v\u00e5r site samt ge dig b\u00e4sta m\u00f6jliga produktrekommendationer behandlar vi information om IP-adress samt annan data som samlas in av cookies och liknande, exempelvis vilka produkter du klickat p\u00e5, favoriter samt shoppinghistorik. Denna information godk\u00e4nner du genom att ge samtycke till cookies n\u00e4r du f\u00f6rst bes\u00f6ker v\u00e5r site. Du kan n\u00e4r som helst rensa din cookiedata men det kan komma att p\u00e5verka din upplevelse av siten och vissa funktioner kan f\u00f6rs\u00e4mras i det fall du g\u00f6r det. R\u00e4ttslig grund f\u00f6r behandlingen \u00e4r \u00e4ven i detta fall samtycke fr\u00e5n din sida och en intresseavv\u00e4gning fr\u00e5n v\u00e5r sida, d\u00e5 behandlingen \u00e4r n\u00f6dv\u00e4ndig f\u00f6r det aktuella \u00e4ndam\u00e5let.<\/p><p>Du kan l\u00e4sa mer om insamling, delning och anv\u00e4ndning av data samt hur du begr\u00e4nsar insamlingen i andra kanaler genom att klicka p\u00e5 f\u00f6ljande l\u00e4nkar:<\/p><\/div><\/div>\n\n\n\n<div class=\"wp-block-lowcaly-blocks-whitespace lowcaly-whitespace\" style=\"--desktop-height:1rem;--mobile-height:1rem;height:var(--desktop-height);display:block;width:100%\"><\/div>\n\n\n\n<div class=\"wp-block-lowcaly-blocks-simple-content lowcaly-simple-content max-width--site-narrow\"><ul class=\"simple-content-text content--medium color-primary text-align--left content--list list--unordered list--dot list--padded list--spacing-default\"><li><a href=\"https:\/\/support.google.com\/adspolicy\/answer\/6020956\" data-type=\"link\" data-id=\"https:\/\/support.google.com\/adspolicy\/answer\/6020956\" target=\"_blank\" rel=\"noreferrer noopener\">Google<\/a><\/li><li><a href=\"https:\/\/www.facebook.com\/privacy\/policy\/\" data-type=\"link\" data-id=\"https:\/\/www.facebook.com\/privacy\/policy\/\" rel=\"nofollow\">Facebook<\/a><\/li><\/ul><\/div>\n\n\n\n<div class=\"wp-block-lowcaly-blocks-whitespace lowcaly-whitespace\" style=\"--desktop-height:2rem;--mobile-height:2rem;height:var(--desktop-height);display:block;width:100%\"><\/div>\n\n\n\n<div class=\"wp-block-lowcaly-blocks-simple-content lowcaly-simple-content max-width--site-narrow\"><div class=\"simple-content-text content--medium color-primary text-align--left  \"><p>N\u00e4r du registrerar dig f\u00f6r v\u00e5rt nyhetsbrev kommer vi att h\u00e4mta in ditt samtycke till att behandla uppgifter om dig i form av namn, adress, telefonnummer, e-post samt \u00f6vrig information du l\u00e4mnar t.ex. k\u00f6n, \u00e5lder, produktpreferenser. Om du v\u00e4ljer att avregistrera dig fr\u00e5n v\u00e5rt nyhetsbrev, s.k. opt-out, avbryter vi omg\u00e5ende v\u00e5ra utskick av nyhetsbrev till dig. Vi kan komma att spara din information i upp till 12 m\u00e5nader efter din avregistrering. R\u00e4ttslig grund f\u00f6r behandlingen \u00e4r ocks\u00e5 i detta fall samtycke fr\u00e5n din sida och en intresseavv\u00e4gning fr\u00e5n v\u00e5r sida, d\u00e5 behandlingen \u00e4r n\u00f6dv\u00e4ndig f\u00f6r det aktuella \u00e4ndam\u00e5let.<\/p><p>F\u00f6r att f\u00f6rhindra missbruk av v\u00e5ra tj\u00e4nster eller f\u00f6rhindra\/f\u00f6rebygga brott hanterar vi uppgifter om namn, adress, telefonnummer, e-post, betalningsinformation (exempelvis upprepade felaktiga kortnummerinmatningar) uppgifter om returer eller leveranser, IP-nummer, kundnoteringar och kundtj\u00e4nsthistorik. Vi sparar den h\u00e4r typen av uppgifter i 36 m\u00e5n efter att vi avslutat \u00e4rendet. R\u00e4ttslig grund f\u00f6r behandlingen \u00e4r i detta fall en s.k. intresseavv\u00e4gning.<\/p><p>F\u00f6r att kunna f\u00f6rb\u00e4ttra v\u00e5ra tj\u00e4nster, produkter och system samt analysera data behandlar vi uppgifter om dig kring k\u00f6p- och anv\u00e4ndarbeteende (exempelvis klick- och bes\u00f6kshistorik), tekniska data kring inst\u00e4llningar p\u00e5 olika enheter s\u00e5som spr\u00e5k, plattform, operativsystem och IP-adress, information om hur du integrerar med oss exempelvis hur du loggar in, var du bes\u00f6ker sidan, n\u00e4r du l\u00e4mnar sidan, hur du r\u00f6r dig p\u00e5 siten etc. Detta g\u00f6r vi genom analys p\u00e5 aggregerad niv\u00e5, dvs att analysen \u00e4r generell och inte p\u00e5 individniv\u00e5. Vi sparar s\u00e5dan data som underlag till analysen klartext i ett \u00e5r fr\u00e5n din senaste aktivitet, och sedan pseudonymiserar vi informationen, vilket inneb\u00e4r att det inte g\u00e5r att se vem som uppgifterna tillh\u00f6r. R\u00e4ttslig grund f\u00f6r behandlingen \u00e4r \u00e4ven i detta fall en s.k. intresseavv\u00e4gning.<\/p><p>Om du skulle \u00e5terv\u00e4nda inom tv\u00e5 \u00e5r ifr\u00e5n det att vi pseudonymiserat dina uppgifter, kopplar vi ihop dina uppgifter med ditt tidigare bes\u00f6k p\u00e5 v\u00e5r sajt och kan p\u00e5 s\u00e5 s\u00e4tt se att du \u00e4r en \u00e5terkommande kund, och b\u00e4ttre f\u00f6rst\u00e5 hur \u00e5terkommande kunder generellt anv\u00e4nder v\u00e5r sajt. Om det d\u00e4remot har g\u00e5tt mer \u00e4n tv\u00e5 \u00e5r sedan vi pseudonymiserade dina uppgifter, kan vi inte l\u00e4ngre koppla ihop uppgifterna, och din historik \u00e4r tom. Skulle du h\u00f6ra av dig till oss och vilja nyttja din r\u00e4tt att bli raderad kommer vi sj\u00e4lvklart heller inte att kunna \u00e5terkoppla n\u00e5gon information om dig.<\/p><\/div><\/div>\n\n\n\n<div class=\"wp-block-lowcaly-blocks-whitespace lowcaly-whitespace\" style=\"--desktop-height:4rem;--mobile-height:4rem;height:var(--desktop-height);display:block;width:100%\"><\/div>\n","protected":false},"excerpt":{"rendered":"","protected":false},"author":1,"featured_media":0,"parent":0,"menu_order":0,"comment_status":"closed","ping_status":"closed","template":"","meta":{"_acf_changed":false,"footnotes":""},"class_list":["post-682","page","type-page","status-publish","hentry"],"acf":[],"aioseo_notices":[],"_links":{"self":[{"href":"https:\/\/www.lowcaly.com\/sv\/wp-json\/wp\/v2\/pages\/682","targetHints":{"allow":["GET"]}}],"collection":[{"href":"https:\/\/www.lowcaly.com\/sv\/wp-json\/wp\/v2\/pages"}],"about":[{"href":"https:\/\/www.lowcaly.com\/sv\/wp-json\/wp\/v2\/types\/page"}],"author":[{"embeddable":true,"href":"https:\/\/www.lowcaly.com\/sv\/wp-json\/wp\/v2\/users\/1"}],"replies":[{"embeddable":true,"href":"https:\/\/www.lowcaly.com\/sv\/wp-json\/wp\/v2\/comments?post=682"}],"version-history":[{"count":0,"href":"https:\/\/www.lowcaly.com\/sv\/wp-json\/wp\/v2\/pages\/682\/revisions"}],"wp:attachment":[{"href":"https:\/\/www.lowcaly.com\/sv\/wp-json\/wp\/v2\/media?parent=682"}],"curies":[{"name":"wp","href":"https:\/\/api.w.org\/{rel}","templated":true}]}}